{"id":3725,"date":"2025-12-03T12:00:42","date_gmt":"2025-12-03T11:00:42","guid":{"rendered":"https:\/\/gmnsolarenergy.com\/?page_id=3725"},"modified":"2025-12-03T18:24:27","modified_gmt":"2025-12-03T17:24:27","slug":"go300-300w-288wh","status":"publish","type":"page","link":"https:\/\/gmnsolarenergy.com\/en\/generateurs-solaires\/go300-300w-288wh\/","title":{"rendered":"GO300 300W\/288WH"},"content":{"rendered":"<div data-elementor-type=\"wp-page\" data-elementor-id=\"3725\" class=\"elementor elementor-3725\">\n\t\t\t\t<div class=\"elementor-element elementor-element-6c3a455 e-flex e-con-boxed wpr-particle-no wpr-jarallax-no wpr-parallax-no wpr-sticky-section-no e-con e-parent\" data-id=\"6c3a455\" data-element_type=\"container\" data-settings=\"{&quot;background_background&quot;:&quot;classic&quot;}\">\n\t\t\t\t\t<div class=\"e-con-inner\">\n\t\t<div class=\"elementor-element elementor-element-34d18d8 e-con-full e-flex wpr-particle-no wpr-jarallax-no wpr-parallax-no wpr-sticky-section-no e-con e-child\" data-id=\"34d18d8\" data-element_type=\"container\">\n\t\t\t\t<div class=\"elementor-element elementor-element-fd5f694 elementor-widget elementor-widget-heading\" data-id=\"fd5f694\" data-element_type=\"widget\" data-widget_type=\"heading.default\">\n\t\t\t\t<div class=\"elementor-widget-container\">\n\t\t\t\t\t<h2 class=\"elementor-heading-title elementor-size-default\">Solar generators<\/h2>\t\t\t\t<\/div>\n\t\t\t\t<\/div>\n\t\t\t\t<div class=\"elementor-element elementor-element-934a34b elementor-widget elementor-widget-text-editor\" data-id=\"934a34b\" data-element_type=\"widget\" data-widget_type=\"text-editor.default\">\n\t\t\t\t<div class=\"elementor-widget-container\">\n\t\t\t\t\t\t\t\t\t<p>Choose the right solar generator for your daily needs<\/p>\t\t\t\t\t\t\t\t<\/div>\n\t\t\t\t<\/div>\n\t\t\t\t<\/div>\n\t\t\t\t\t<\/div>\n\t\t\t\t<\/div>\n\t\t\t\t<section class=\"elementor-section elementor-top-section elementor-element elementor-element-bfe6802 elementor-section-boxed elementor-section-height-default elementor-section-height-default wpr-particle-no wpr-jarallax-no wpr-parallax-no wpr-sticky-section-no\" data-id=\"bfe6802\" data-element_type=\"section\">\n\t\t\t\t\t\t<div class=\"elementor-container elementor-column-gap-default\">\n\t\t\t\t\t<div class=\"elementor-column elementor-col-50 elementor-top-column elementor-element elementor-element-55e85d7\" data-id=\"55e85d7\" data-element_type=\"column\">\n\t\t\t<div class=\"elementor-widget-wrap elementor-element-populated\">\n\t\t\t\t\t\t<div class=\"elementor-element elementor-element-44c3fb5 elementor-widget elementor-widget-heading\" data-id=\"44c3fb5\" data-element_type=\"widget\" data-widget_type=\"heading.default\">\n\t\t\t\t<div class=\"elementor-widget-container\">\n\t\t\t\t\t<h3 class=\"elementor-heading-title elementor-size-default\">GO300 300W\/288WH<\/h3>\t\t\t\t<\/div>\n\t\t\t\t<\/div>\n\t\t\t\t<div class=\"elementor-element elementor-element-5a46a49 elementor-widget elementor-widget-text-editor\" data-id=\"5a46a49\" data-element_type=\"widget\" data-widget_type=\"text-editor.default\">\n\t\t\t\t<div class=\"elementor-widget-container\">\n\t\t\t\t\t\t\t\t\t<p>Station d&rsquo;alimentation portable Go 300, batterie LiFePO4 288 Wh, prise secteur 300 W, deux ports USB-C 140 W, charge rapide PD 3.1, g\u00e9n\u00e9rateur solaire pour secours \u00e0 domicile, camping, voyages et urgences.<\/p>\t\t\t\t\t\t\t\t<\/div>\n\t\t\t\t<\/div>\n\t\t\t\t<div class=\"elementor-element elementor-element-6777faf wpr-button-icon-style-inline wpr-button-icon-position-right elementor-widget elementor-widget-wpr-button\" data-id=\"6777faf\" data-element_type=\"widget\" data-widget_type=\"wpr-button.default\">\n\t\t\t\t<div class=\"elementor-widget-container\">\n\t\t\t\t\t\t\n\t\t\t\n\t\t\n\t\t<div class=\"wpr-button-wrap elementor-clearfix\">\n\t\t<div class=\"wpr-button wpr-button-effect wpr-button-none\" data-text=\"\">\n\t\t\t\n\t\t\t<span class=\"wpr-button-content\">\n\t\t\t\t\t\t\t\t\t<span class=\"wpr-button-text\">Prix de vente : 124 450FCFA<\/span>\n\t\t\t\t\t\t\t\t\n\t\t\t\t\t\t\t<\/span>\n\t\t<\/div>\n\n\t\t\t\t<\/div>\n\t\n\t\n\t\t\t\t\t<\/div>\n\t\t\t\t<\/div>\n\t\t\t\t\t<\/div>\n\t\t<\/div>\n\t\t\t\t<div class=\"elementor-column elementor-col-50 elementor-top-column elementor-element elementor-element-46a926f\" data-id=\"46a926f\" data-element_type=\"column\">\n\t\t\t<div class=\"elementor-widget-wrap elementor-element-populated\">\n\t\t\t\t\t\t<div class=\"elementor-element elementor-element-4f639ad elementor-widget elementor-widget-image\" data-id=\"4f639ad\" data-element_type=\"widget\" data-widget_type=\"image.default\">\n\t\t\t\t<div class=\"elementor-widget-container\">\n\t\t\t\t\t\t\t\t\t\t\t\t\t\t\t<img fetchpriority=\"high\" decoding=\"async\" width=\"700\" height=\"716\" src=\"https:\/\/gmnsolarenergy.com\/wp-content\/uploads\/2025\/12\/GO300.jpg\" class=\"attachment-large size-large wp-image-3689\" alt=\"GO300 300W\/288WH\" srcset=\"https:\/\/gmnsolarenergy.com\/wp-content\/uploads\/2025\/12\/GO300.jpg 700w, https:\/\/gmnsolarenergy.com\/wp-content\/uploads\/2025\/12\/GO300-293x300.jpg 293w, https:\/\/gmnsolarenergy.com\/wp-content\/uploads\/2025\/12\/GO300-12x12.jpg 12w\" sizes=\"(max-width: 700px) 100vw, 700px\" \/>\t\t\t\t\t\t\t\t\t\t\t\t\t\t\t<\/div>\n\t\t\t\t<\/div>\n\t\t\t\t\t<\/div>\n\t\t<\/div>\n\t\t\t\t\t<\/div>\n\t\t<\/section>\n\t\t\t\t<\/div>","protected":false},"excerpt":{"rendered":"<p>G\u00e9n\u00e9rateurs solaires Choisissez le g\u00e9n\u00e9rateur solaire adapt\u00e9 \u00e0 vos besoins quotidiens GO300 300W\/288WH Station d&rsquo;alimentation portable Go 300, batterie LiFePO4 288 Wh, prise secteur 300 W, deux ports USB-C 140 W, charge rapide PD 3.1, g\u00e9n\u00e9rateur solaire pour secours \u00e0 domicile, camping, voyages et urgences. Prix de vente : 124 450FCFA<\/p>","protected":false},"author":1,"featured_media":0,"parent":1501,"menu_order":0,"comment_status":"closed","ping_status":"closed","template":"elementor_header_footer","meta":{"footnotes":""},"class_list":["post-3725","page","type-page","status-publish","hentry"],"blocksy_meta":[],"_links":{"self":[{"href":"https:\/\/gmnsolarenergy.com\/en\/wp-json\/wp\/v2\/pages\/3725","targetHints":{"allow":["GET"]}}],"collection":[{"href":"https:\/\/gmnsolarenergy.com\/en\/wp-json\/wp\/v2\/pages"}],"about":[{"href":"https:\/\/gmnsolarenergy.com\/en\/wp-json\/wp\/v2\/types\/page"}],"author":[{"embeddable":true,"href":"https:\/\/gmnsolarenergy.com\/en\/wp-json\/wp\/v2\/users\/1"}],"replies":[{"embeddable":true,"href":"https:\/\/gmnsolarenergy.com\/en\/wp-json\/wp\/v2\/comments?post=3725"}],"version-history":[{"count":4,"href":"https:\/\/gmnsolarenergy.com\/en\/wp-json\/wp\/v2\/pages\/3725\/revisions"}],"predecessor-version":[{"id":3729,"href":"https:\/\/gmnsolarenergy.com\/en\/wp-json\/wp\/v2\/pages\/3725\/revisions\/3729"}],"up":[{"embeddable":true,"href":"https:\/\/gmnsolarenergy.com\/en\/wp-json\/wp\/v2\/pages\/1501"}],"wp:attachment":[{"href":"https:\/\/gmnsolarenergy.com\/en\/wp-json\/wp\/v2\/media?parent=3725"}],"curies":[{"name":"wp","href":"https:\/\/api.w.org\/{rel}","templated":true}]}}