{"id":3720,"date":"2025-12-03T11:50:31","date_gmt":"2025-12-03T10:50:31","guid":{"rendered":"https:\/\/gmnsolarenergy.com\/?page_id=3720"},"modified":"2025-12-03T18:36:28","modified_gmt":"2025-12-03T17:36:28","slug":"home3000","status":"publish","type":"page","link":"https:\/\/gmnsolarenergy.com\/en\/generateurs-solaires\/home3000\/","title":{"rendered":"HOME3000"},"content":{"rendered":"<div data-elementor-type=\"wp-page\" data-elementor-id=\"3720\" class=\"elementor elementor-3720\">\n\t\t\t\t<div class=\"elementor-element elementor-element-7561737 e-flex e-con-boxed wpr-particle-no wpr-jarallax-no wpr-parallax-no wpr-sticky-section-no e-con e-parent\" data-id=\"7561737\" data-element_type=\"container\" data-settings=\"{&quot;background_background&quot;:&quot;classic&quot;}\">\n\t\t\t\t\t<div class=\"e-con-inner\">\n\t\t<div class=\"elementor-element elementor-element-e4acda3 e-con-full e-flex wpr-particle-no wpr-jarallax-no wpr-parallax-no wpr-sticky-section-no e-con e-child\" data-id=\"e4acda3\" data-element_type=\"container\">\n\t\t\t\t<div class=\"elementor-element elementor-element-0a9fa73 elementor-widget elementor-widget-heading\" data-id=\"0a9fa73\" data-element_type=\"widget\" data-widget_type=\"heading.default\">\n\t\t\t\t<div class=\"elementor-widget-container\">\n\t\t\t\t\t<h2 class=\"elementor-heading-title elementor-size-default\">Solar generators<\/h2>\t\t\t\t<\/div>\n\t\t\t\t<\/div>\n\t\t\t\t<div class=\"elementor-element elementor-element-c6382e5 elementor-widget elementor-widget-text-editor\" data-id=\"c6382e5\" data-element_type=\"widget\" data-widget_type=\"text-editor.default\">\n\t\t\t\t<div class=\"elementor-widget-container\">\n\t\t\t\t\t\t\t\t\t<p>Choose the right solar generator for your daily needs<\/p>\t\t\t\t\t\t\t\t<\/div>\n\t\t\t\t<\/div>\n\t\t\t\t<\/div>\n\t\t\t\t\t<\/div>\n\t\t\t\t<\/div>\n\t\t\t\t<section class=\"elementor-section elementor-top-section elementor-element elementor-element-3588aab elementor-section-boxed elementor-section-height-default elementor-section-height-default wpr-particle-no wpr-jarallax-no wpr-parallax-no wpr-sticky-section-no\" data-id=\"3588aab\" data-element_type=\"section\">\n\t\t\t\t\t\t<div class=\"elementor-container elementor-column-gap-default\">\n\t\t\t\t\t<div class=\"elementor-column elementor-col-50 elementor-top-column elementor-element elementor-element-21f6ad0\" data-id=\"21f6ad0\" data-element_type=\"column\">\n\t\t\t<div class=\"elementor-widget-wrap elementor-element-populated\">\n\t\t\t\t\t\t<div class=\"elementor-element elementor-element-70c514c elementor-widget elementor-widget-heading\" data-id=\"70c514c\" data-element_type=\"widget\" data-widget_type=\"heading.default\">\n\t\t\t\t<div class=\"elementor-widget-container\">\n\t\t\t\t\t<h3 class=\"elementor-heading-title elementor-size-default\">HOME3000<\/h3>\t\t\t\t<\/div>\n\t\t\t\t<\/div>\n\t\t\t\t<div class=\"elementor-element elementor-element-4f906a3 elementor-widget elementor-widget-text-editor\" data-id=\"4f906a3\" data-element_type=\"widget\" data-widget_type=\"text-editor.default\">\n\t\t\t\t<div class=\"elementor-widget-container\">\n\t\t\t\t\t\t\t\t\t<p>La centrale \u00e9lectrique portable Gendome Home 3000 est une nouvelle banque d&rsquo;alimentation portable haut de gamme qui offre une capacit\u00e9 de 3 kWh et offre une multitude d&rsquo;options de charge, y compris la charge solaire et \u00e9olienne. Avec une sortie CA de 3000 W, une puissance de surtension de 6000 W et uneccharge solaire de 1500W, c&rsquo;est plus que suffisant pour g\u00e9rer votre maison, votre ext\u00e9rieur ou votre \u00e9quipement professionnel lourd.<\/p><p>Dites adieu aux coupures de courant et profitez d&rsquo;un confort continu. Gr\u00e2ce \u00e0 sa puissance de 3 000 W, le Home 3000 vous offre une alimentation sans effort. Que vous ayez besoin d&rsquo;alimenter votre r\u00e9frig\u00e9rateur, votre climatiseur de fen\u00eatre ou m\u00eame un radiateur d&rsquo;appoint, le Home 3000 r\u00e9pond \u00e0 tous vos besoins.<\/p>\t\t\t\t\t\t\t\t<\/div>\n\t\t\t\t<\/div>\n\t\t\t\t<div class=\"elementor-element elementor-element-89addd6 wpr-button-icon-style-inline wpr-button-icon-position-right elementor-widget elementor-widget-wpr-button\" data-id=\"89addd6\" data-element_type=\"widget\" data-widget_type=\"wpr-button.default\">\n\t\t\t\t<div class=\"elementor-widget-container\">\n\t\t\t\t\t\t\n\t\t\t\n\t\t\n\t\t<div class=\"wpr-button-wrap elementor-clearfix\">\n\t\t<div class=\"wpr-button wpr-button-effect wpr-button-none\" data-text=\"\">\n\t\t\t\n\t\t\t<span class=\"wpr-button-content\">\n\t\t\t\t\t\t\t\t\t<span class=\"wpr-button-text\">Prix de vente : 1 179 000FCFA<\/span>\n\t\t\t\t\t\t\t\t\n\t\t\t\t\t\t\t<\/span>\n\t\t<\/div>\n\n\t\t\t\t<\/div>\n\t\n\t\n\t\t\t\t\t<\/div>\n\t\t\t\t<\/div>\n\t\t\t\t\t<\/div>\n\t\t<\/div>\n\t\t\t\t<div class=\"elementor-column elementor-col-50 elementor-top-column elementor-element elementor-element-0a9fb39\" data-id=\"0a9fb39\" data-element_type=\"column\">\n\t\t\t<div class=\"elementor-widget-wrap elementor-element-populated\">\n\t\t\t\t\t\t<div class=\"elementor-element elementor-element-076a990 elementor-widget elementor-widget-image\" data-id=\"076a990\" data-element_type=\"widget\" data-widget_type=\"image.default\">\n\t\t\t\t<div class=\"elementor-widget-container\">\n\t\t\t\t\t\t\t\t\t\t\t\t\t\t\t<img fetchpriority=\"high\" decoding=\"async\" width=\"730\" height=\"730\" src=\"https:\/\/gmnsolarenergy.com\/wp-content\/uploads\/2025\/12\/HOME300.jpg\" class=\"attachment-large size-large wp-image-3690\" alt=\"HOME300\" srcset=\"https:\/\/gmnsolarenergy.com\/wp-content\/uploads\/2025\/12\/HOME300.jpg 730w, https:\/\/gmnsolarenergy.com\/wp-content\/uploads\/2025\/12\/HOME300-300x300.jpg 300w, https:\/\/gmnsolarenergy.com\/wp-content\/uploads\/2025\/12\/HOME300-150x150.jpg 150w, https:\/\/gmnsolarenergy.com\/wp-content\/uploads\/2025\/12\/HOME300-12x12.jpg 12w\" sizes=\"(max-width: 730px) 100vw, 730px\" \/>\t\t\t\t\t\t\t\t\t\t\t\t\t\t\t<\/div>\n\t\t\t\t<\/div>\n\t\t\t\t\t<\/div>\n\t\t<\/div>\n\t\t\t\t\t<\/div>\n\t\t<\/section>\n\t\t\t\t<\/div>","protected":false},"excerpt":{"rendered":"<p>G\u00e9n\u00e9rateurs solaires Choisissez le g\u00e9n\u00e9rateur solaire adapt\u00e9 \u00e0 vos besoins quotidiens HOME3000 La centrale \u00e9lectrique portable Gendome Home 3000 est une nouvelle banque d&rsquo;alimentation portable haut de gamme qui offre une capacit\u00e9 de 3 kWh et offre une multitude d&rsquo;options de charge, y compris la charge solaire et \u00e9olienne. Avec une sortie CA de 3000 W, une puissance de surtension de 6000 W et uneccharge solaire de 1500W, c&rsquo;est plus que suffisant pour g\u00e9rer votre maison, votre ext\u00e9rieur ou votre \u00e9quipement professionnel lourd. Dites adieu aux coupures de courant et profitez d&rsquo;un confort continu. Gr\u00e2ce \u00e0 sa puissance de 3 000 W, le Home 3000 vous offre une alimentation sans effort. Que vous ayez besoin d&rsquo;alimenter votre r\u00e9frig\u00e9rateur, votre climatiseur de fen\u00eatre ou m\u00eame un radiateur d&rsquo;appoint, le Home 3000 r\u00e9pond \u00e0 tous vos besoins. Prix de vente : 1 179 000FCFA<\/p>","protected":false},"author":1,"featured_media":0,"parent":1501,"menu_order":0,"comment_status":"closed","ping_status":"closed","template":"elementor_header_footer","meta":{"footnotes":""},"class_list":["post-3720","page","type-page","status-publish","hentry"],"blocksy_meta":[],"_links":{"self":[{"href":"https:\/\/gmnsolarenergy.com\/en\/wp-json\/wp\/v2\/pages\/3720","targetHints":{"allow":["GET"]}}],"collection":[{"href":"https:\/\/gmnsolarenergy.com\/en\/wp-json\/wp\/v2\/pages"}],"about":[{"href":"https:\/\/gmnsolarenergy.com\/en\/wp-json\/wp\/v2\/types\/page"}],"author":[{"embeddable":true,"href":"https:\/\/gmnsolarenergy.com\/en\/wp-json\/wp\/v2\/users\/1"}],"replies":[{"embeddable":true,"href":"https:\/\/gmnsolarenergy.com\/en\/wp-json\/wp\/v2\/comments?post=3720"}],"version-history":[{"count":4,"href":"https:\/\/gmnsolarenergy.com\/en\/wp-json\/wp\/v2\/pages\/3720\/revisions"}],"predecessor-version":[{"id":3724,"href":"https:\/\/gmnsolarenergy.com\/en\/wp-json\/wp\/v2\/pages\/3720\/revisions\/3724"}],"up":[{"embeddable":true,"href":"https:\/\/gmnsolarenergy.com\/en\/wp-json\/wp\/v2\/pages\/1501"}],"wp:attachment":[{"href":"https:\/\/gmnsolarenergy.com\/en\/wp-json\/wp\/v2\/media?parent=3720"}],"curies":[{"name":"wp","href":"https:\/\/api.w.org\/{rel}","templated":true}]}}