{"id":3709,"date":"2025-12-03T11:40:03","date_gmt":"2025-12-03T10:40:03","guid":{"rendered":"https:\/\/gmnsolarenergy.com\/?page_id=3709"},"modified":"2025-12-03T18:57:50","modified_gmt":"2025-12-03T17:57:50","slug":"station-dalimentation-portable-oukitel-p800","status":"publish","type":"page","link":"https:\/\/gmnsolarenergy.com\/en\/generateurs-solaires\/station-dalimentation-portable-oukitel-p800\/","title":{"rendered":"Station d&rsquo;alimentation portable OUKITEL P800"},"content":{"rendered":"<div data-elementor-type=\"wp-page\" data-elementor-id=\"3709\" class=\"elementor elementor-3709\">\n\t\t\t\t<div class=\"elementor-element elementor-element-8238288 e-flex e-con-boxed wpr-particle-no wpr-jarallax-no wpr-parallax-no wpr-sticky-section-no e-con e-parent\" data-id=\"8238288\" data-element_type=\"container\" data-settings=\"{&quot;background_background&quot;:&quot;classic&quot;}\">\n\t\t\t\t\t<div class=\"e-con-inner\">\n\t\t<div class=\"elementor-element elementor-element-efe88e1 e-con-full e-flex wpr-particle-no wpr-jarallax-no wpr-parallax-no wpr-sticky-section-no e-con e-child\" data-id=\"efe88e1\" data-element_type=\"container\">\n\t\t\t\t<div class=\"elementor-element elementor-element-35a2b4b elementor-widget elementor-widget-heading\" data-id=\"35a2b4b\" data-element_type=\"widget\" data-widget_type=\"heading.default\">\n\t\t\t\t<div class=\"elementor-widget-container\">\n\t\t\t\t\t<h2 class=\"elementor-heading-title elementor-size-default\">Solar generators<\/h2>\t\t\t\t<\/div>\n\t\t\t\t<\/div>\n\t\t\t\t<div class=\"elementor-element elementor-element-4bc8cd2 elementor-widget elementor-widget-text-editor\" data-id=\"4bc8cd2\" data-element_type=\"widget\" data-widget_type=\"text-editor.default\">\n\t\t\t\t<div class=\"elementor-widget-container\">\n\t\t\t\t\t\t\t\t\t<p>Choose the right solar generator for your daily needs<\/p>\t\t\t\t\t\t\t\t<\/div>\n\t\t\t\t<\/div>\n\t\t\t\t<\/div>\n\t\t\t\t\t<\/div>\n\t\t\t\t<\/div>\n\t\t\t\t<section class=\"elementor-section elementor-top-section elementor-element elementor-element-4512a8d elementor-section-boxed elementor-section-height-default elementor-section-height-default wpr-particle-no wpr-jarallax-no wpr-parallax-no wpr-sticky-section-no\" data-id=\"4512a8d\" data-element_type=\"section\">\n\t\t\t\t\t\t<div class=\"elementor-container elementor-column-gap-default\">\n\t\t\t\t\t<div class=\"elementor-column elementor-col-50 elementor-top-column elementor-element elementor-element-3c22630\" data-id=\"3c22630\" data-element_type=\"column\">\n\t\t\t<div class=\"elementor-widget-wrap elementor-element-populated\">\n\t\t\t\t\t\t<div class=\"elementor-element elementor-element-7676271 elementor-widget elementor-widget-heading\" data-id=\"7676271\" data-element_type=\"widget\" data-widget_type=\"heading.default\">\n\t\t\t\t<div class=\"elementor-widget-container\">\n\t\t\t\t\t<h3 class=\"elementor-heading-title elementor-size-default\">Station d'alimentation portable OUKITEL<\/h3>\t\t\t\t<\/div>\n\t\t\t\t<\/div>\n\t\t\t\t<div class=\"elementor-element elementor-element-ad7538b elementor-widget elementor-widget-text-editor\" data-id=\"ad7538b\" data-element_type=\"widget\" data-widget_type=\"text-editor.default\">\n\t\t\t\t<div class=\"elementor-widget-container\">\n\t\t\t\t\t\t\t\t\t<p>OUKITEL P800 Centrale \u00e9lectrique portable, batterie de secours 512 Wh 800 W avec charge rapide CA+CC, g\u00e9n\u00e9rateur solaire pour camping.<\/p><p><strong>Haute capacit\u00e9 et haut rendement<\/strong><\/p><p>L&rsquo;OUKITEL P800 offre une capacit\u00e9 robuste de 512 Wh et une puissance de sortie de 800 W, offrant une alimentation fiable pour divers appareils. Il peut recharger vos t\u00e9l\u00e9phones portables, ordinateurs portables, lampes de camping et ordinateurs \u00e0 tout moment, qu&rsquo;ils soient branch\u00e9s ou non.<\/p><p><strong>Charge rapide et polyvalente<\/strong><\/p><p>Profitez de multiples options de charge avec une charge rapide CA de 500 W, une charge solaire maximale de 200 W et un temps de charge CA+CC impressionnant de seulement 55 minutes pour atteindre 0 \u00e0 100 %. Cette station d&rsquo;alimentation portable vous assure une alimentation \u00e9lectrique \u00e0 tout moment.<\/p><p><strong>Durable et durable<\/strong><\/p><p>\u00c9quip\u00e9 de batteries LiFePO4 de qualit\u00e9 VE, le P800 offre plus de 3 500 cycles de charge, garantissant une dur\u00e9e de vie de plus de 10 ans. Sa conception \u00e9tanche et r\u00e9sistante aux chutes le rend id\u00e9al pour une utilisation en ext\u00e9rieur et en situation d&rsquo;urgence.<\/p><p><strong>Sortie d&rsquo;onde sinuso\u00efdale pure<\/strong><\/p><p>Le P800 fournit une sortie CA sinuso\u00efdale pure de qualit\u00e9 \u00e9quivalente \u00e0 celle du r\u00e9seau \u00e9lectrique, garantissant une alimentation stable et s\u00fbre pour les appareils \u00e9lectroniques sensibles. Son isolateur de batterie intelligent et sa conception de circuit avanc\u00e9e am\u00e9liorent ses performances.<\/p><p><strong>L\u00e9ger et portable<\/strong><\/p><p>Pesant seulement 6 kg, le P800 est facile \u00e0 transporter. Son design compact tient confortablement dans la paume de la main, ce qui le rend id\u00e9al pour le camping, les aventures en plein air ou comme source d&rsquo;alimentation de secours \u00e0 la maison ou au bureau.<\/p>\t\t\t\t\t\t\t\t<\/div>\n\t\t\t\t<\/div>\n\t\t\t\t<div class=\"elementor-element elementor-element-fce2524 wpr-button-icon-style-inline wpr-button-icon-position-right elementor-widget elementor-widget-wpr-button\" data-id=\"fce2524\" data-element_type=\"widget\" data-widget_type=\"wpr-button.default\">\n\t\t\t\t<div class=\"elementor-widget-container\">\n\t\t\t\t\t\t\n\t\t\t\n\t\t\n\t\t<div class=\"wpr-button-wrap elementor-clearfix\">\n\t\t<div class=\"wpr-button wpr-button-effect wpr-button-none\" data-text=\"\">\n\t\t\t\n\t\t\t<span class=\"wpr-button-content\">\n\t\t\t\t\t\t\t\t\t<span class=\"wpr-button-text\">Prix de vente : 183 400FCFA<\/span>\n\t\t\t\t\t\t\t\t\n\t\t\t\t\t\t\t<\/span>\n\t\t<\/div>\n\n\t\t\t\t<\/div>\n\t\n\t\n\t\t\t\t\t<\/div>\n\t\t\t\t<\/div>\n\t\t\t\t\t<\/div>\n\t\t<\/div>\n\t\t\t\t<div class=\"elementor-column elementor-col-50 elementor-top-column elementor-element elementor-element-a36d57e\" data-id=\"a36d57e\" data-element_type=\"column\">\n\t\t\t<div class=\"elementor-widget-wrap elementor-element-populated\">\n\t\t\t\t\t\t<div class=\"elementor-element elementor-element-7ec8a44 elementor-widget elementor-widget-image\" data-id=\"7ec8a44\" data-element_type=\"widget\" data-widget_type=\"image.default\">\n\t\t\t\t<div class=\"elementor-widget-container\">\n\t\t\t\t\t\t\t\t\t\t\t\t\t\t\t<img fetchpriority=\"high\" decoding=\"async\" width=\"1024\" height=\"1024\" src=\"https:\/\/gmnsolarenergy.com\/wp-content\/uploads\/2025\/12\/Station-dalimentation-portable-OUKITEL-1024x1024.jpg\" class=\"attachment-large size-large wp-image-3695\" alt=\"Station-dalimentation-portable-OUKITEL\" srcset=\"https:\/\/gmnsolarenergy.com\/wp-content\/uploads\/2025\/12\/Station-dalimentation-portable-OUKITEL-1024x1024.jpg 1024w, https:\/\/gmnsolarenergy.com\/wp-content\/uploads\/2025\/12\/Station-dalimentation-portable-OUKITEL-300x300.jpg 300w, https:\/\/gmnsolarenergy.com\/wp-content\/uploads\/2025\/12\/Station-dalimentation-portable-OUKITEL-150x150.jpg 150w, https:\/\/gmnsolarenergy.com\/wp-content\/uploads\/2025\/12\/Station-dalimentation-portable-OUKITEL-768x768.jpg 768w, https:\/\/gmnsolarenergy.com\/wp-content\/uploads\/2025\/12\/Station-dalimentation-portable-OUKITEL-12x12.jpg 12w, https:\/\/gmnsolarenergy.com\/wp-content\/uploads\/2025\/12\/Station-dalimentation-portable-OUKITEL.jpg 1080w\" sizes=\"(max-width: 1024px) 100vw, 1024px\" \/>\t\t\t\t\t\t\t\t\t\t\t\t\t\t\t<\/div>\n\t\t\t\t<\/div>\n\t\t\t\t\t<\/div>\n\t\t<\/div>\n\t\t\t\t\t<\/div>\n\t\t<\/section>\n\t\t\t\t<\/div>","protected":false},"excerpt":{"rendered":"<p>G\u00e9n\u00e9rateurs solaires Choisissez le g\u00e9n\u00e9rateur solaire adapt\u00e9 \u00e0 vos besoins quotidiens Station d&rsquo;alimentation portable OUKITEL OUKITEL P800 Centrale \u00e9lectrique portable, batterie de secours 512 Wh 800 W avec charge rapide CA+CC, g\u00e9n\u00e9rateur solaire pour camping. Haute capacit\u00e9 et haut rendement L&rsquo;OUKITEL P800 offre une capacit\u00e9 robuste de 512 Wh et une puissance de sortie de 800 W, offrant une alimentation fiable pour divers appareils. Il peut recharger vos t\u00e9l\u00e9phones portables, ordinateurs portables, lampes de camping et ordinateurs \u00e0 tout moment, qu&rsquo;ils soient branch\u00e9s ou non. Charge rapide et polyvalente Profitez de multiples options de charge avec une charge rapide CA de 500 W, une charge solaire maximale de 200 W et un temps de charge CA+CC impressionnant de seulement 55 minutes pour atteindre 0 \u00e0 100 %. Cette station d&rsquo;alimentation portable vous assure une alimentation \u00e9lectrique \u00e0 tout moment. Durable et durable \u00c9quip\u00e9 de batteries LiFePO4 de qualit\u00e9 VE, le P800 offre plus de 3 500 cycles de charge, garantissant une dur\u00e9e de vie de plus de 10 ans. Sa conception \u00e9tanche et r\u00e9sistante aux chutes le rend id\u00e9al pour une utilisation en ext\u00e9rieur et en situation d&rsquo;urgence. Sortie d&rsquo;onde sinuso\u00efdale pure Le P800 fournit une sortie CA sinuso\u00efdale pure de qualit\u00e9 \u00e9quivalente \u00e0 celle du r\u00e9seau \u00e9lectrique, garantissant une alimentation stable et s\u00fbre pour les appareils \u00e9lectroniques sensibles. Son isolateur de batterie intelligent et sa conception de circuit avanc\u00e9e am\u00e9liorent ses performances. L\u00e9ger et portable Pesant seulement 6 kg, le P800 est facile \u00e0 transporter. Son design compact tient confortablement dans la paume de la main, ce qui le rend id\u00e9al pour le camping, les aventures en plein air ou comme source d&rsquo;alimentation de secours \u00e0 la maison ou au bureau. Prix de vente : 183 400FCFA<\/p>","protected":false},"author":1,"featured_media":0,"parent":1501,"menu_order":0,"comment_status":"closed","ping_status":"closed","template":"elementor_header_footer","meta":{"footnotes":""},"class_list":["post-3709","page","type-page","status-publish","hentry"],"blocksy_meta":[],"_links":{"self":[{"href":"https:\/\/gmnsolarenergy.com\/en\/wp-json\/wp\/v2\/pages\/3709","targetHints":{"allow":["GET"]}}],"collection":[{"href":"https:\/\/gmnsolarenergy.com\/en\/wp-json\/wp\/v2\/pages"}],"about":[{"href":"https:\/\/gmnsolarenergy.com\/en\/wp-json\/wp\/v2\/types\/page"}],"author":[{"embeddable":true,"href":"https:\/\/gmnsolarenergy.com\/en\/wp-json\/wp\/v2\/users\/1"}],"replies":[{"embeddable":true,"href":"https:\/\/gmnsolarenergy.com\/en\/wp-json\/wp\/v2\/comments?post=3709"}],"version-history":[{"count":10,"href":"https:\/\/gmnsolarenergy.com\/en\/wp-json\/wp\/v2\/pages\/3709\/revisions"}],"predecessor-version":[{"id":3719,"href":"https:\/\/gmnsolarenergy.com\/en\/wp-json\/wp\/v2\/pages\/3709\/revisions\/3719"}],"up":[{"embeddable":true,"href":"https:\/\/gmnsolarenergy.com\/en\/wp-json\/wp\/v2\/pages\/1501"}],"wp:attachment":[{"href":"https:\/\/gmnsolarenergy.com\/en\/wp-json\/wp\/v2\/media?parent=3709"}],"curies":[{"name":"wp","href":"https:\/\/api.w.org\/{rel}","templated":true}]}}