{"id":3704,"date":"2025-12-03T11:27:24","date_gmt":"2025-12-03T10:27:24","guid":{"rendered":"https:\/\/gmnsolarenergy.com\/?page_id=3704"},"modified":"2025-12-03T18:38:30","modified_gmt":"2025-12-03T17:38:30","slug":"oukitel-p1000-plus-1800w-1024wh","status":"publish","type":"page","link":"https:\/\/gmnsolarenergy.com\/en\/generateurs-solaires\/oukitel-p1000-plus-1800w-1024wh\/","title":{"rendered":"OUKITEL P1000 Plus 1800W\/1024WH"},"content":{"rendered":"<div data-elementor-type=\"wp-page\" data-elementor-id=\"3704\" class=\"elementor elementor-3704\">\n\t\t\t\t<div class=\"elementor-element elementor-element-24713f2 e-flex e-con-boxed wpr-particle-no wpr-jarallax-no wpr-parallax-no wpr-sticky-section-no e-con e-parent\" data-id=\"24713f2\" data-element_type=\"container\" data-settings=\"{&quot;background_background&quot;:&quot;classic&quot;}\">\n\t\t\t\t\t<div class=\"e-con-inner\">\n\t\t<div class=\"elementor-element elementor-element-8f3d159 e-con-full e-flex wpr-particle-no wpr-jarallax-no wpr-parallax-no wpr-sticky-section-no e-con e-child\" data-id=\"8f3d159\" data-element_type=\"container\">\n\t\t\t\t<div class=\"elementor-element elementor-element-bf89542 elementor-widget elementor-widget-heading\" data-id=\"bf89542\" data-element_type=\"widget\" data-widget_type=\"heading.default\">\n\t\t\t\t<div class=\"elementor-widget-container\">\n\t\t\t\t\t<h2 class=\"elementor-heading-title elementor-size-default\">Solar generators<\/h2>\t\t\t\t<\/div>\n\t\t\t\t<\/div>\n\t\t\t\t<div class=\"elementor-element elementor-element-99cda75 elementor-widget elementor-widget-text-editor\" data-id=\"99cda75\" data-element_type=\"widget\" data-widget_type=\"text-editor.default\">\n\t\t\t\t<div class=\"elementor-widget-container\">\n\t\t\t\t\t\t\t\t\t<p>Choose the right solar generator for your daily needs<\/p>\t\t\t\t\t\t\t\t<\/div>\n\t\t\t\t<\/div>\n\t\t\t\t<\/div>\n\t\t\t\t\t<\/div>\n\t\t\t\t<\/div>\n\t\t\t\t<section class=\"elementor-section elementor-top-section elementor-element elementor-element-76a8360 elementor-section-boxed elementor-section-height-default elementor-section-height-default wpr-particle-no wpr-jarallax-no wpr-parallax-no wpr-sticky-section-no\" data-id=\"76a8360\" data-element_type=\"section\">\n\t\t\t\t\t\t<div class=\"elementor-container elementor-column-gap-default\">\n\t\t\t\t\t<div class=\"elementor-column elementor-col-50 elementor-top-column elementor-element elementor-element-0c0e2d7\" data-id=\"0c0e2d7\" data-element_type=\"column\">\n\t\t\t<div class=\"elementor-widget-wrap elementor-element-populated\">\n\t\t\t\t\t\t<div class=\"elementor-element elementor-element-57dd9a5 elementor-widget elementor-widget-heading\" data-id=\"57dd9a5\" data-element_type=\"widget\" data-widget_type=\"heading.default\">\n\t\t\t\t<div class=\"elementor-widget-container\">\n\t\t\t\t\t<h3 class=\"elementor-heading-title elementor-size-default\">OUKITEL P1000 Plus 1800W\/1024WH<\/h3>\t\t\t\t<\/div>\n\t\t\t\t<\/div>\n\t\t\t\t<div class=\"elementor-element elementor-element-267b1af elementor-widget elementor-widget-text-editor\" data-id=\"267b1af\" data-element_type=\"widget\" data-widget_type=\"text-editor.default\">\n\t\t\t\t<div class=\"elementor-widget-container\">\n\t\t\t\t\t\t\t\t\t<p><strong>Grande capacit\u00e9 et portabilit\u00e9<\/strong><\/p><p>Le OUKITEL P1000 Plus est une centrale \u00e9lectrique portable dot\u00e9e d&rsquo;une capacit\u00e9 de batterie de 1024 Wh, ce qui la rend id\u00e9ale pour les aventures en plein air, l&rsquo;alimentation de secours et les voyages en camping-car. Pesant seulement 12 kg, il est plus l\u00e9ger et plus portable que les autres g\u00e9n\u00e9rateurs d&rsquo;ext\u00e9rieur de sa cat\u00e9gorie, ce qui garantit une facilit\u00e9 de transport lors de vos d\u00e9placements.<\/p><p><strong>Charge rapide et rendement \u00e9lev\u00e9<\/strong><\/p><p>\u00c9quip\u00e9 d&rsquo;une charge rapide CA de 1 200 W, le P1000 Plus peut atteindre 80 % de charge en seulement 60 minutes, ce qui vous fait gagner un temps pr\u00e9cieux. Avec une puissance de sortie ultra-\u00e9lev\u00e9e de 1 800 W, ce g\u00e9n\u00e9rateur solaire peut alimenter 99 % des appareils m\u00e9nagers, y compris les ordinateurs portables, les drones et les appareils de cuisine, ce qui le rend parfait pour une utilisation de secours \u00e0 domicile et en ext\u00e9rieur.<\/p><p><strong>Fonctionnement silencieux et efficace<\/strong><\/p><p>Le P1000 Plus fonctionne \u00e0 un niveau ultra-silencieux de 29 dB, garantissant un environnement paisible que vous campiez ou l&rsquo;utilisiez \u00e0 l&rsquo;int\u00e9rieur. Sa batterie LiFePO4 offre 4000 cycles de charge et une dur\u00e9e de vie de 10 ans, offrant une alimentation fiable et durable pour tous vos besoins.<\/p><p>Plusieurs options de chargement<\/p><p>Cette centrale \u00e9lectrique portable prend en charge la charge solaire, la charge de voiture et la charge double (CA + solaire), offrant une flexibilit\u00e9 dans la fa\u00e7on dont vous rechargez. Avec une entr\u00e9e solaire de 500 W, vous pouvez exploiter l&rsquo;\u00e9nergie du soleil pour r\u00e9duire les \u00e9missions de carbone et assurer une alimentation \u00e9lectrique continue pendant les activit\u00e9s de plein air.<\/p><p><strong>Contr\u00f4le intelligent des applications et fonctionnalit\u00e9s de s\u00e9curit\u00e9<\/strong><\/p><p>Le P1000 Plus est dot\u00e9 d&rsquo;une application de contr\u00f4le intelligente via WiFi et Bluetooth, vous permettant de g\u00e9rer la centrale \u00e9lectrique \u00e0 distance. Il est \u00e9quip\u00e9 de la batterie LiFePO4 la plus s\u00fbre, connue pour sa stabilit\u00e9 thermique et sa s\u00e9curit\u00e9, garantissant une tranquillit\u00e9 d&rsquo;esprit pendant l&rsquo;utilisation. De plus, il offre une fonctionnalit\u00e9 UPS transparente, passant \u00e0 l&rsquo;alimentation de secours en 10 ms en cas de panne de courant, prot\u00e9geant ainsi vos appareils et vos donn\u00e9es.<\/p><p>Panneau solaire<\/p><p><strong>Rendement de conversion \u00e9lev\u00e9<\/strong><\/p><p>Construit \u00e0 partir de cellules solaires monocristallines \u00e0 haut rendement, avec une efficacit\u00e9 de 21,7 %, le panneau OUKITEL PV200 peut convertir plus d&rsquo;\u00e9nergie solaire en \u00e9nergie utilisable, ce qui permet une production d&rsquo;\u00e9nergie plus \u00e9lev\u00e9e m\u00eame si la taille du panneau n&rsquo;est pas plus grande que celle des panneaux solaires ordinaires.<\/p>\t\t\t\t\t\t\t\t<\/div>\n\t\t\t\t<\/div>\n\t\t\t\t<div class=\"elementor-element elementor-element-a1ff39a wpr-button-icon-style-inline wpr-button-icon-position-right elementor-widget elementor-widget-wpr-button\" data-id=\"a1ff39a\" data-element_type=\"widget\" data-widget_type=\"wpr-button.default\">\n\t\t\t\t<div class=\"elementor-widget-container\">\n\t\t\t\t\t\t\n\t\t\t\n\t\t\n\t\t<div class=\"wpr-button-wrap elementor-clearfix\">\n\t\t<div class=\"wpr-button wpr-button-effect wpr-button-none\" data-text=\"\">\n\t\t\t\n\t\t\t<span class=\"wpr-button-content\">\n\t\t\t\t\t\t\t\t\t<span class=\"wpr-button-text\">Prix de vente : 560 000FCFA<\/span>\n\t\t\t\t\t\t\t\t\n\t\t\t\t\t\t\t<\/span>\n\t\t<\/div>\n\n\t\t\t\t<\/div>\n\t\n\t\n\t\t\t\t\t<\/div>\n\t\t\t\t<\/div>\n\t\t\t\t\t<\/div>\n\t\t<\/div>\n\t\t\t\t<div class=\"elementor-column elementor-col-50 elementor-top-column elementor-element elementor-element-8fb96a1\" data-id=\"8fb96a1\" data-element_type=\"column\">\n\t\t\t<div class=\"elementor-widget-wrap elementor-element-populated\">\n\t\t\t\t\t\t<div class=\"elementor-element elementor-element-6ae1ce8 elementor-widget elementor-widget-image\" data-id=\"6ae1ce8\" data-element_type=\"widget\" data-widget_type=\"image.default\">\n\t\t\t\t<div class=\"elementor-widget-container\">\n\t\t\t\t\t\t\t\t\t\t\t\t\t\t\t<img fetchpriority=\"high\" decoding=\"async\" width=\"1024\" height=\"1024\" src=\"https:\/\/gmnsolarenergy.com\/wp-content\/uploads\/2025\/12\/Le-OUKITEK-P1000Plus-1024x1024.jpg\" class=\"attachment-large size-large wp-image-3691\" alt=\"\" srcset=\"https:\/\/gmnsolarenergy.com\/wp-content\/uploads\/2025\/12\/Le-OUKITEK-P1000Plus-1024x1024.jpg 1024w, https:\/\/gmnsolarenergy.com\/wp-content\/uploads\/2025\/12\/Le-OUKITEK-P1000Plus-300x300.jpg 300w, https:\/\/gmnsolarenergy.com\/wp-content\/uploads\/2025\/12\/Le-OUKITEK-P1000Plus-150x150.jpg 150w, https:\/\/gmnsolarenergy.com\/wp-content\/uploads\/2025\/12\/Le-OUKITEK-P1000Plus-768x768.jpg 768w, https:\/\/gmnsolarenergy.com\/wp-content\/uploads\/2025\/12\/Le-OUKITEK-P1000Plus-1536x1536.jpg 1536w, https:\/\/gmnsolarenergy.com\/wp-content\/uploads\/2025\/12\/Le-OUKITEK-P1000Plus-12x12.jpg 12w, https:\/\/gmnsolarenergy.com\/wp-content\/uploads\/2025\/12\/Le-OUKITEK-P1000Plus.jpg 1600w\" sizes=\"(max-width: 1024px) 100vw, 1024px\" \/>\t\t\t\t\t\t\t\t\t\t\t\t\t\t\t<\/div>\n\t\t\t\t<\/div>\n\t\t\t\t\t<\/div>\n\t\t<\/div>\n\t\t\t\t\t<\/div>\n\t\t<\/section>\n\t\t\t\t<\/div>","protected":false},"excerpt":{"rendered":"<p>G\u00e9n\u00e9rateurs solaires Choisissez le g\u00e9n\u00e9rateur solaire adapt\u00e9 \u00e0 vos besoins quotidiens OUKITEL P1000 Plus 1800W\/1024WH Grande capacit\u00e9 et portabilit\u00e9 Le OUKITEL P1000 Plus est une centrale \u00e9lectrique portable dot\u00e9e d&rsquo;une capacit\u00e9 de batterie de 1024 Wh, ce qui la rend id\u00e9ale pour les aventures en plein air, l&rsquo;alimentation de secours et les voyages en camping-car. Pesant seulement 12 kg, il est plus l\u00e9ger et plus portable que les autres g\u00e9n\u00e9rateurs d&rsquo;ext\u00e9rieur de sa cat\u00e9gorie, ce qui garantit une facilit\u00e9 de transport lors de vos d\u00e9placements. Charge rapide et rendement \u00e9lev\u00e9 \u00c9quip\u00e9 d&rsquo;une charge rapide CA de 1 200 W, le P1000 Plus peut atteindre 80 % de charge en seulement 60 minutes, ce qui vous fait gagner un temps pr\u00e9cieux. Avec une puissance de sortie ultra-\u00e9lev\u00e9e de 1 800 W, ce g\u00e9n\u00e9rateur solaire peut alimenter 99 % des appareils m\u00e9nagers, y compris les ordinateurs portables, les drones et les appareils de cuisine, ce qui le rend parfait pour une utilisation de secours \u00e0 domicile et en ext\u00e9rieur. Fonctionnement silencieux et efficace Le P1000 Plus fonctionne \u00e0 un niveau ultra-silencieux de 29 dB, garantissant un environnement paisible que vous campiez ou l&rsquo;utilisiez \u00e0 l&rsquo;int\u00e9rieur. Sa batterie LiFePO4 offre 4000 cycles de charge et une dur\u00e9e de vie de 10 ans, offrant une alimentation fiable et durable pour tous vos besoins. Plusieurs options de chargement Cette centrale \u00e9lectrique portable prend en charge la charge solaire, la charge de voiture et la charge double (CA + solaire), offrant une flexibilit\u00e9 dans la fa\u00e7on dont vous rechargez. Avec une entr\u00e9e solaire de 500 W, vous pouvez exploiter l&rsquo;\u00e9nergie du soleil pour r\u00e9duire les \u00e9missions de carbone et assurer une alimentation \u00e9lectrique continue pendant les activit\u00e9s de plein air. Contr\u00f4le intelligent des applications et fonctionnalit\u00e9s de s\u00e9curit\u00e9 Le P1000 Plus est dot\u00e9 d&rsquo;une application de contr\u00f4le intelligente via WiFi et Bluetooth, vous permettant de g\u00e9rer la centrale \u00e9lectrique \u00e0 distance. Il est \u00e9quip\u00e9 de la batterie LiFePO4 la plus s\u00fbre, connue pour sa stabilit\u00e9 thermique et sa s\u00e9curit\u00e9, garantissant une tranquillit\u00e9 d&rsquo;esprit pendant l&rsquo;utilisation. De plus, il offre une fonctionnalit\u00e9 UPS transparente, passant \u00e0 l&rsquo;alimentation de secours en 10 ms en cas de panne de courant, prot\u00e9geant ainsi vos appareils et vos donn\u00e9es. Panneau solaire Rendement de conversion \u00e9lev\u00e9 Construit \u00e0 partir de cellules solaires monocristallines \u00e0 haut rendement, avec une efficacit\u00e9 de 21,7 %, le panneau OUKITEL PV200 peut convertir plus d&rsquo;\u00e9nergie solaire en \u00e9nergie utilisable, ce qui permet une production d&rsquo;\u00e9nergie plus \u00e9lev\u00e9e m\u00eame si la taille du panneau n&rsquo;est pas plus grande que celle des panneaux solaires ordinaires. Prix de vente : 560 000FCFA<\/p>","protected":false},"author":1,"featured_media":0,"parent":1501,"menu_order":0,"comment_status":"closed","ping_status":"closed","template":"elementor_header_footer","meta":{"footnotes":""},"class_list":["post-3704","page","type-page","status-publish","hentry"],"blocksy_meta":[],"_links":{"self":[{"href":"https:\/\/gmnsolarenergy.com\/en\/wp-json\/wp\/v2\/pages\/3704","targetHints":{"allow":["GET"]}}],"collection":[{"href":"https:\/\/gmnsolarenergy.com\/en\/wp-json\/wp\/v2\/pages"}],"about":[{"href":"https:\/\/gmnsolarenergy.com\/en\/wp-json\/wp\/v2\/types\/page"}],"author":[{"embeddable":true,"href":"https:\/\/gmnsolarenergy.com\/en\/wp-json\/wp\/v2\/users\/1"}],"replies":[{"embeddable":true,"href":"https:\/\/gmnsolarenergy.com\/en\/wp-json\/wp\/v2\/comments?post=3704"}],"version-history":[{"count":4,"href":"https:\/\/gmnsolarenergy.com\/en\/wp-json\/wp\/v2\/pages\/3704\/revisions"}],"predecessor-version":[{"id":3708,"href":"https:\/\/gmnsolarenergy.com\/en\/wp-json\/wp\/v2\/pages\/3704\/revisions\/3708"}],"up":[{"embeddable":true,"href":"https:\/\/gmnsolarenergy.com\/en\/wp-json\/wp\/v2\/pages\/1501"}],"wp:attachment":[{"href":"https:\/\/gmnsolarenergy.com\/en\/wp-json\/wp\/v2\/media?parent=3704"}],"curies":[{"name":"wp","href":"https:\/\/api.w.org\/{rel}","templated":true}]}}