{"id":3699,"date":"2025-12-03T11:17:04","date_gmt":"2025-12-03T10:17:04","guid":{"rendered":"https:\/\/gmnsolarenergy.com\/?page_id=3699"},"modified":"2025-12-03T18:42:15","modified_gmt":"2025-12-03T17:42:15","slug":"p1500-plus-1800w-1536wh","status":"publish","type":"page","link":"https:\/\/gmnsolarenergy.com\/en\/generateurs-solaires\/p1500-plus-1800w-1536wh\/","title":{"rendered":"P1500 Plus 1800w\/1536wh"},"content":{"rendered":"<div data-elementor-type=\"wp-page\" data-elementor-id=\"3699\" class=\"elementor elementor-3699\">\n\t\t\t\t<div class=\"elementor-element elementor-element-d3658b6 e-flex e-con-boxed wpr-particle-no wpr-jarallax-no wpr-parallax-no wpr-sticky-section-no e-con e-parent\" data-id=\"d3658b6\" data-element_type=\"container\" data-settings=\"{&quot;background_background&quot;:&quot;classic&quot;}\">\n\t\t\t\t\t<div class=\"e-con-inner\">\n\t\t<div class=\"elementor-element elementor-element-a5784bd e-con-full e-flex wpr-particle-no wpr-jarallax-no wpr-parallax-no wpr-sticky-section-no e-con e-child\" data-id=\"a5784bd\" data-element_type=\"container\">\n\t\t\t\t<div class=\"elementor-element elementor-element-57c15a4 elementor-widget elementor-widget-heading\" data-id=\"57c15a4\" data-element_type=\"widget\" data-widget_type=\"heading.default\">\n\t\t\t\t<div class=\"elementor-widget-container\">\n\t\t\t\t\t<h2 class=\"elementor-heading-title elementor-size-default\">Solar generators<\/h2>\t\t\t\t<\/div>\n\t\t\t\t<\/div>\n\t\t\t\t<div class=\"elementor-element elementor-element-99718ed elementor-widget elementor-widget-text-editor\" data-id=\"99718ed\" data-element_type=\"widget\" data-widget_type=\"text-editor.default\">\n\t\t\t\t<div class=\"elementor-widget-container\">\n\t\t\t\t\t\t\t\t\t<p>Choose the right solar generator for your daily needs<\/p>\t\t\t\t\t\t\t\t<\/div>\n\t\t\t\t<\/div>\n\t\t\t\t<\/div>\n\t\t\t\t\t<\/div>\n\t\t\t\t<\/div>\n\t\t\t\t<section class=\"elementor-section elementor-top-section elementor-element elementor-element-84238ef elementor-section-boxed elementor-section-height-default elementor-section-height-default wpr-particle-no wpr-jarallax-no wpr-parallax-no wpr-sticky-section-no\" data-id=\"84238ef\" data-element_type=\"section\">\n\t\t\t\t\t\t<div class=\"elementor-container elementor-column-gap-default\">\n\t\t\t\t\t<div class=\"elementor-column elementor-col-50 elementor-top-column elementor-element elementor-element-62685a5\" data-id=\"62685a5\" data-element_type=\"column\">\n\t\t\t<div class=\"elementor-widget-wrap elementor-element-populated\">\n\t\t\t\t\t\t<div class=\"elementor-element elementor-element-bf8433d elementor-widget elementor-widget-heading\" data-id=\"bf8433d\" data-element_type=\"widget\" data-widget_type=\"heading.default\">\n\t\t\t\t<div class=\"elementor-widget-container\">\n\t\t\t\t\t<h3 class=\"elementor-heading-title elementor-size-default\">P1500 Plus 1800w\/1536wh.<\/h3>\t\t\t\t<\/div>\n\t\t\t\t<\/div>\n\t\t\t\t<div class=\"elementor-element elementor-element-ee5c926 elementor-widget elementor-widget-text-editor\" data-id=\"ee5c926\" data-element_type=\"widget\" data-widget_type=\"text-editor.default\">\n\t\t\t\t<div class=\"elementor-widget-container\">\n\t\t\t\t\t\t\t\t\t<p>\u00c9quip\u00e9e d&rsquo;une batterie LiFePO4 1536Wh durable, <strong>la P1500 Plus offre 10 ans de dur\u00e9e de vie et 4000 cycles pour une fiabilit\u00e9 et une s\u00e9curit\u00e9 \u00e0 long terme.<\/strong><\/p><p>Sortie haute puissance 1800W pour 99% des appareils<\/p><p>Avec une sortie CA de 1800W, ce g\u00e9n\u00e9rateur solaire alimente 99% des appareils m\u00e9nagers, du r\u00e9frig\u00e9rateur aux ordinateurs \u2013 id\u00e9al pour les pannes et aventures en plein air.<\/p><p><strong>Chargement rapide 1200W en 1,25 heures<\/strong><\/p><p>La fonction de charge rapide CA 1200W recharge la P1500 Plus \u00e0 80% en seulement 1 heure et 15 minutes, gain de temps et commodit\u00e9.<\/p><p>Mode UPS sans interruption (&lt;10ms de commutation)<\/p><p>Fonctionne comme une alimentation de secours UPS fiable avec &lt;10ms de temps de commutation pour prot\u00e9ger les appareils sensibles comme les ordinateurs et \u00e9quipements m\u00e9dicaux.<\/p><p>Entr\u00e9e solaire 500W pour un chargement \u00e9cologique<\/p><p>Prend en charge une entr\u00e9e solaire de 500W pour une alimentation hors r\u00e9seau durable, r\u00e9duisant les \u00e9missions carbone tout en permettant une charge CA efficace.<\/p><p>Contr\u00f4le intelligent par appli WiFi\/Bluetooth<\/p><p>Surveillez et contr\u00f4lez la station d&rsquo;\u00e9nergie \u00e0 distance via l&rsquo;application \u2013 r\u00e9glez les param\u00e8tres et v\u00e9rifiez l&rsquo;\u00e9tat de la batterie partout.<\/p><p>Options de charge multiples pour flexibilit\u00e9<\/p><p>Charge via prise CA, panneaux solaires ou allume-cigare \u2013 solutions d&rsquo;alimentation polyvalentes pour maison, camping-car et urgences.<\/p><p><strong>Fonctionnement ultra-silencieux \u00e0 29dB<\/strong><\/p><p>La OUKITEL P1500 Plus fonctionne \u00e0 moins de 29dB \u2013 parfait pour camping, usage int\u00e9rieur ou urgences, silencieuse comme la nature.<\/p>\t\t\t\t\t\t\t\t<\/div>\n\t\t\t\t<\/div>\n\t\t\t\t<div class=\"elementor-element elementor-element-1837429 wpr-button-icon-style-inline wpr-button-icon-position-right elementor-widget elementor-widget-wpr-button\" data-id=\"1837429\" data-element_type=\"widget\" data-widget_type=\"wpr-button.default\">\n\t\t\t\t<div class=\"elementor-widget-container\">\n\t\t\t\t\t\t\n\t\t\t\n\t\t\n\t\t<div class=\"wpr-button-wrap elementor-clearfix\">\n\t\t<div class=\"wpr-button wpr-button-effect wpr-button-none\" data-text=\"\">\n\t\t\t\n\t\t\t<span class=\"wpr-button-content\">\n\t\t\t\t\t\t\t\t\t<span class=\"wpr-button-text\">Prix de vente : 609 150FCFA<\/span>\n\t\t\t\t\t\t\t\t\n\t\t\t\t\t\t\t<\/span>\n\t\t<\/div>\n\n\t\t\t\t<\/div>\n\t\n\t\n\t\t\t\t\t<\/div>\n\t\t\t\t<\/div>\n\t\t\t\t\t<\/div>\n\t\t<\/div>\n\t\t\t\t<div class=\"elementor-column elementor-col-50 elementor-top-column elementor-element elementor-element-b4252c8\" data-id=\"b4252c8\" data-element_type=\"column\">\n\t\t\t<div class=\"elementor-widget-wrap elementor-element-populated\">\n\t\t\t\t\t\t<div class=\"elementor-element elementor-element-498b1dc elementor-widget elementor-widget-image\" data-id=\"498b1dc\" data-element_type=\"widget\" data-widget_type=\"image.default\">\n\t\t\t\t<div class=\"elementor-widget-container\">\n\t\t\t\t\t\t\t\t\t\t\t\t\t\t\t<img fetchpriority=\"high\" decoding=\"async\" width=\"1024\" height=\"1024\" src=\"https:\/\/gmnsolarenergy.com\/wp-content\/uploads\/2025\/12\/P1500-Plus-1024x1024.jpg\" class=\"attachment-large size-large wp-image-3692\" alt=\"\" srcset=\"https:\/\/gmnsolarenergy.com\/wp-content\/uploads\/2025\/12\/P1500-Plus-1024x1024.jpg 1024w, https:\/\/gmnsolarenergy.com\/wp-content\/uploads\/2025\/12\/P1500-Plus-300x300.jpg 300w, https:\/\/gmnsolarenergy.com\/wp-content\/uploads\/2025\/12\/P1500-Plus-150x150.jpg 150w, https:\/\/gmnsolarenergy.com\/wp-content\/uploads\/2025\/12\/P1500-Plus-768x768.jpg 768w, https:\/\/gmnsolarenergy.com\/wp-content\/uploads\/2025\/12\/P1500-Plus-1536x1536.jpg 1536w, https:\/\/gmnsolarenergy.com\/wp-content\/uploads\/2025\/12\/P1500-Plus-12x12.jpg 12w, https:\/\/gmnsolarenergy.com\/wp-content\/uploads\/2025\/12\/P1500-Plus.jpg 1600w\" sizes=\"(max-width: 1024px) 100vw, 1024px\" \/>\t\t\t\t\t\t\t\t\t\t\t\t\t\t\t<\/div>\n\t\t\t\t<\/div>\n\t\t\t\t\t<\/div>\n\t\t<\/div>\n\t\t\t\t\t<\/div>\n\t\t<\/section>\n\t\t\t\t<\/div>","protected":false},"excerpt":{"rendered":"<p>G\u00e9n\u00e9rateurs solaires Choisissez le g\u00e9n\u00e9rateur solaire adapt\u00e9 \u00e0 vos besoins quotidiens P1500 Plus 1800w\/1536wh. \u00c9quip\u00e9e d&rsquo;une batterie LiFePO4 1536Wh durable, la P1500 Plus offre 10 ans de dur\u00e9e de vie et 4000 cycles pour une fiabilit\u00e9 et une s\u00e9curit\u00e9 \u00e0 long terme. Sortie haute puissance 1800W pour 99% des appareils Avec une sortie CA de 1800W, ce g\u00e9n\u00e9rateur solaire alimente 99% des appareils m\u00e9nagers, du r\u00e9frig\u00e9rateur aux ordinateurs \u2013 id\u00e9al pour les pannes et aventures en plein air. Chargement rapide 1200W en 1,25 heures La fonction de charge rapide CA 1200W recharge la P1500 Plus \u00e0 80% en seulement 1 heure et 15 minutes, gain de temps et commodit\u00e9. Mode UPS sans interruption (&lt;10ms de commutation) Fonctionne comme une alimentation de secours UPS fiable avec &lt;10ms de temps de commutation pour prot\u00e9ger les appareils sensibles comme les ordinateurs et \u00e9quipements m\u00e9dicaux. Entr\u00e9e solaire 500W pour un chargement \u00e9cologique Prend en charge une entr\u00e9e solaire de 500W pour une alimentation hors r\u00e9seau durable, r\u00e9duisant les \u00e9missions carbone tout en permettant une charge CA efficace. Contr\u00f4le intelligent par appli WiFi\/Bluetooth Surveillez et contr\u00f4lez la station d&rsquo;\u00e9nergie \u00e0 distance via l&rsquo;application \u2013 r\u00e9glez les param\u00e8tres et v\u00e9rifiez l&rsquo;\u00e9tat de la batterie partout. Options de charge multiples pour flexibilit\u00e9 Charge via prise CA, panneaux solaires ou allume-cigare \u2013 solutions d&rsquo;alimentation polyvalentes pour maison, camping-car et urgences. Fonctionnement ultra-silencieux \u00e0 29dB La OUKITEL P1500 Plus fonctionne \u00e0 moins de 29dB \u2013 parfait pour camping, usage int\u00e9rieur ou urgences, silencieuse comme la nature. Prix de vente : 609 150FCFA<\/p>","protected":false},"author":1,"featured_media":0,"parent":1501,"menu_order":0,"comment_status":"closed","ping_status":"closed","template":"elementor_header_footer","meta":{"footnotes":""},"class_list":["post-3699","page","type-page","status-publish","hentry"],"blocksy_meta":[],"_links":{"self":[{"href":"https:\/\/gmnsolarenergy.com\/en\/wp-json\/wp\/v2\/pages\/3699","targetHints":{"allow":["GET"]}}],"collection":[{"href":"https:\/\/gmnsolarenergy.com\/en\/wp-json\/wp\/v2\/pages"}],"about":[{"href":"https:\/\/gmnsolarenergy.com\/en\/wp-json\/wp\/v2\/types\/page"}],"author":[{"embeddable":true,"href":"https:\/\/gmnsolarenergy.com\/en\/wp-json\/wp\/v2\/users\/1"}],"replies":[{"embeddable":true,"href":"https:\/\/gmnsolarenergy.com\/en\/wp-json\/wp\/v2\/comments?post=3699"}],"version-history":[{"count":5,"href":"https:\/\/gmnsolarenergy.com\/en\/wp-json\/wp\/v2\/pages\/3699\/revisions"}],"predecessor-version":[{"id":3755,"href":"https:\/\/gmnsolarenergy.com\/en\/wp-json\/wp\/v2\/pages\/3699\/revisions\/3755"}],"up":[{"embeddable":true,"href":"https:\/\/gmnsolarenergy.com\/en\/wp-json\/wp\/v2\/pages\/1501"}],"wp:attachment":[{"href":"https:\/\/gmnsolarenergy.com\/en\/wp-json\/wp\/v2\/media?parent=3699"}],"curies":[{"name":"wp","href":"https:\/\/api.w.org\/{rel}","templated":true}]}}