{"id":3684,"date":"2025-12-03T10:58:33","date_gmt":"2025-12-03T09:58:33","guid":{"rendered":"https:\/\/gmnsolarenergy.com\/?page_id=3684"},"modified":"2025-12-03T18:45:57","modified_gmt":"2025-12-03T17:45:57","slug":"p5000-pro","status":"publish","type":"page","link":"https:\/\/gmnsolarenergy.com\/en\/generateurs-solaires\/p5000-pro\/","title":{"rendered":"P5000 PRO."},"content":{"rendered":"<div data-elementor-type=\"wp-page\" data-elementor-id=\"3684\" class=\"elementor elementor-3684\">\n\t\t\t\t<div class=\"elementor-element elementor-element-e3eb939 e-flex e-con-boxed wpr-particle-no wpr-jarallax-no wpr-parallax-no wpr-sticky-section-no e-con e-parent\" data-id=\"e3eb939\" data-element_type=\"container\" data-settings=\"{&quot;background_background&quot;:&quot;classic&quot;}\">\n\t\t\t\t\t<div class=\"e-con-inner\">\n\t\t<div class=\"elementor-element elementor-element-ae82306 e-con-full e-flex wpr-particle-no wpr-jarallax-no wpr-parallax-no wpr-sticky-section-no e-con e-child\" data-id=\"ae82306\" data-element_type=\"container\">\n\t\t\t\t<div class=\"elementor-element elementor-element-ae28fbc elementor-widget elementor-widget-heading\" data-id=\"ae28fbc\" data-element_type=\"widget\" data-widget_type=\"heading.default\">\n\t\t\t\t<div class=\"elementor-widget-container\">\n\t\t\t\t\t<h2 class=\"elementor-heading-title elementor-size-default\">Solar generators<\/h2>\t\t\t\t<\/div>\n\t\t\t\t<\/div>\n\t\t\t\t<div class=\"elementor-element elementor-element-9216672 elementor-widget elementor-widget-text-editor\" data-id=\"9216672\" data-element_type=\"widget\" data-widget_type=\"text-editor.default\">\n\t\t\t\t<div class=\"elementor-widget-container\">\n\t\t\t\t\t\t\t\t\t<p>Choose the right solar generator for your daily needs<\/p>\t\t\t\t\t\t\t\t<\/div>\n\t\t\t\t<\/div>\n\t\t\t\t<\/div>\n\t\t\t\t\t<\/div>\n\t\t\t\t<\/div>\n\t\t\t\t<section class=\"elementor-section elementor-top-section elementor-element elementor-element-d8424de elementor-section-boxed elementor-section-height-default elementor-section-height-default wpr-particle-no wpr-jarallax-no wpr-parallax-no wpr-sticky-section-no\" data-id=\"d8424de\" data-element_type=\"section\">\n\t\t\t\t\t\t<div class=\"elementor-container elementor-column-gap-default\">\n\t\t\t\t\t<div class=\"elementor-column elementor-col-50 elementor-top-column elementor-element elementor-element-21d3104\" data-id=\"21d3104\" data-element_type=\"column\">\n\t\t\t<div class=\"elementor-widget-wrap elementor-element-populated\">\n\t\t\t\t\t\t<div class=\"elementor-element elementor-element-c34e567 elementor-widget elementor-widget-heading\" data-id=\"c34e567\" data-element_type=\"widget\" data-widget_type=\"heading.default\">\n\t\t\t\t<div class=\"elementor-widget-container\">\n\t\t\t\t\t<h3 class=\"elementor-heading-title elementor-size-default\">P5000 PR0.<\/h3>\t\t\t\t<\/div>\n\t\t\t\t<\/div>\n\t\t\t\t<div class=\"elementor-element elementor-element-b6399aa elementor-widget elementor-widget-text-editor\" data-id=\"b6399aa\" data-element_type=\"widget\" data-widget_type=\"text-editor.default\">\n\t\t\t\t<div class=\"elementor-widget-container\">\n\t\t\t\t\t\t\t\t\t<p><strong>Puissance de sortie CA 4000 W pour utilisation intensive<\/strong><\/p><p>Faites fonctionner des appareils \u00e0 haute puissance sans les surcharger, comme les outils \u00e9lectriques robustes dans les petites entreprises et les sc\u00e9narios r\u00e9sidentiels.<\/p><p>Plus d&rsquo;obscurit\u00e9, plus de soucis<\/p><p>Associ\u00e9 \u00e0 un commutateur de transfert automatique \u00e0 double alimentation, l&rsquo;alimentation du P5000 Pro s&rsquo;allume lorsque l&rsquo;alimentation du r\u00e9seau est coup\u00e9e, ce qui permet \u00e0 vos appareils \u00e9lectrom\u00e9nagers de fonctionner sans probl\u00e8me et vous offre une tranquillit\u00e9 d&rsquo;esprit en cas d&rsquo;urgence.<\/p><p><strong>80% en seulement 1 heure<\/strong><\/p><p>Combinez jusqu&rsquo;\u00e0 1 000 W de puissance solaire avec une entr\u00e9e CA de 3 200 W pour des vitesses de charge de pointe. En seulement 1 heure, obtenez une charge \u00e0 80 %. Ou restez sur le CA pour une charge \u00e0 80 % en 15 heures.<\/p><p><strong>Batterie de 5000 cycles con\u00e7ue pour durer 10 ans<\/strong><\/p><p>La P5000 Pro est une batterie LiFePO4 s\u00fbre, stable et durable. Elle vous offrira 5000 cycles, ce qui permettra \u00e0 votre batterie de durer jusqu&rsquo;\u00e0 10 ans.<\/p><p>Contr\u00f4le intelligent de la temp\u00e9rature<\/p><p>La tige de temp\u00e9rature constante garantit que la centrale \u00e9lectrique P5000 Pro fonctionne \u00e0 des temp\u00e9ratures optimales et la prot\u00e8ge contre la surchauffe et les pertes potentielles.<\/p><p>Contr\u00f4le en temps r\u00e9el \u00e0 port\u00e9e de main<\/p><p>Que vous soyez \u00e0 la maison ou en d\u00e9placement, vous pouvez surveiller et g\u00e9rer la batterie directement depuis votre t\u00e9l\u00e9phone avec l&rsquo;application via WiFi ou Bluetooth.<\/p><p><strong>OUKITEL P5000 Pro<\/strong> Solution d&rsquo;alimentation de secours pour toute la maison<\/p>\t\t\t\t\t\t\t\t<\/div>\n\t\t\t\t<\/div>\n\t\t\t\t<div class=\"elementor-element elementor-element-d0fbcd4 wpr-button-icon-style-inline wpr-button-icon-position-right elementor-widget elementor-widget-wpr-button\" data-id=\"d0fbcd4\" data-element_type=\"widget\" data-widget_type=\"wpr-button.default\">\n\t\t\t\t<div class=\"elementor-widget-container\">\n\t\t\t\t\t\t\n\t\t\t\n\t\t\n\t\t<div class=\"wpr-button-wrap elementor-clearfix\">\n\t\t<div class=\"wpr-button wpr-button-effect wpr-button-none\" data-text=\"\">\n\t\t\t\n\t\t\t<span class=\"wpr-button-content\">\n\t\t\t\t\t\t\t\t\t<span class=\"wpr-button-text\">Prix de vente : 1 899 500FCFA<\/span>\n\t\t\t\t\t\t\t\t\n\t\t\t\t\t\t\t<\/span>\n\t\t<\/div>\n\n\t\t\t\t<\/div>\n\t\n\t\n\t\t\t\t\t<\/div>\n\t\t\t\t<\/div>\n\t\t\t\t\t<\/div>\n\t\t<\/div>\n\t\t\t\t<div class=\"elementor-column elementor-col-50 elementor-top-column elementor-element elementor-element-764f262\" data-id=\"764f262\" data-element_type=\"column\">\n\t\t\t<div class=\"elementor-widget-wrap elementor-element-populated\">\n\t\t\t\t\t\t<div class=\"elementor-element elementor-element-a008ee0 elementor-widget elementor-widget-image\" data-id=\"a008ee0\" data-element_type=\"widget\" data-widget_type=\"image.default\">\n\t\t\t\t<div class=\"elementor-widget-container\">\n\t\t\t\t\t\t\t\t\t\t\t\t\t\t\t<img fetchpriority=\"high\" decoding=\"async\" width=\"900\" height=\"900\" src=\"https:\/\/gmnsolarenergy.com\/wp-content\/uploads\/2025\/12\/P5000-PRO.jpg\" class=\"attachment-large size-large wp-image-3693\" alt=\"P5000-PRO\" srcset=\"https:\/\/gmnsolarenergy.com\/wp-content\/uploads\/2025\/12\/P5000-PRO.jpg 900w, https:\/\/gmnsolarenergy.com\/wp-content\/uploads\/2025\/12\/P5000-PRO-300x300.jpg 300w, https:\/\/gmnsolarenergy.com\/wp-content\/uploads\/2025\/12\/P5000-PRO-150x150.jpg 150w, https:\/\/gmnsolarenergy.com\/wp-content\/uploads\/2025\/12\/P5000-PRO-768x768.jpg 768w, https:\/\/gmnsolarenergy.com\/wp-content\/uploads\/2025\/12\/P5000-PRO-12x12.jpg 12w\" sizes=\"(max-width: 900px) 100vw, 900px\" \/>\t\t\t\t\t\t\t\t\t\t\t\t\t\t\t<\/div>\n\t\t\t\t<\/div>\n\t\t\t\t\t<\/div>\n\t\t<\/div>\n\t\t\t\t\t<\/div>\n\t\t<\/section>\n\t\t\t\t<\/div>","protected":false},"excerpt":{"rendered":"<p>G\u00e9n\u00e9rateurs solaires Choisissez le g\u00e9n\u00e9rateur solaire adapt\u00e9 \u00e0 vos besoins quotidiens P5000 PR0. Puissance de sortie CA 4000 W pour utilisation intensive Faites fonctionner des appareils \u00e0 haute puissance sans les surcharger, comme les outils \u00e9lectriques robustes dans les petites entreprises et les sc\u00e9narios r\u00e9sidentiels. Plus d&rsquo;obscurit\u00e9, plus de soucis Associ\u00e9 \u00e0 un commutateur de transfert automatique \u00e0 double alimentation, l&rsquo;alimentation du P5000 Pro s&rsquo;allume lorsque l&rsquo;alimentation du r\u00e9seau est coup\u00e9e, ce qui permet \u00e0 vos appareils \u00e9lectrom\u00e9nagers de fonctionner sans probl\u00e8me et vous offre une tranquillit\u00e9 d&rsquo;esprit en cas d&rsquo;urgence. 80% en seulement 1 heure Combinez jusqu&rsquo;\u00e0 1 000 W de puissance solaire avec une entr\u00e9e CA de 3 200 W pour des vitesses de charge de pointe. En seulement 1 heure, obtenez une charge \u00e0 80 %. Ou restez sur le CA pour une charge \u00e0 80 % en 15 heures. Batterie de 5000 cycles con\u00e7ue pour durer 10 ans La P5000 Pro est une batterie LiFePO4 s\u00fbre, stable et durable. Elle vous offrira 5000 cycles, ce qui permettra \u00e0 votre batterie de durer jusqu&rsquo;\u00e0 10 ans. Contr\u00f4le intelligent de la temp\u00e9rature La tige de temp\u00e9rature constante garantit que la centrale \u00e9lectrique P5000 Pro fonctionne \u00e0 des temp\u00e9ratures optimales et la prot\u00e8ge contre la surchauffe et les pertes potentielles. Contr\u00f4le en temps r\u00e9el \u00e0 port\u00e9e de main Que vous soyez \u00e0 la maison ou en d\u00e9placement, vous pouvez surveiller et g\u00e9rer la batterie directement depuis votre t\u00e9l\u00e9phone avec l&rsquo;application via WiFi ou Bluetooth. OUKITEL P5000 Pro Solution d&rsquo;alimentation de secours pour toute la maison Prix de vente : 1 899 500FCFA<\/p>","protected":false},"author":1,"featured_media":0,"parent":1501,"menu_order":0,"comment_status":"closed","ping_status":"closed","template":"elementor_header_footer","meta":{"footnotes":""},"class_list":["post-3684","page","type-page","status-publish","hentry"],"blocksy_meta":[],"_links":{"self":[{"href":"https:\/\/gmnsolarenergy.com\/en\/wp-json\/wp\/v2\/pages\/3684","targetHints":{"allow":["GET"]}}],"collection":[{"href":"https:\/\/gmnsolarenergy.com\/en\/wp-json\/wp\/v2\/pages"}],"about":[{"href":"https:\/\/gmnsolarenergy.com\/en\/wp-json\/wp\/v2\/types\/page"}],"author":[{"embeddable":true,"href":"https:\/\/gmnsolarenergy.com\/en\/wp-json\/wp\/v2\/users\/1"}],"replies":[{"embeddable":true,"href":"https:\/\/gmnsolarenergy.com\/en\/wp-json\/wp\/v2\/comments?post=3684"}],"version-history":[{"count":7,"href":"https:\/\/gmnsolarenergy.com\/en\/wp-json\/wp\/v2\/pages\/3684\/revisions"}],"predecessor-version":[{"id":3757,"href":"https:\/\/gmnsolarenergy.com\/en\/wp-json\/wp\/v2\/pages\/3684\/revisions\/3757"}],"up":[{"embeddable":true,"href":"https:\/\/gmnsolarenergy.com\/en\/wp-json\/wp\/v2\/pages\/1501"}],"wp:attachment":[{"href":"https:\/\/gmnsolarenergy.com\/en\/wp-json\/wp\/v2\/media?parent=3684"}],"curies":[{"name":"wp","href":"https:\/\/api.w.org\/{rel}","templated":true}]}}