{"id":2232,"date":"2025-05-14T12:39:26","date_gmt":"2025-05-14T10:39:26","guid":{"rendered":"https:\/\/gmnsolarenergy.com\/?page_id=2232"},"modified":"2025-06-12T11:18:55","modified_gmt":"2025-06-12T09:18:55","slug":"powerbank-solaires","status":"publish","type":"page","link":"https:\/\/gmnsolarenergy.com\/en\/powerbank-solaires\/","title":{"rendered":"Solar powerbanks"},"content":{"rendered":"<div data-elementor-type=\"wp-page\" data-elementor-id=\"2232\" class=\"elementor elementor-2232\">\n\t\t\t\t<div class=\"elementor-element elementor-element-fd06e4d e-flex e-con-boxed wpr-particle-no wpr-jarallax-no wpr-parallax-no wpr-sticky-section-no e-con e-parent\" data-id=\"fd06e4d\" data-element_type=\"container\" data-settings=\"{&quot;background_background&quot;:&quot;classic&quot;}\">\n\t\t\t\t\t<div class=\"e-con-inner\">\n\t\t<div class=\"elementor-element elementor-element-0584f3e e-con-full e-flex wpr-particle-no wpr-jarallax-no wpr-parallax-no wpr-sticky-section-no e-con e-child\" data-id=\"0584f3e\" data-element_type=\"container\">\n\t\t\t\t<div class=\"elementor-element elementor-element-a28a2cb elementor-widget elementor-widget-heading\" data-id=\"a28a2cb\" data-element_type=\"widget\" data-widget_type=\"heading.default\">\n\t\t\t\t<div class=\"elementor-widget-container\">\n\t\t\t\t\t<h2 class=\"elementor-heading-title elementor-size-default\">Solar powerbanks<\/h2>\t\t\t\t<\/div>\n\t\t\t\t<\/div>\n\t\t\t\t<div class=\"elementor-element elementor-element-704a669 elementor-widget elementor-widget-text-editor\" data-id=\"704a669\" data-element_type=\"widget\" data-widget_type=\"text-editor.default\">\n\t\t\t\t<div class=\"elementor-widget-container\">\n\t\t\t\t\t\t\t\t\t<p>Our solar powerbanks will keep your phone charged wherever you are.<\/p>\t\t\t\t\t\t\t\t<\/div>\n\t\t\t\t<\/div>\n\t\t\t\t<\/div>\n\t\t\t\t\t<\/div>\n\t\t\t\t<\/div>\n\t\t<div class=\"elementor-element elementor-element-f74560d e-flex e-con-boxed wpr-particle-no wpr-jarallax-no wpr-parallax-no wpr-sticky-section-no e-con e-parent\" data-id=\"f74560d\" data-element_type=\"container\">\n\t\t\t\t\t<div class=\"e-con-inner\">\n\t\t<div class=\"elementor-element elementor-element-6c856f4 e-con-full e-flex wpr-particle-no wpr-jarallax-no wpr-parallax-no wpr-sticky-section-no e-con e-child\" data-id=\"6c856f4\" data-element_type=\"container\">\n\t\t\t\t<div class=\"elementor-element elementor-element-2fab1f6 elementor-widget elementor-widget-heading\" data-id=\"2fab1f6\" data-element_type=\"widget\" data-widget_type=\"heading.default\">\n\t\t\t\t<div class=\"elementor-widget-container\">\n\t\t\t\t\t<h3 class=\"elementor-heading-title elementor-size-default\">Solar powerbanks<\/h3>\t\t\t\t<\/div>\n\t\t\t\t<\/div>\n\t\t\t\t<div class=\"elementor-element elementor-element-07ab4a8 elementor-widget elementor-widget-text-editor\" data-id=\"07ab4a8\" data-element_type=\"widget\" data-widget_type=\"text-editor.default\">\n\t\t\t\t<div class=\"elementor-widget-container\">\n\t\t\t\t\t\t\t\t\t<p>Our solar powerbanks will keep your phone charged wherever you are.<\/p><p>No more problems recharging your phone!<\/p><p>Take them with you on a walk, to visit friends, family or the office!<\/p>\t\t\t\t\t\t\t\t<\/div>\n\t\t\t\t<\/div>\n\t\t\t\t<\/div>\n\t\t<div class=\"elementor-element elementor-element-6b57168 e-con-full e-flex wpr-particle-no wpr-jarallax-no wpr-parallax-no wpr-sticky-section-no e-con e-child\" data-id=\"6b57168\" data-element_type=\"container\">\n\t\t\t\t<div class=\"elementor-element elementor-element-7418de3 gallery-spacing-custom elementor-widget elementor-widget-image-gallery\" data-id=\"7418de3\" data-element_type=\"widget\" data-widget_type=\"image-gallery.default\">\n\t\t\t\t<div class=\"elementor-widget-container\">\n\t\t\t\t\t\t\t<div class=\"elementor-image-gallery\">\n\t\t\t<div id='gallery-1' class='gallery galleryid-2232 gallery-columns-3 gallery-size-full'><figure class='gallery-item'>\n\t\t\t<div class='gallery-icon landscape'>\n\t\t\t\t<a data-elementor-open-lightbox=\"yes\" data-elementor-lightbox-slideshow=\"7418de3\" data-elementor-lightbox-title=\"Powerbank Panneau 3 ventaux 20W\" data-e-action-hash=\"#elementor-action%3Aaction%3Dlightbox%26settings%3DeyJpZCI6MjAzNSwidXJsIjoiaHR0cHM6XC9cL2dtbnNvbGFyZW5lcmd5LmNvbVwvd3AtY29udGVudFwvdXBsb2Fkc1wvMjAyNVwvMDVcL1Bvd2VyYmFuay1QYW5uZWF1LTMtdmVudGF1eC0yMFcud2VicCIsInNsaWRlc2hvdyI6Ijc0MThkZTMifQ%3D%3D\" href='https:\/\/gmnsolarenergy.com\/wp-content\/uploads\/2025\/05\/Powerbank-Panneau-3-ventaux-20W.webp'><img fetchpriority=\"high\" decoding=\"async\" width=\"401\" height=\"300\" src=\"https:\/\/gmnsolarenergy.com\/wp-content\/uploads\/2025\/05\/Powerbank-Panneau-3-ventaux-20W.webp\" class=\"attachment-full size-full\" alt=\"\" srcset=\"https:\/\/gmnsolarenergy.com\/wp-content\/uploads\/2025\/05\/Powerbank-Panneau-3-ventaux-20W.webp 401w, https:\/\/gmnsolarenergy.com\/wp-content\/uploads\/2025\/05\/Powerbank-Panneau-3-ventaux-20W-300x224.webp 300w\" sizes=\"(max-width: 401px) 100vw, 401px\" \/><\/a>\n\t\t\t<\/div><\/figure><figure class='gallery-item'>\n\t\t\t<div class='gallery-icon landscape'>\n\t\t\t\t<a data-elementor-open-lightbox=\"yes\" data-elementor-lightbox-slideshow=\"7418de3\" data-elementor-lightbox-title=\"Powerbank solaire 20mAh 4 panneaux\" data-e-action-hash=\"#elementor-action%3Aaction%3Dlightbox%26settings%3DeyJpZCI6MjAzNiwidXJsIjoiaHR0cHM6XC9cL2dtbnNvbGFyZW5lcmd5LmNvbVwvd3AtY29udGVudFwvdXBsb2Fkc1wvMjAyNVwvMDVcL1Bvd2VyYmFuay1zb2xhaXJlLTIwbUFoLTQtcGFubmVhdXgud2VicCIsInNsaWRlc2hvdyI6Ijc0MThkZTMifQ%3D%3D\" href='https:\/\/gmnsolarenergy.com\/wp-content\/uploads\/2025\/05\/Powerbank-solaire-20mAh-4-panneaux.webp'><img decoding=\"async\" width=\"400\" height=\"300\" src=\"https:\/\/gmnsolarenergy.com\/wp-content\/uploads\/2025\/05\/Powerbank-solaire-20mAh-4-panneaux.webp\" class=\"attachment-full size-full\" alt=\"\" srcset=\"https:\/\/gmnsolarenergy.com\/wp-content\/uploads\/2025\/05\/Powerbank-solaire-20mAh-4-panneaux.webp 400w, https:\/\/gmnsolarenergy.com\/wp-content\/uploads\/2025\/05\/Powerbank-solaire-20mAh-4-panneaux-300x225.webp 300w\" sizes=\"(max-width: 400px) 100vw, 400px\" \/><\/a>\n\t\t\t<\/div><\/figure><figure class='gallery-item'>\n\t\t\t<div class='gallery-icon landscape'>\n\t\t\t\t<a data-elementor-open-lightbox=\"yes\" data-elementor-lightbox-slideshow=\"7418de3\" data-elementor-lightbox-title=\"Power bank solaire 20mAh 1 panneau\" data-e-action-hash=\"#elementor-action%3Aaction%3Dlightbox%26settings%3DeyJpZCI6MjAzNCwidXJsIjoiaHR0cHM6XC9cL2dtbnNvbGFyZW5lcmd5LmNvbVwvd3AtY29udGVudFwvdXBsb2Fkc1wvMjAyNVwvMDVcL1Bvd2VyLWJhbmstc29sYWlyZS0yMG1BaC0xLXBhbm5lYXUud2VicCIsInNsaWRlc2hvdyI6Ijc0MThkZTMifQ%3D%3D\" href='https:\/\/gmnsolarenergy.com\/wp-content\/uploads\/2025\/05\/Power-bank-solaire-20mAh-1-panneau.webp'><img decoding=\"async\" width=\"400\" height=\"300\" src=\"https:\/\/gmnsolarenergy.com\/wp-content\/uploads\/2025\/05\/Power-bank-solaire-20mAh-1-panneau.webp\" class=\"attachment-full size-full\" alt=\"\" srcset=\"https:\/\/gmnsolarenergy.com\/wp-content\/uploads\/2025\/05\/Power-bank-solaire-20mAh-1-panneau.webp 400w, https:\/\/gmnsolarenergy.com\/wp-content\/uploads\/2025\/05\/Power-bank-solaire-20mAh-1-panneau-300x225.webp 300w\" sizes=\"(max-width: 400px) 100vw, 400px\" \/><\/a>\n\t\t\t<\/div><\/figure><figure class='gallery-item'>\n\t\t\t<div class='gallery-icon landscape'>\n\t\t\t\t<a data-elementor-open-lightbox=\"yes\" data-elementor-lightbox-slideshow=\"7418de3\" data-elementor-lightbox-title=\"Powerbank solaire panneau 4 ventaux 20 W\" data-e-action-hash=\"#elementor-action%3Aaction%3Dlightbox%26settings%3DeyJpZCI6MjAzOCwidXJsIjoiaHR0cHM6XC9cL2dtbnNvbGFyZW5lcmd5LmNvbVwvd3AtY29udGVudFwvdXBsb2Fkc1wvMjAyNVwvMDVcL1Bvd2VyYmFuay1zb2xhaXJlLXBhbm5lYXUtNC12ZW50YXV4LTIwLVcud2VicCIsInNsaWRlc2hvdyI6Ijc0MThkZTMifQ%3D%3D\" href='https:\/\/gmnsolarenergy.com\/wp-content\/uploads\/2025\/05\/Powerbank-solaire-panneau-4-ventaux-20-W.webp'><img loading=\"lazy\" decoding=\"async\" width=\"400\" height=\"300\" src=\"https:\/\/gmnsolarenergy.com\/wp-content\/uploads\/2025\/05\/Powerbank-solaire-panneau-4-ventaux-20-W.webp\" class=\"attachment-full size-full\" alt=\"\" srcset=\"https:\/\/gmnsolarenergy.com\/wp-content\/uploads\/2025\/05\/Powerbank-solaire-panneau-4-ventaux-20-W.webp 400w, https:\/\/gmnsolarenergy.com\/wp-content\/uploads\/2025\/05\/Powerbank-solaire-panneau-4-ventaux-20-W-300x225.webp 300w\" sizes=\"(max-width: 400px) 100vw, 400px\" \/><\/a>\n\t\t\t<\/div><\/figure><figure class='gallery-item'>\n\t\t\t<div class='gallery-icon landscape'>\n\t\t\t\t<a data-elementor-open-lightbox=\"yes\" data-elementor-lightbox-slideshow=\"7418de3\" data-elementor-lightbox-title=\"Powerbank solaire Panneau 3 ventaux 20W\" data-e-action-hash=\"#elementor-action%3Aaction%3Dlightbox%26settings%3DeyJpZCI6MjAzNywidXJsIjoiaHR0cHM6XC9cL2dtbnNvbGFyZW5lcmd5LmNvbVwvd3AtY29udGVudFwvdXBsb2Fkc1wvMjAyNVwvMDVcL1Bvd2VyYmFuay1zb2xhaXJlLVBhbm5lYXUtMy12ZW50YXV4LTIwVy53ZWJwIiwic2xpZGVzaG93IjoiNzQxOGRlMyJ9\" href='https:\/\/gmnsolarenergy.com\/wp-content\/uploads\/2025\/05\/Powerbank-solaire-Panneau-3-ventaux-20W.webp'><img loading=\"lazy\" decoding=\"async\" width=\"400\" height=\"301\" src=\"https:\/\/gmnsolarenergy.com\/wp-content\/uploads\/2025\/05\/Powerbank-solaire-Panneau-3-ventaux-20W.webp\" class=\"attachment-full size-full\" alt=\"\" srcset=\"https:\/\/gmnsolarenergy.com\/wp-content\/uploads\/2025\/05\/Powerbank-solaire-Panneau-3-ventaux-20W.webp 400w, https:\/\/gmnsolarenergy.com\/wp-content\/uploads\/2025\/05\/Powerbank-solaire-Panneau-3-ventaux-20W-300x226.webp 300w\" sizes=\"(max-width: 400px) 100vw, 400px\" \/><\/a>\n\t\t\t<\/div><\/figure>\n\t\t<\/div>\n\t\t<\/div>\n\t\t\t\t\t\t<\/div>\n\t\t\t\t<\/div>\n\t\t\t\t<\/div>\n\t\t\t\t\t<\/div>\n\t\t\t\t<\/div>\n\t\t<div class=\"elementor-element elementor-element-f5a74da e-flex e-con-boxed wpr-particle-no wpr-jarallax-no wpr-parallax-no wpr-sticky-section-no e-con e-parent\" data-id=\"f5a74da\" data-element_type=\"container\" data-settings=\"{&quot;background_background&quot;:&quot;classic&quot;}\">\n\t\t\t\t\t<div class=\"e-con-inner\">\n\t\t<div class=\"elementor-element elementor-element-d68ae0e elementor-hidden-tablet elementor-hidden-mobile e-con-full e-flex wpr-particle-no wpr-jarallax-no wpr-parallax-no wpr-sticky-section-no e-con e-child\" data-id=\"d68ae0e\" data-element_type=\"container\">\n\t\t\t\t<\/div>\n\t\t<div class=\"elementor-element elementor-element-812da74 e-con-full e-flex wpr-particle-no wpr-jarallax-no wpr-parallax-no wpr-sticky-section-no e-con e-child\" data-id=\"812da74\" data-element_type=\"container\">\n\t\t\t\t<div class=\"elementor-element elementor-element-7467144 elementor-widget elementor-widget-heading\" data-id=\"7467144\" data-element_type=\"widget\" data-widget_type=\"heading.default\">\n\t\t\t\t<div class=\"elementor-widget-container\">\n\t\t\t\t\t<p class=\"elementor-heading-title elementor-size-default\">Would you like advice on our solar powerbanks? Please contact us.<\/p>\t\t\t\t<\/div>\n\t\t\t\t<\/div>\n\t\t\t\t<div class=\"elementor-element elementor-element-cd8ee67 elementor-mobile-align-center elementor-widget elementor-widget-button\" data-id=\"cd8ee67\" data-element_type=\"widget\" data-widget_type=\"button.default\">\n\t\t\t\t<div class=\"elementor-widget-container\">\n\t\t\t\t\t\t\t\t\t<div class=\"elementor-button-wrapper\">\n\t\t\t\t\t<a class=\"elementor-button elementor-button-link elementor-size-sm\" href=\"https:\/\/gmnsolarenergy.com\/en\/contact\/\">\n\t\t\t\t\t\t<span class=\"elementor-button-content-wrapper\">\n\t\t\t\t\t\t\t\t\t<span class=\"elementor-button-text\">Contact us<\/span>\n\t\t\t\t\t<\/span>\n\t\t\t\t\t<\/a>\n\t\t\t\t<\/div>\n\t\t\t\t\t\t\t\t<\/div>\n\t\t\t\t<\/div>\n\t\t\t\t<\/div>\n\t\t\t\t\t<\/div>\n\t\t\t\t<\/div>\n\t\t\t\t<\/div>","protected":false},"excerpt":{"rendered":"<p>Powerbank solaires Votre t\u00e9l\u00e9phone sera toujours charg\u00e9 o\u00f9 que vous soyez gr\u00e2ce \u00e0 nos powerbank solaires. Powerbank solaires Votre t\u00e9l\u00e9phone sera toujours charg\u00e9 o\u00f9 que vous soyez gr\u00e2ce \u00e0 nos powerbank solaires. Plus de probl\u00e8me pour recharger votre t\u00e9l\u00e9phone! Emportez-les avec vous en balade, en visite chez des amis, en famille, au bureau! Vous souhaitez \u00eatre conseill\u00e9 sur nos powerbank solaires? Contactez-nous. Contactez-nous<\/p>","protected":false},"author":1,"featured_media":0,"parent":0,"menu_order":0,"comment_status":"closed","ping_status":"closed","template":"elementor_header_footer","meta":{"footnotes":""},"class_list":["post-2232","page","type-page","status-publish","hentry"],"blocksy_meta":[],"_links":{"self":[{"href":"https:\/\/gmnsolarenergy.com\/en\/wp-json\/wp\/v2\/pages\/2232","targetHints":{"allow":["GET"]}}],"collection":[{"href":"https:\/\/gmnsolarenergy.com\/en\/wp-json\/wp\/v2\/pages"}],"about":[{"href":"https:\/\/gmnsolarenergy.com\/en\/wp-json\/wp\/v2\/types\/page"}],"author":[{"embeddable":true,"href":"https:\/\/gmnsolarenergy.com\/en\/wp-json\/wp\/v2\/users\/1"}],"replies":[{"embeddable":true,"href":"https:\/\/gmnsolarenergy.com\/en\/wp-json\/wp\/v2\/comments?post=2232"}],"version-history":[{"count":28,"href":"https:\/\/gmnsolarenergy.com\/en\/wp-json\/wp\/v2\/pages\/2232\/revisions"}],"predecessor-version":[{"id":3613,"href":"https:\/\/gmnsolarenergy.com\/en\/wp-json\/wp\/v2\/pages\/2232\/revisions\/3613"}],"wp:attachment":[{"href":"https:\/\/gmnsolarenergy.com\/en\/wp-json\/wp\/v2\/media?parent=2232"}],"curies":[{"name":"wp","href":"https:\/\/api.w.org\/{rel}","templated":true}]}}