{"id":1905,"date":"2025-05-12T15:29:24","date_gmt":"2025-05-12T13:29:24","guid":{"rendered":"https:\/\/gmnsolarenergy.com\/?page_id=1905"},"modified":"2025-07-22T15:33:24","modified_gmt":"2025-07-22T13:33:24","slug":"generateur-solaire-ac200pl-batteries-dextension-b210","status":"publish","type":"page","link":"https:\/\/gmnsolarenergy.com\/en\/suggestions-de-combinaisons\/generateur-solaire-ac200pl-batteries-dextension-b210\/","title":{"rendered":"AC200PL solar generator + B210 extension batteries"},"content":{"rendered":"<div data-elementor-type=\"wp-page\" data-elementor-id=\"1905\" class=\"elementor elementor-1905\">\n\t\t\t\t<div class=\"elementor-element elementor-element-6eca797 e-flex e-con-boxed wpr-particle-no wpr-jarallax-no wpr-parallax-no wpr-sticky-section-no e-con e-parent\" data-id=\"6eca797\" data-element_type=\"container\" data-settings=\"{&quot;background_background&quot;:&quot;classic&quot;}\">\n\t\t\t\t\t<div class=\"e-con-inner\">\n\t\t<div class=\"elementor-element elementor-element-e638be2 e-con-full e-flex wpr-particle-no wpr-jarallax-no wpr-parallax-no wpr-sticky-section-no e-con e-child\" data-id=\"e638be2\" data-element_type=\"container\">\n\t\t\t\t<div class=\"elementor-element elementor-element-11c9333 elementor-widget elementor-widget-heading\" data-id=\"11c9333\" data-element_type=\"widget\" data-widget_type=\"heading.default\">\n\t\t\t\t<div class=\"elementor-widget-container\">\n\t\t\t\t\t<h2 class=\"elementor-heading-title elementor-size-default\">Combos<\/h2>\t\t\t\t<\/div>\n\t\t\t\t<\/div>\n\t\t\t\t<div class=\"elementor-element elementor-element-93e5151 elementor-widget elementor-widget-text-editor\" data-id=\"93e5151\" data-element_type=\"widget\" data-widget_type=\"text-editor.default\">\n\t\t\t\t<div class=\"elementor-widget-container\">\n\t\t\t\t\t\t\t\t\t<p>Optimize the capacities of your solar solution with our combinations<\/p>\t\t\t\t\t\t\t\t<\/div>\n\t\t\t\t<\/div>\n\t\t\t\t<\/div>\n\t\t\t\t\t<\/div>\n\t\t\t\t<\/div>\n\t\t<div class=\"elementor-element elementor-element-951d16b e-flex e-con-boxed wpr-particle-no wpr-jarallax-no wpr-parallax-no wpr-sticky-section-no e-con e-parent\" data-id=\"951d16b\" data-element_type=\"container\">\n\t\t\t\t\t<div class=\"e-con-inner\">\n\t\t<div class=\"elementor-element elementor-element-97ca9fb e-con-full e-flex wpr-particle-no wpr-jarallax-no wpr-parallax-no wpr-sticky-section-no e-con e-child\" data-id=\"97ca9fb\" data-element_type=\"container\">\n\t\t\t\t<div class=\"elementor-element elementor-element-e75725c elementor-widget elementor-widget-heading\" data-id=\"e75725c\" data-element_type=\"widget\" data-widget_type=\"heading.default\">\n\t\t\t\t<div class=\"elementor-widget-container\">\n\t\t\t\t\t<h3 class=\"elementor-heading-title elementor-size-default\">AC200PL solar generator + B210 extension batteries<\/h3>\t\t\t\t<\/div>\n\t\t\t\t<\/div>\n\t\t\t\t<div class=\"elementor-element elementor-element-272c98a elementor-widget elementor-widget-text-editor\" data-id=\"272c98a\" data-element_type=\"widget\" data-widget_type=\"text-editor.default\">\n\t\t\t\t<div class=\"elementor-widget-container\">\n\t\t\t\t\t\t\t\t\t<p class=\"translation-block\">AC200PL or AC200MAX or ELITE 200 V2 or AC240\n <br>+<br>\nB210 -&gt; Expandable up to 4 B210 batteries<\/p>\t\t\t\t\t\t\t\t<\/div>\n\t\t\t\t<\/div>\n\t\t\t\t<div class=\"elementor-element elementor-element-2d1f840 elementor-widget elementor-widget-text-editor\" data-id=\"2d1f840\" data-element_type=\"widget\" data-widget_type=\"text-editor.default\">\n\t\t\t\t<div class=\"elementor-widget-container\">\n\t\t\t\t\t\t\t\t\t<p><strong>Total capacity: 4,454 Wh<\/strong><\/p>\t\t\t\t\t\t\t\t<\/div>\n\t\t\t\t<\/div>\n\t\t\t\t<div class=\"elementor-element elementor-element-7b392d7 wpr-button-icon-style-inline wpr-button-icon-position-right elementor-widget elementor-widget-wpr-button\" data-id=\"7b392d7\" data-element_type=\"widget\" data-widget_type=\"wpr-button.default\">\n\t\t\t\t<div class=\"elementor-widget-container\">\n\t\t\t\t\t\t\n\t\t\t\n\t\t\n\t\t<div class=\"wpr-button-wrap elementor-clearfix\">\n\t\t<div class=\"wpr-button wpr-button-effect wpr-button-none\" data-text=\"\">\n\t\t\t\n\t\t\t<span class=\"wpr-button-content\">\n\t\t\t\t\t\t\t\t\t<span class=\"wpr-button-text\">Prix de vente : 2 300 000FCFA<\/span>\n\t\t\t\t\t\t\t\t\n\t\t\t\t\t\t\t<\/span>\n\t\t<\/div>\n\n\t\t\t\t<\/div>\n\t\n\t\n\t\t\t\t\t<\/div>\n\t\t\t\t<\/div>\n\t\t\t\t<\/div>\n\t\t<div class=\"elementor-element elementor-element-97b2e79 e-con-full e-flex wpr-particle-no wpr-jarallax-no wpr-parallax-no wpr-sticky-section-no e-con e-child\" data-id=\"97b2e79\" data-element_type=\"container\">\n\t\t<div class=\"elementor-element elementor-element-ebf2ac3 e-con-full e-flex wpr-particle-no wpr-jarallax-no wpr-parallax-no wpr-sticky-section-no e-con e-child\" data-id=\"ebf2ac3\" data-element_type=\"container\">\n\t\t\t\t<div class=\"elementor-element elementor-element-0209859 elementor-widget elementor-widget-image\" data-id=\"0209859\" data-element_type=\"widget\" data-widget_type=\"image.default\">\n\t\t\t\t<div class=\"elementor-widget-container\">\n\t\t\t\t\t\t\t\t\t\t\t\t\t\t\t<img fetchpriority=\"high\" decoding=\"async\" width=\"400\" height=\"300\" src=\"https:\/\/gmnsolarenergy.com\/wp-content\/uploads\/2025\/06\/Generateur-solaire-AC200PL-Batterie-dextension-B210.webp\" class=\"attachment-large size-large wp-image-3527\" alt=\"\" srcset=\"https:\/\/gmnsolarenergy.com\/wp-content\/uploads\/2025\/06\/Generateur-solaire-AC200PL-Batterie-dextension-B210.webp 400w, https:\/\/gmnsolarenergy.com\/wp-content\/uploads\/2025\/06\/Generateur-solaire-AC200PL-Batterie-dextension-B210-300x225.webp 300w\" sizes=\"(max-width: 400px) 100vw, 400px\" \/>\t\t\t\t\t\t\t\t\t\t\t\t\t\t\t<\/div>\n\t\t\t\t<\/div>\n\t\t\t\t<\/div>\n\t\t\t\t<\/div>\n\t\t\t\t\t<\/div>\n\t\t\t\t<\/div>\n\t\t\t\t<\/div>","protected":false},"excerpt":{"rendered":"<p>Combos Optimisez les capacit\u00e9s de votre solution solaire gr\u00e2ce \u00e0 nos combinaisons G\u00e9n\u00e9rateur solaire AC200PL + Batteries d\u2019extension B210 AC200PL ou AC200MAX ou ELITE 200 V2 ou AC240 +B210 -&gt; Extensible jusqu\u2019\u00e0 4 batteries B210 Capacit\u00e9 totale : 4 454 Wh Prix de vente : 2 300 000FCFA<\/p>","protected":false},"author":1,"featured_media":0,"parent":1896,"menu_order":0,"comment_status":"closed","ping_status":"closed","template":"elementor_canvas","meta":{"footnotes":""},"class_list":["post-1905","page","type-page","status-publish","hentry"],"blocksy_meta":[],"_links":{"self":[{"href":"https:\/\/gmnsolarenergy.com\/en\/wp-json\/wp\/v2\/pages\/1905","targetHints":{"allow":["GET"]}}],"collection":[{"href":"https:\/\/gmnsolarenergy.com\/en\/wp-json\/wp\/v2\/pages"}],"about":[{"href":"https:\/\/gmnsolarenergy.com\/en\/wp-json\/wp\/v2\/types\/page"}],"author":[{"embeddable":true,"href":"https:\/\/gmnsolarenergy.com\/en\/wp-json\/wp\/v2\/users\/1"}],"replies":[{"embeddable":true,"href":"https:\/\/gmnsolarenergy.com\/en\/wp-json\/wp\/v2\/comments?post=1905"}],"version-history":[{"count":13,"href":"https:\/\/gmnsolarenergy.com\/en\/wp-json\/wp\/v2\/pages\/1905\/revisions"}],"predecessor-version":[{"id":3667,"href":"https:\/\/gmnsolarenergy.com\/en\/wp-json\/wp\/v2\/pages\/1905\/revisions\/3667"}],"up":[{"embeddable":true,"href":"https:\/\/gmnsolarenergy.com\/en\/wp-json\/wp\/v2\/pages\/1896"}],"wp:attachment":[{"href":"https:\/\/gmnsolarenergy.com\/en\/wp-json\/wp\/v2\/media?parent=1905"}],"curies":[{"name":"wp","href":"https:\/\/api.w.org\/{rel}","templated":true}]}}