{"id":1877,"date":"2025-05-10T20:34:51","date_gmt":"2025-05-10T18:34:51","guid":{"rendered":"https:\/\/gmnsolarenergy.com\/?page_id=1877"},"modified":"2025-07-22T14:20:06","modified_gmt":"2025-07-22T12:20:06","slug":"panneau-solaire-vs220-pro-220w","status":"publish","type":"page","link":"https:\/\/gmnsolarenergy.com\/en\/panneaux-solaires\/panneau-solaire-vs220-pro-220w\/","title":{"rendered":"VS220 PRO\/220W solar panel"},"content":{"rendered":"<div data-elementor-type=\"wp-page\" data-elementor-id=\"1877\" class=\"elementor elementor-1877\">\n\t\t\t\t<div class=\"elementor-element elementor-element-6bd8010 e-flex e-con-boxed wpr-particle-no wpr-jarallax-no wpr-parallax-no wpr-sticky-section-no e-con e-parent\" data-id=\"6bd8010\" data-element_type=\"container\" data-settings=\"{&quot;background_background&quot;:&quot;classic&quot;}\">\n\t\t\t\t\t<div class=\"e-con-inner\">\n\t\t<div class=\"elementor-element elementor-element-d1401d7 e-con-full e-flex wpr-particle-no wpr-jarallax-no wpr-parallax-no wpr-sticky-section-no e-con e-child\" data-id=\"d1401d7\" data-element_type=\"container\">\n\t\t\t\t<div class=\"elementor-element elementor-element-fea33e8 elementor-widget elementor-widget-heading\" data-id=\"fea33e8\" data-element_type=\"widget\" data-widget_type=\"heading.default\">\n\t\t\t\t<div class=\"elementor-widget-container\">\n\t\t\t\t\t<h2 class=\"elementor-heading-title elementor-size-default\">Solar panels<\/h2>\t\t\t\t<\/div>\n\t\t\t\t<\/div>\n\t\t\t\t<div class=\"elementor-element elementor-element-84b5a55 elementor-widget elementor-widget-text-editor\" data-id=\"84b5a55\" data-element_type=\"widget\" data-widget_type=\"text-editor.default\">\n\t\t\t\t<div class=\"elementor-widget-container\">\n\t\t\t\t\t\t\t\t\t<p>Choose sustainable, inexhaustible energy with our solar panels.<\/p>\t\t\t\t\t\t\t\t<\/div>\n\t\t\t\t<\/div>\n\t\t\t\t<\/div>\n\t\t\t\t\t<\/div>\n\t\t\t\t<\/div>\n\t\t<div class=\"elementor-element elementor-element-ceceb9a e-flex e-con-boxed wpr-particle-no wpr-jarallax-no wpr-parallax-no wpr-sticky-section-no e-con e-parent\" data-id=\"ceceb9a\" data-element_type=\"container\">\n\t\t\t\t\t<div class=\"e-con-inner\">\n\t\t<div class=\"elementor-element elementor-element-234b378 e-con-full e-flex wpr-particle-no wpr-jarallax-no wpr-parallax-no wpr-sticky-section-no e-con e-child\" data-id=\"234b378\" data-element_type=\"container\">\n\t\t\t\t<div class=\"elementor-element elementor-element-e660a81 elementor-widget elementor-widget-heading\" data-id=\"e660a81\" data-element_type=\"widget\" data-widget_type=\"heading.default\">\n\t\t\t\t<div class=\"elementor-widget-container\">\n\t\t\t\t\t<h3 class=\"elementor-heading-title elementor-size-default\">VS220 PRO\/220W solar panel\n\n<\/h3>\t\t\t\t<\/div>\n\t\t\t\t<\/div>\n\t\t\t\t<div class=\"elementor-element elementor-element-b7bcb2e elementor-widget elementor-widget-text-editor\" data-id=\"b7bcb2e\" data-element_type=\"widget\" data-widget_type=\"text-editor.default\">\n\t\t\t\t<div class=\"elementor-widget-container\">\n\t\t\t\t\t\t\t\t\t<ul><li class=\"translation-block\">Made from monocrystalline silicon solar cells, the VS220 pro portable solar panel can better absorb solar energy with a higher conversion efficiency of up to 23% compared with\nother conventional panels.<\/li><li class=\"translation-block\">The VS220 pro solar panel comes with 3 adjustable brackets for quick installation on the ground. It also features 8 circular holes for easy suspension in the air, such as on balconies<\/li><li class=\"translation-block\">The VS220 Pro portable solar panel measures 67*60 CM when folded and weighs 8.88 KG.<\/li><\/ul>\t\t\t\t\t\t\t\t<\/div>\n\t\t\t\t<\/div>\n\t\t\t\t<div class=\"elementor-element elementor-element-d3dcb70 wpr-button-icon-style-inline wpr-button-icon-position-right elementor-widget elementor-widget-wpr-button\" data-id=\"d3dcb70\" data-element_type=\"widget\" data-widget_type=\"wpr-button.default\">\n\t\t\t\t<div class=\"elementor-widget-container\">\n\t\t\t\t\t\t\n\t\t\t\n\t\t\n\t\t<div class=\"wpr-button-wrap elementor-clearfix\">\n\t\t<div class=\"wpr-button wpr-button-effect wpr-button-none\" data-text=\"\">\n\t\t\t\n\t\t\t<span class=\"wpr-button-content\">\n\t\t\t\t\t\t\t\t\t<span class=\"wpr-button-text\">Prix de vente : 310 000FCFA<\/span>\n\t\t\t\t\t\t\t\t\n\t\t\t\t\t\t\t<\/span>\n\t\t<\/div>\n\n\t\t\t\t<\/div>\n\t\n\t\n\t\t\t\t\t<\/div>\n\t\t\t\t<\/div>\n\t\t\t\t<\/div>\n\t\t<div class=\"elementor-element elementor-element-2e68529 e-con-full e-flex wpr-particle-no wpr-jarallax-no wpr-parallax-no wpr-sticky-section-no e-con e-child\" data-id=\"2e68529\" data-element_type=\"container\">\n\t\t\t\t<div class=\"elementor-element elementor-element-6eb8612 elementor-widget elementor-widget-image\" data-id=\"6eb8612\" data-element_type=\"widget\" data-widget_type=\"image.default\">\n\t\t\t\t<div class=\"elementor-widget-container\">\n\t\t\t\t\t\t\t\t\t\t\t\t\t\t\t<img fetchpriority=\"high\" decoding=\"async\" width=\"400\" height=\"300\" src=\"https:\/\/gmnsolarenergy.com\/wp-content\/uploads\/2025\/05\/Panneau-solaire-VS220-220W.webp\" class=\"attachment-large size-large wp-image-2006\" alt=\"\" srcset=\"https:\/\/gmnsolarenergy.com\/wp-content\/uploads\/2025\/05\/Panneau-solaire-VS220-220W.webp 400w, https:\/\/gmnsolarenergy.com\/wp-content\/uploads\/2025\/05\/Panneau-solaire-VS220-220W-300x225.webp 300w\" sizes=\"(max-width: 400px) 100vw, 400px\" \/>\t\t\t\t\t\t\t\t\t\t\t\t\t\t\t<\/div>\n\t\t\t\t<\/div>\n\t\t\t\t<\/div>\n\t\t\t\t\t<\/div>\n\t\t\t\t<\/div>\n\t\t\t\t<\/div>","protected":false},"excerpt":{"rendered":"<p>Panneaux solaires Choisissez une \u00e9nergie durable et in\u00e9puisable gr\u00e2ce \u00e0 nos panneaux solaires. Panneau solaire VS220 PRO\/220W Fabriqu\u00e9 \u00e0 partir de cellules solaires en silicium monocristallin, le panneau solaire portable VS220 pro peut mieux absorber l&rsquo;\u00e9nergie solaire avec un rendement deconversion plus \u00e9lev\u00e9 pouvant atteindre 23% par rapport auxautres panneaux conventionnels. Le panneau solaire VS220 pro est livr\u00e9 avec 3 supportsr\u00e9glables pour une installation rapide au sol. Il dispose\u00e9galement de 8 trous circulaires pour une suspension faciledans l&rsquo;air, comme sur les balcons. Le panneau solaire portable VS220 Pro mesure 67*60 CM unefois pli\u00e9 et p\u00e8se 8,88 KG. Prix de vente : 310 000FCFA<\/p>","protected":false},"author":1,"featured_media":0,"parent":1838,"menu_order":0,"comment_status":"closed","ping_status":"closed","template":"elementor_canvas","meta":{"footnotes":""},"class_list":["post-1877","page","type-page","status-publish","hentry"],"blocksy_meta":[],"_links":{"self":[{"href":"https:\/\/gmnsolarenergy.com\/en\/wp-json\/wp\/v2\/pages\/1877","targetHints":{"allow":["GET"]}}],"collection":[{"href":"https:\/\/gmnsolarenergy.com\/en\/wp-json\/wp\/v2\/pages"}],"about":[{"href":"https:\/\/gmnsolarenergy.com\/en\/wp-json\/wp\/v2\/types\/page"}],"author":[{"embeddable":true,"href":"https:\/\/gmnsolarenergy.com\/en\/wp-json\/wp\/v2\/users\/1"}],"replies":[{"embeddable":true,"href":"https:\/\/gmnsolarenergy.com\/en\/wp-json\/wp\/v2\/comments?post=1877"}],"version-history":[{"count":13,"href":"https:\/\/gmnsolarenergy.com\/en\/wp-json\/wp\/v2\/pages\/1877\/revisions"}],"predecessor-version":[{"id":3663,"href":"https:\/\/gmnsolarenergy.com\/en\/wp-json\/wp\/v2\/pages\/1877\/revisions\/3663"}],"up":[{"embeddable":true,"href":"https:\/\/gmnsolarenergy.com\/en\/wp-json\/wp\/v2\/pages\/1838"}],"wp:attachment":[{"href":"https:\/\/gmnsolarenergy.com\/en\/wp-json\/wp\/v2\/media?parent=1877"}],"curies":[{"name":"wp","href":"https:\/\/api.w.org\/{rel}","templated":true}]}}