{"id":1851,"date":"2025-05-10T20:27:14","date_gmt":"2025-05-10T18:27:14","guid":{"rendered":"https:\/\/gmnsolarenergy.com\/?page_id=1851"},"modified":"2025-06-04T09:28:02","modified_gmt":"2025-06-04T07:28:02","slug":"panneau-solaire-vs110-110w","status":"publish","type":"page","link":"https:\/\/gmnsolarenergy.com\/en\/panneaux-solaires\/panneau-solaire-vs110-110w\/","title":{"rendered":"Panneau solaire VS110 \/ 110W"},"content":{"rendered":"<div data-elementor-type=\"wp-page\" data-elementor-id=\"1851\" class=\"elementor elementor-1851\">\n\t\t\t\t<div class=\"elementor-element elementor-element-752bbce e-flex e-con-boxed wpr-particle-no wpr-jarallax-no wpr-parallax-no wpr-sticky-section-no e-con e-parent\" data-id=\"752bbce\" data-element_type=\"container\" data-settings=\"{&quot;background_background&quot;:&quot;classic&quot;}\">\n\t\t\t\t\t<div class=\"e-con-inner\">\n\t\t<div class=\"elementor-element elementor-element-4b5e4be e-con-full e-flex wpr-particle-no wpr-jarallax-no wpr-parallax-no wpr-sticky-section-no e-con e-child\" data-id=\"4b5e4be\" data-element_type=\"container\">\n\t\t\t\t<div class=\"elementor-element elementor-element-4d1f90e elementor-widget elementor-widget-heading\" data-id=\"4d1f90e\" data-element_type=\"widget\" data-widget_type=\"heading.default\">\n\t\t\t\t<div class=\"elementor-widget-container\">\n\t\t\t\t\t<h2 class=\"elementor-heading-title elementor-size-default\">Solar panels<\/h2>\t\t\t\t<\/div>\n\t\t\t\t<\/div>\n\t\t\t\t<div class=\"elementor-element elementor-element-159b382 elementor-widget elementor-widget-text-editor\" data-id=\"159b382\" data-element_type=\"widget\" data-widget_type=\"text-editor.default\">\n\t\t\t\t<div class=\"elementor-widget-container\">\n\t\t\t\t\t\t\t\t\t<p>Choose sustainable, inexhaustible energy with our solar panels.<\/p>\t\t\t\t\t\t\t\t<\/div>\n\t\t\t\t<\/div>\n\t\t\t\t<\/div>\n\t\t\t\t\t<\/div>\n\t\t\t\t<\/div>\n\t\t<div class=\"elementor-element elementor-element-c199d3e e-flex e-con-boxed wpr-particle-no wpr-jarallax-no wpr-parallax-no wpr-sticky-section-no e-con e-parent\" data-id=\"c199d3e\" data-element_type=\"container\">\n\t\t\t\t\t<div class=\"e-con-inner\">\n\t\t<div class=\"elementor-element elementor-element-8840345 e-con-full e-flex wpr-particle-no wpr-jarallax-no wpr-parallax-no wpr-sticky-section-no e-con e-child\" data-id=\"8840345\" data-element_type=\"container\">\n\t\t\t\t<div class=\"elementor-element elementor-element-05202c9 elementor-widget elementor-widget-heading\" data-id=\"05202c9\" data-element_type=\"widget\" data-widget_type=\"heading.default\">\n\t\t\t\t<div class=\"elementor-widget-container\">\n\t\t\t\t\t<h3 class=\"elementor-heading-title elementor-size-default\">VS110\/110W solar panel\n<\/h3>\t\t\t\t<\/div>\n\t\t\t\t<\/div>\n\t\t\t\t<div class=\"elementor-element elementor-element-b5fcfa7 elementor-widget elementor-widget-text-editor\" data-id=\"b5fcfa7\" data-element_type=\"widget\" data-widget_type=\"text-editor.default\">\n\t\t\t\t<div class=\"elementor-widget-container\">\n\t\t\t\t\t\t\t\t\t<ul><li class=\"translation-block\">Made from monocrystalline silicon solar cells, the VS110 portable solar panel can better absorb solar energy with a higher conversion efficiency of up to 23% compared with other conventional panels.<\/li><li class=\"translation-block\">The VS110 solar panel is IP67-rated water-resistant, protecting the panel from splashing water<\/li><\/ul>\t\t\t\t\t\t\t\t<\/div>\n\t\t\t\t<\/div>\n\t\t\t\t<div class=\"elementor-element elementor-element-4efc7a6 wpr-button-icon-style-inline wpr-button-icon-position-right elementor-widget elementor-widget-wpr-button\" data-id=\"4efc7a6\" data-element_type=\"widget\" data-widget_type=\"wpr-button.default\">\n\t\t\t\t<div class=\"elementor-widget-container\">\n\t\t\t\t\t\t\n\t\t\t\n\t\t\n\t\t<div class=\"wpr-button-wrap elementor-clearfix\">\n\t\t<div class=\"wpr-button wpr-button-effect wpr-button-none\" data-text=\"\">\n\t\t\t\n\t\t\t<span class=\"wpr-button-content\">\n\t\t\t\t\t\t\t\t\t<span class=\"wpr-button-text\">Prix de vente : 160 000FCFA<\/span>\n\t\t\t\t\t\t\t\t\n\t\t\t\t\t\t\t<\/span>\n\t\t<\/div>\n\n\t\t\t\t<\/div>\n\t\n\t\n\t\t\t\t\t<\/div>\n\t\t\t\t<\/div>\n\t\t\t\t<\/div>\n\t\t<div class=\"elementor-element elementor-element-2d91195 e-con-full e-flex wpr-particle-no wpr-jarallax-no wpr-parallax-no wpr-sticky-section-no e-con e-child\" data-id=\"2d91195\" data-element_type=\"container\">\n\t\t\t\t<div class=\"elementor-element elementor-element-55d58c6 elementor-widget elementor-widget-image\" data-id=\"55d58c6\" data-element_type=\"widget\" data-widget_type=\"image.default\">\n\t\t\t\t<div class=\"elementor-widget-container\">\n\t\t\t\t\t\t\t\t\t\t\t\t\t\t\t<img fetchpriority=\"high\" decoding=\"async\" width=\"400\" height=\"300\" src=\"https:\/\/gmnsolarenergy.com\/wp-content\/uploads\/2025\/05\/Panneau-solaire-VS-110-110W.webp\" class=\"attachment-large size-large wp-image-2005\" alt=\"\" srcset=\"https:\/\/gmnsolarenergy.com\/wp-content\/uploads\/2025\/05\/Panneau-solaire-VS-110-110W.webp 400w, https:\/\/gmnsolarenergy.com\/wp-content\/uploads\/2025\/05\/Panneau-solaire-VS-110-110W-300x225.webp 300w\" sizes=\"(max-width: 400px) 100vw, 400px\" \/>\t\t\t\t\t\t\t\t\t\t\t\t\t\t\t<\/div>\n\t\t\t\t<\/div>\n\t\t\t\t<\/div>\n\t\t\t\t\t<\/div>\n\t\t\t\t<\/div>\n\t\t\t\t<\/div>","protected":false},"excerpt":{"rendered":"<p>Panneaux solaires Choisissez une \u00e9nergie durable et in\u00e9puisable gr\u00e2ce \u00e0 nos panneaux solaires. Panneau solaire VS110\/110W Fabriqu\u00e9 \u00e0 partir de cellules solaires en siliciummonocristallin, le panneau solaire portable VS110 peut mieuxabsorber l&rsquo;\u00e9nergie solaire avec un rendement de conversionplus \u00e9lev\u00e9 pouvant atteindre 23% par rapport aux autrespanneaux conventionnels. Le panneau solaire VS110 est dot\u00e9 d&rsquo;une classification IP67r\u00e9sistant \u00e0 l&rsquo;eau qui prot\u00e8ge le panneau des \u00e9claboussuresd&rsquo;eau. Prix de vente : 160 000FCFA<\/p>","protected":false},"author":1,"featured_media":0,"parent":1838,"menu_order":0,"comment_status":"closed","ping_status":"closed","template":"elementor_canvas","meta":{"footnotes":""},"class_list":["post-1851","page","type-page","status-publish","hentry"],"blocksy_meta":[],"_links":{"self":[{"href":"https:\/\/gmnsolarenergy.com\/en\/wp-json\/wp\/v2\/pages\/1851","targetHints":{"allow":["GET"]}}],"collection":[{"href":"https:\/\/gmnsolarenergy.com\/en\/wp-json\/wp\/v2\/pages"}],"about":[{"href":"https:\/\/gmnsolarenergy.com\/en\/wp-json\/wp\/v2\/types\/page"}],"author":[{"embeddable":true,"href":"https:\/\/gmnsolarenergy.com\/en\/wp-json\/wp\/v2\/users\/1"}],"replies":[{"embeddable":true,"href":"https:\/\/gmnsolarenergy.com\/en\/wp-json\/wp\/v2\/comments?post=1851"}],"version-history":[{"count":16,"href":"https:\/\/gmnsolarenergy.com\/en\/wp-json\/wp\/v2\/pages\/1851\/revisions"}],"predecessor-version":[{"id":3254,"href":"https:\/\/gmnsolarenergy.com\/en\/wp-json\/wp\/v2\/pages\/1851\/revisions\/3254"}],"up":[{"embeddable":true,"href":"https:\/\/gmnsolarenergy.com\/en\/wp-json\/wp\/v2\/pages\/1838"}],"wp:attachment":[{"href":"https:\/\/gmnsolarenergy.com\/en\/wp-json\/wp\/v2\/media?parent=1851"}],"curies":[{"name":"wp","href":"https:\/\/api.w.org\/{rel}","templated":true}]}}