{"id":1840,"date":"2025-05-10T20:21:08","date_gmt":"2025-05-10T18:21:08","guid":{"rendered":"https:\/\/gmnsolarenergy.com\/?page_id=1840"},"modified":"2025-06-05T12:01:24","modified_gmt":"2025-06-05T10:01:24","slug":"panneau-solaire-425w-hi-mo-x6","status":"publish","type":"page","link":"https:\/\/gmnsolarenergy.com\/en\/panneaux-solaires\/panneau-solaire-425w-hi-mo-x6\/","title":{"rendered":"425W Hi-MO X6 solar panel"},"content":{"rendered":"<div data-elementor-type=\"wp-page\" data-elementor-id=\"1840\" class=\"elementor elementor-1840\">\n\t\t\t\t<div class=\"elementor-element elementor-element-82db2d5 e-flex e-con-boxed wpr-particle-no wpr-jarallax-no wpr-parallax-no wpr-sticky-section-no e-con e-parent\" data-id=\"82db2d5\" data-element_type=\"container\" data-settings=\"{&quot;background_background&quot;:&quot;classic&quot;}\">\n\t\t\t\t\t<div class=\"e-con-inner\">\n\t\t<div class=\"elementor-element elementor-element-1c75235 e-con-full e-flex wpr-particle-no wpr-jarallax-no wpr-parallax-no wpr-sticky-section-no e-con e-child\" data-id=\"1c75235\" data-element_type=\"container\">\n\t\t\t\t<div class=\"elementor-element elementor-element-d643de9 elementor-widget elementor-widget-heading\" data-id=\"d643de9\" data-element_type=\"widget\" data-widget_type=\"heading.default\">\n\t\t\t\t<div class=\"elementor-widget-container\">\n\t\t\t\t\t<h2 class=\"elementor-heading-title elementor-size-default\">Solar panels<\/h2>\t\t\t\t<\/div>\n\t\t\t\t<\/div>\n\t\t\t\t<div class=\"elementor-element elementor-element-3f10bfd elementor-widget elementor-widget-text-editor\" data-id=\"3f10bfd\" data-element_type=\"widget\" data-widget_type=\"text-editor.default\">\n\t\t\t\t<div class=\"elementor-widget-container\">\n\t\t\t\t\t\t\t\t\t<p>Choose sustainable, inexhaustible energy with our solar panels.<\/p>\t\t\t\t\t\t\t\t<\/div>\n\t\t\t\t<\/div>\n\t\t\t\t<\/div>\n\t\t\t\t\t<\/div>\n\t\t\t\t<\/div>\n\t\t<div class=\"elementor-element elementor-element-e8c96d3 e-flex e-con-boxed wpr-particle-no wpr-jarallax-no wpr-parallax-no wpr-sticky-section-no e-con e-parent\" data-id=\"e8c96d3\" data-element_type=\"container\">\n\t\t\t\t\t<div class=\"e-con-inner\">\n\t\t<div class=\"elementor-element elementor-element-7ef31e6 e-con-full e-flex wpr-particle-no wpr-jarallax-no wpr-parallax-no wpr-sticky-section-no e-con e-child\" data-id=\"7ef31e6\" data-element_type=\"container\">\n\t\t\t\t<div class=\"elementor-element elementor-element-f0ac10c elementor-widget elementor-widget-heading\" data-id=\"f0ac10c\" data-element_type=\"widget\" data-widget_type=\"heading.default\">\n\t\t\t\t<div class=\"elementor-widget-container\">\n\t\t\t\t\t<h3 class=\"elementor-heading-title elementor-size-default\">425W Hi-MO X6 solar panel<\/h3>\t\t\t\t<\/div>\n\t\t\t\t<\/div>\n\t\t\t\t<div class=\"elementor-element elementor-element-a3b9405 elementor-widget elementor-widget-text-editor\" data-id=\"a3b9405\" data-element_type=\"widget\" data-widget_type=\"text-editor.default\">\n\t\t\t\t<div class=\"elementor-widget-container\">\n\t\t\t\t\t\t\t\t\t<ul><li class=\"translation-block\">Nominal output power: 425 watts. High efficiency for maximum energy production. HPBC (Hybrid PERC Back Contact) technology: improves conversion efficiency and reduces power losses.<\/li><li class=\"translation-block\">Full Black design: all-black aesthetics, including cells, frame and base. Designed for visually harmonious integration, ideal for residential and commercial installations.<\/li><li class=\"translation-block\">Durability and Reliability: HIMO 6 panels are built to withstand extreme weather conditions. Certified to rigorous quality standards, guaranteeing long life and reliable performance. Rugged anodized aluminum frame for extra protection against the elements. Tempered glass high transmission for durability and strength.<\/li><\/ul>\t\t\t\t\t\t\t\t<\/div>\n\t\t\t\t<\/div>\n\t\t\t\t<div class=\"elementor-element elementor-element-36388d2 elementor-widget elementor-widget-text-editor\" data-id=\"36388d2\" data-element_type=\"widget\" data-widget_type=\"text-editor.default\">\n\t\t\t\t<div class=\"elementor-widget-container\">\n\t\t\t\t\t\t\t\t\t<p class=\"translation-block\"><strong>Power: 425W<\/strong><br>\n<strong>Weight: 22kg<\/strong><br>\n<strong>Dimensions (L x W x D):<\/strong><br>\n<strong>1722 x 1134 x 30 mm<\/strong><\/p>\t\t\t\t\t\t\t\t<\/div>\n\t\t\t\t<\/div>\n\t\t\t\t<div class=\"elementor-element elementor-element-e5a4fd6 wpr-button-icon-style-inline wpr-button-icon-position-right elementor-widget elementor-widget-wpr-button\" data-id=\"e5a4fd6\" data-element_type=\"widget\" data-widget_type=\"wpr-button.default\">\n\t\t\t\t<div class=\"elementor-widget-container\">\n\t\t\t\t\t\t\n\t\t\t\n\t\t\n\t\t<div class=\"wpr-button-wrap elementor-clearfix\">\n\t\t<div class=\"wpr-button wpr-button-effect wpr-button-none\" data-text=\"\">\n\t\t\t\n\t\t\t<span class=\"wpr-button-content\">\n\t\t\t\t\t\t\t\t\t<span class=\"wpr-button-text\">Prix de vente : 170 000FCFA<\/span>\n\t\t\t\t\t\t\t\t\n\t\t\t\t\t\t\t<\/span>\n\t\t<\/div>\n\n\t\t\t\t<\/div>\n\t\n\t\n\t\t\t\t\t<\/div>\n\t\t\t\t<\/div>\n\t\t\t\t<\/div>\n\t\t<div class=\"elementor-element elementor-element-6df0cc5 e-con-full e-flex wpr-particle-no wpr-jarallax-no wpr-parallax-no wpr-sticky-section-no e-con e-child\" data-id=\"6df0cc5\" data-element_type=\"container\">\n\t\t\t\t<div class=\"elementor-element elementor-element-b0b4387 elementor-widget elementor-widget-image\" data-id=\"b0b4387\" data-element_type=\"widget\" data-widget_type=\"image.default\">\n\t\t\t\t<div class=\"elementor-widget-container\">\n\t\t\t\t\t\t\t\t\t\t\t\t\t\t\t<img fetchpriority=\"high\" decoding=\"async\" width=\"400\" height=\"300\" src=\"https:\/\/gmnsolarenergy.com\/wp-content\/uploads\/2025\/05\/Panneau-solaire-425W.webp\" class=\"attachment-large size-large wp-image-3469\" alt=\"\" srcset=\"https:\/\/gmnsolarenergy.com\/wp-content\/uploads\/2025\/05\/Panneau-solaire-425W.webp 400w, https:\/\/gmnsolarenergy.com\/wp-content\/uploads\/2025\/05\/Panneau-solaire-425W-300x225.webp 300w\" sizes=\"(max-width: 400px) 100vw, 400px\" \/>\t\t\t\t\t\t\t\t\t\t\t\t\t\t\t<\/div>\n\t\t\t\t<\/div>\n\t\t\t\t<\/div>\n\t\t\t\t\t<\/div>\n\t\t\t\t<\/div>\n\t\t\t\t<\/div>","protected":false},"excerpt":{"rendered":"<p>Panneaux solaires Choisissez une \u00e9nergie durable et in\u00e9puisable gr\u00e2ce \u00e0 nos panneaux solaires. Panneau solaire 425W Hi-MO X6 Puissance de Sortie nominale : 425 watts. Efficacit\u00e9 \u00e9lev\u00e9e permettant une production d&rsquo;\u00e9nergie maximale.Technologie HPBC (Hybrid PERC Back Contact) : permet d&rsquo;am\u00e9liorer l&rsquo;efficacit\u00e9 de conversion et r\u00e9duit les pertes depuissance. Design Full Black : Esth\u00e9tique tout noir, y compris les cellules, le cadre et le fond. Con\u00e7u pour une int\u00e9grationvisuelle harmonieuse, id\u00e9al pour les installations r\u00e9sidentielles et commerciales. Durabilit\u00e9 et Fiabilit\u00e9 : Les panneaux HIMO 6 sont construits pour r\u00e9sister \u00e0 des conditions m\u00e9t\u00e9orologiquesextr\u00eames. Certifi\u00e9 pour des normes de qualit\u00e9 rigoureuses, garantissant une longue dur\u00e9e de vie et une performancefiable. Cadre en aluminium anodis\u00e9 robuste pour une protection suppl\u00e9mentaire contre les \u00e9l\u00e9ments. Verre tremp\u00e9haute transmission pour une durabilit\u00e9 et une r\u00e9sistance accrue. Puissance: 425WPoids: 22kgDimensions (L x l x P):1722 x 1134 x 30 mm Prix de vente : 170 000FCFA<\/p>","protected":false},"author":1,"featured_media":0,"parent":1838,"menu_order":0,"comment_status":"closed","ping_status":"closed","template":"elementor_canvas","meta":{"footnotes":""},"class_list":["post-1840","page","type-page","status-publish","hentry"],"blocksy_meta":[],"_links":{"self":[{"href":"https:\/\/gmnsolarenergy.com\/en\/wp-json\/wp\/v2\/pages\/1840","targetHints":{"allow":["GET"]}}],"collection":[{"href":"https:\/\/gmnsolarenergy.com\/en\/wp-json\/wp\/v2\/pages"}],"about":[{"href":"https:\/\/gmnsolarenergy.com\/en\/wp-json\/wp\/v2\/types\/page"}],"author":[{"embeddable":true,"href":"https:\/\/gmnsolarenergy.com\/en\/wp-json\/wp\/v2\/users\/1"}],"replies":[{"embeddable":true,"href":"https:\/\/gmnsolarenergy.com\/en\/wp-json\/wp\/v2\/comments?post=1840"}],"version-history":[{"count":19,"href":"https:\/\/gmnsolarenergy.com\/en\/wp-json\/wp\/v2\/pages\/1840\/revisions"}],"predecessor-version":[{"id":3487,"href":"https:\/\/gmnsolarenergy.com\/en\/wp-json\/wp\/v2\/pages\/1840\/revisions\/3487"}],"up":[{"embeddable":true,"href":"https:\/\/gmnsolarenergy.com\/en\/wp-json\/wp\/v2\/pages\/1838"}],"wp:attachment":[{"href":"https:\/\/gmnsolarenergy.com\/en\/wp-json\/wp\/v2\/media?parent=1840"}],"curies":[{"name":"wp","href":"https:\/\/api.w.org\/{rel}","templated":true}]}}