{"id":1815,"date":"2025-05-10T19:49:06","date_gmt":"2025-05-10T17:49:06","guid":{"rendered":"https:\/\/gmnsolarenergy.com\/?page_id=1815"},"modified":"2025-06-03T23:12:54","modified_gmt":"2025-06-03T21:12:54","slug":"b300k-batterie-dextension-2-7648-wh","status":"publish","type":"page","link":"https:\/\/gmnsolarenergy.com\/en\/batteries-dextensions\/b300k-batterie-dextension-2-7648-wh\/","title":{"rendered":"B300K Batterie d&rsquo;extension | 2 764,8 Wh"},"content":{"rendered":"<div data-elementor-type=\"wp-page\" data-elementor-id=\"1815\" class=\"elementor elementor-1815\">\n\t\t\t\t<div class=\"elementor-element elementor-element-691e188 e-flex e-con-boxed wpr-particle-no wpr-jarallax-no wpr-parallax-no wpr-sticky-section-no e-con e-parent\" data-id=\"691e188\" data-element_type=\"container\" data-settings=\"{&quot;background_background&quot;:&quot;classic&quot;}\">\n\t\t\t\t\t<div class=\"e-con-inner\">\n\t\t<div class=\"elementor-element elementor-element-d985449 e-con-full e-flex wpr-particle-no wpr-jarallax-no wpr-parallax-no wpr-sticky-section-no e-con e-child\" data-id=\"d985449\" data-element_type=\"container\">\n\t\t\t\t<div class=\"elementor-element elementor-element-343d930 elementor-widget elementor-widget-heading\" data-id=\"343d930\" data-element_type=\"widget\" data-widget_type=\"heading.default\">\n\t\t\t\t<div class=\"elementor-widget-container\">\n\t\t\t\t\t<h2 class=\"elementor-heading-title elementor-size-default\">Extension batteries<\/h2>\t\t\t\t<\/div>\n\t\t\t\t<\/div>\n\t\t\t\t<div class=\"elementor-element elementor-element-5abfe76 elementor-widget elementor-widget-text-editor\" data-id=\"5abfe76\" data-element_type=\"widget\" data-widget_type=\"text-editor.default\">\n\t\t\t\t<div class=\"elementor-widget-container\">\n\t\t\t\t\t\t\t\t\t<p>Store the solar energy you need with our extension batteries.<\/p>\t\t\t\t\t\t\t\t<\/div>\n\t\t\t\t<\/div>\n\t\t\t\t<\/div>\n\t\t\t\t\t<\/div>\n\t\t\t\t<\/div>\n\t\t<div class=\"elementor-element elementor-element-945d03f e-flex e-con-boxed wpr-particle-no wpr-jarallax-no wpr-parallax-no wpr-sticky-section-no e-con e-parent\" data-id=\"945d03f\" data-element_type=\"container\">\n\t\t\t\t\t<div class=\"e-con-inner\">\n\t\t<div class=\"elementor-element elementor-element-c5c6b91 e-con-full e-flex wpr-particle-no wpr-jarallax-no wpr-parallax-no wpr-sticky-section-no e-con e-child\" data-id=\"c5c6b91\" data-element_type=\"container\">\n\t\t\t\t<div class=\"elementor-element elementor-element-0b0c7eb elementor-widget elementor-widget-heading\" data-id=\"0b0c7eb\" data-element_type=\"widget\" data-widget_type=\"heading.default\">\n\t\t\t\t<div class=\"elementor-widget-container\">\n\t\t\t\t\t<h3 class=\"elementor-heading-title elementor-size-default\">B300K Expansion battery | 2764.8Wh<\/h3>\t\t\t\t<\/div>\n\t\t\t\t<\/div>\n\t\t\t\t<div class=\"elementor-element elementor-element-0d03d78 elementor-widget elementor-widget-text-editor\" data-id=\"0d03d78\" data-element_type=\"widget\" data-widget_type=\"text-editor.default\">\n\t\t\t\t<div class=\"elementor-widget-container\">\n\t\t\t\t\t\t\t\t\t<ul><li>2,764.8 Wh LiFePO4 battery<\/li><li>Expandable capacity up to 16,588 Wh (with AC500)<\/li><li>Integrated USB-A port for convenient charging of your devices<\/li><li>Compatible generators: AC200 MAX, AC200L, AC300, AC500<\/li><li>Recharges to 80% in 45 minutes<\/li><li>Dimensions (W \u00d7 L \u00d7 D): 525 \u00d7 327 \u00d7 209 mm<\/li><\/ul>\t\t\t\t\t\t\t\t<\/div>\n\t\t\t\t<\/div>\n\t\t\t\t<div class=\"elementor-element elementor-element-b29aec5 elementor-widget elementor-widget-text-editor\" data-id=\"b29aec5\" data-element_type=\"widget\" data-widget_type=\"text-editor.default\">\n\t\t\t\t<div class=\"elementor-widget-container\">\n\t\t\t\t\t\t\t\t\t<p><strong>Fast charging: 45 min to 80%.<\/strong><\/p><p>\u00a0<\/p>\t\t\t\t\t\t\t\t<\/div>\n\t\t\t\t<\/div>\n\t\t\t\t<div class=\"elementor-element elementor-element-500386a wpr-button-icon-style-inline wpr-button-icon-position-right elementor-widget elementor-widget-wpr-button\" data-id=\"500386a\" data-element_type=\"widget\" data-widget_type=\"wpr-button.default\">\n\t\t\t\t<div class=\"elementor-widget-container\">\n\t\t\t\t\t\t\n\t\t\t\n\t\t\n\t\t<div class=\"wpr-button-wrap elementor-clearfix\">\n\t\t<div class=\"wpr-button wpr-button-effect wpr-button-none\" data-text=\"\">\n\t\t\t\n\t\t\t<span class=\"wpr-button-content\">\n\t\t\t\t\t\t\t\t\t<span class=\"wpr-button-text\">Prix de vente : 1 100 000FCFA<\/span>\n\t\t\t\t\t\t\t\t\n\t\t\t\t\t\t\t<\/span>\n\t\t<\/div>\n\n\t\t\t\t<\/div>\n\t\n\t\n\t\t\t\t\t<\/div>\n\t\t\t\t<\/div>\n\t\t\t\t<\/div>\n\t\t<div class=\"elementor-element elementor-element-f509fb5 e-con-full e-flex wpr-particle-no wpr-jarallax-no wpr-parallax-no wpr-sticky-section-no e-con e-child\" data-id=\"f509fb5\" data-element_type=\"container\">\n\t\t\t\t<div class=\"elementor-element elementor-element-033ee94 elementor-widget elementor-widget-image\" data-id=\"033ee94\" data-element_type=\"widget\" data-widget_type=\"image.default\">\n\t\t\t\t<div class=\"elementor-widget-container\">\n\t\t\t\t\t\t\t\t\t\t\t\t\t\t\t<img fetchpriority=\"high\" decoding=\"async\" width=\"400\" height=\"300\" src=\"https:\/\/gmnsolarenergy.com\/wp-content\/uploads\/2025\/05\/6_Batterie-extension-B300K.webp\" class=\"attachment-large size-large wp-image-1996\" alt=\"\" srcset=\"https:\/\/gmnsolarenergy.com\/wp-content\/uploads\/2025\/05\/6_Batterie-extension-B300K.webp 400w, https:\/\/gmnsolarenergy.com\/wp-content\/uploads\/2025\/05\/6_Batterie-extension-B300K-300x225.webp 300w\" sizes=\"(max-width: 400px) 100vw, 400px\" \/>\t\t\t\t\t\t\t\t\t\t\t\t\t\t\t<\/div>\n\t\t\t\t<\/div>\n\t\t\t\t<\/div>\n\t\t\t\t\t<\/div>\n\t\t\t\t<\/div>\n\t\t\t\t<\/div>","protected":false},"excerpt":{"rendered":"<p>Batteries d&rsquo;extension Gr\u00e2ce \u00e0 nos batteries d\u2019extension, stockez l\u2019\u00e9nergie solaire dont vous avez besoin. B300K Batterie d&rsquo;extension | 2764,8Wh Batterie LiFePO4 de 2 764,8 Wh Capacit\u00e9 extensible jusqu&rsquo;\u00e0 16 588 Wh (avec AC500) Port USB-A int\u00e9gr\u00e9 pour recharger vos appareils en toute commodit\u00e9 G\u00e9n\u00e9rateurs compatibles: AC200 MAX, AC200L, AC300, AC500 Rechargement \u00e0 80% en 45 minutes Dimensions (L \u00d7 L \u00d7 P): 525 \u00d7 327 \u00d7 209 mm Chargement rapide : 45 min pour atteindre 80% \u00a0 Prix de vente : 1 100 000FCFA<\/p>","protected":false},"author":1,"featured_media":0,"parent":1779,"menu_order":0,"comment_status":"closed","ping_status":"closed","template":"elementor_canvas","meta":{"footnotes":""},"class_list":["post-1815","page","type-page","status-publish","hentry"],"blocksy_meta":[],"_links":{"self":[{"href":"https:\/\/gmnsolarenergy.com\/en\/wp-json\/wp\/v2\/pages\/1815","targetHints":{"allow":["GET"]}}],"collection":[{"href":"https:\/\/gmnsolarenergy.com\/en\/wp-json\/wp\/v2\/pages"}],"about":[{"href":"https:\/\/gmnsolarenergy.com\/en\/wp-json\/wp\/v2\/types\/page"}],"author":[{"embeddable":true,"href":"https:\/\/gmnsolarenergy.com\/en\/wp-json\/wp\/v2\/users\/1"}],"replies":[{"embeddable":true,"href":"https:\/\/gmnsolarenergy.com\/en\/wp-json\/wp\/v2\/comments?post=1815"}],"version-history":[{"count":7,"href":"https:\/\/gmnsolarenergy.com\/en\/wp-json\/wp\/v2\/pages\/1815\/revisions"}],"predecessor-version":[{"id":3194,"href":"https:\/\/gmnsolarenergy.com\/en\/wp-json\/wp\/v2\/pages\/1815\/revisions\/3194"}],"up":[{"embeddable":true,"href":"https:\/\/gmnsolarenergy.com\/en\/wp-json\/wp\/v2\/pages\/1779"}],"wp:attachment":[{"href":"https:\/\/gmnsolarenergy.com\/en\/wp-json\/wp\/v2\/media?parent=1815"}],"curies":[{"name":"wp","href":"https:\/\/api.w.org\/{rel}","templated":true}]}}