{"id":1806,"date":"2025-05-10T19:47:18","date_gmt":"2025-05-10T17:47:18","guid":{"rendered":"https:\/\/gmnsolarenergy.com\/?page_id=1806"},"modified":"2025-12-02T20:38:53","modified_gmt":"2025-12-02T19:38:53","slug":"b210-batterie-dextension-2-150-wh","status":"publish","type":"page","link":"https:\/\/gmnsolarenergy.com\/en\/batteries-dextensions\/b210-batterie-dextension-2-150-wh\/","title":{"rendered":"B210 Batterie d&rsquo;extension | 2 150 Wh"},"content":{"rendered":"<div data-elementor-type=\"wp-page\" data-elementor-id=\"1806\" class=\"elementor elementor-1806\">\n\t\t\t\t<div class=\"elementor-element elementor-element-90c3f90 e-flex e-con-boxed wpr-particle-no wpr-jarallax-no wpr-parallax-no wpr-sticky-section-no e-con e-parent\" data-id=\"90c3f90\" data-element_type=\"container\" data-settings=\"{&quot;background_background&quot;:&quot;classic&quot;}\">\n\t\t\t\t\t<div class=\"e-con-inner\">\n\t\t<div class=\"elementor-element elementor-element-579a888 e-con-full e-flex wpr-particle-no wpr-jarallax-no wpr-parallax-no wpr-sticky-section-no e-con e-child\" data-id=\"579a888\" data-element_type=\"container\">\n\t\t\t\t<div class=\"elementor-element elementor-element-7cbca17 elementor-widget elementor-widget-heading\" data-id=\"7cbca17\" data-element_type=\"widget\" data-widget_type=\"heading.default\">\n\t\t\t\t<div class=\"elementor-widget-container\">\n\t\t\t\t\t<h2 class=\"elementor-heading-title elementor-size-default\">Extension batteries<\/h2>\t\t\t\t<\/div>\n\t\t\t\t<\/div>\n\t\t\t\t<div class=\"elementor-element elementor-element-0d4fd24 elementor-widget elementor-widget-text-editor\" data-id=\"0d4fd24\" data-element_type=\"widget\" data-widget_type=\"text-editor.default\">\n\t\t\t\t<div class=\"elementor-widget-container\">\n\t\t\t\t\t\t\t\t\t<p>Store the solar energy you need with our extension batteries.<\/p>\t\t\t\t\t\t\t\t<\/div>\n\t\t\t\t<\/div>\n\t\t\t\t<\/div>\n\t\t\t\t\t<\/div>\n\t\t\t\t<\/div>\n\t\t<div class=\"elementor-element elementor-element-c3a2c84 e-flex e-con-boxed wpr-particle-no wpr-jarallax-no wpr-parallax-no wpr-sticky-section-no e-con e-parent\" data-id=\"c3a2c84\" data-element_type=\"container\">\n\t\t\t\t\t<div class=\"e-con-inner\">\n\t\t<div class=\"elementor-element elementor-element-7cd3246 e-con-full e-flex wpr-particle-no wpr-jarallax-no wpr-parallax-no wpr-sticky-section-no e-con e-child\" data-id=\"7cd3246\" data-element_type=\"container\">\n\t\t\t\t<div class=\"elementor-element elementor-element-e0e40ab elementor-widget elementor-widget-heading\" data-id=\"e0e40ab\" data-element_type=\"widget\" data-widget_type=\"heading.default\">\n\t\t\t\t<div class=\"elementor-widget-container\">\n\t\t\t\t\t<h3 class=\"elementor-heading-title elementor-size-default\">B210 Extension battery | 2150Wh <\/h3>\t\t\t\t<\/div>\n\t\t\t\t<\/div>\n\t\t\t\t<div class=\"elementor-element elementor-element-1745971 elementor-widget elementor-widget-text-editor\" data-id=\"1745971\" data-element_type=\"widget\" data-widget_type=\"text-editor.default\">\n\t\t\t\t<div class=\"elementor-widget-container\">\n\t\t\t\t\t\t\t\t\t<ul><li class=\"translation-block\">Water and dust resistant IP65 for extreme conditions.<\/li><li>LiFePO\u2084 batteries for enhanced safety.<\/li><li>Intelligent battery management system (BMS).<\/li><li class=\"translation-block\">Compatible generators: AC200L, AC200PL, AC240,\nAC200Max, Elite 200V2.<\/li><li>Solar charge 500 W max; charged in 4.5 hours.<\/li><li>Dimensions (L \u00d7 W \u00d7 D): 416.6 \u00d7 282.4 \u00d7 269.5 mm.<\/li><\/ul>\t\t\t\t\t\t\t\t<\/div>\n\t\t\t\t<\/div>\n\t\t\t\t<div class=\"elementor-element elementor-element-4956057 wpr-button-icon-style-inline wpr-button-icon-position-right elementor-widget elementor-widget-wpr-button\" data-id=\"4956057\" data-element_type=\"widget\" data-widget_type=\"wpr-button.default\">\n\t\t\t\t<div class=\"elementor-widget-container\">\n\t\t\t\t\t\t\n\t\t\t\n\t\t\n\t\t<div class=\"wpr-button-wrap elementor-clearfix\">\n\t\t<div class=\"wpr-button wpr-button-effect wpr-button-none\" data-text=\"\">\n\t\t\t\n\t\t\t<span class=\"wpr-button-content\">\n\t\t\t\t\t\t\t\t\t<span class=\"wpr-button-text\">Prix de vente : 1 000 000FCFA<\/span>\n\t\t\t\t\t\t\t\t\n\t\t\t\t\t\t\t<\/span>\n\t\t<\/div>\n\n\t\t\t\t<\/div>\n\t\n\t\n\t\t\t\t\t<\/div>\n\t\t\t\t<\/div>\n\t\t\t\t<\/div>\n\t\t<div class=\"elementor-element elementor-element-d3bb751 e-con-full e-flex wpr-particle-no wpr-jarallax-no wpr-parallax-no wpr-sticky-section-no e-con e-child\" data-id=\"d3bb751\" data-element_type=\"container\">\n\t\t\t\t<div class=\"elementor-element elementor-element-7595f1d elementor-widget elementor-widget-image\" data-id=\"7595f1d\" data-element_type=\"widget\" data-widget_type=\"image.default\">\n\t\t\t\t<div class=\"elementor-widget-container\">\n\t\t\t\t\t\t\t\t\t\t\t\t\t\t\t<img fetchpriority=\"high\" decoding=\"async\" width=\"400\" height=\"300\" src=\"https:\/\/gmnsolarenergy.com\/wp-content\/uploads\/2025\/05\/5_B210-Batterie-dextension-2-150-Wh.webp\" class=\"attachment-large size-large wp-image-1995\" alt=\"\" srcset=\"https:\/\/gmnsolarenergy.com\/wp-content\/uploads\/2025\/05\/5_B210-Batterie-dextension-2-150-Wh.webp 400w, https:\/\/gmnsolarenergy.com\/wp-content\/uploads\/2025\/05\/5_B210-Batterie-dextension-2-150-Wh-300x225.webp 300w\" sizes=\"(max-width: 400px) 100vw, 400px\" \/>\t\t\t\t\t\t\t\t\t\t\t\t\t\t\t<\/div>\n\t\t\t\t<\/div>\n\t\t\t\t<\/div>\n\t\t\t\t\t<\/div>\n\t\t\t\t<\/div>\n\t\t\t\t<\/div>","protected":false},"excerpt":{"rendered":"<p>Batteries d&rsquo;extension Gr\u00e2ce \u00e0 nos batteries d\u2019extension, stockez l\u2019\u00e9nergie solaire dont vous avez besoin. B210 Batterie d&rsquo;extension | 2150Wh R\u00e9sistance \u00e0 l&rsquo;eau et \u00e0 la poussi\u00e8re IP65 pour lesconditions extr\u00eames. Batteries LiFePO\u2084 pour une s\u00e9curit\u00e9 accrue. Syst\u00e8me intelligent de gestion de la batterie (BMS). G\u00e9n\u00e9rateurs compatibles: AC200L, AC200PL, AC240,AC200Max, Elite 200V2. Charge solaire 500 W max; charg\u00e9 en 4,5 heures. Dimensions (L \u00d7 L \u00d7 P): 416,6 \u00d7 282,4 \u00d7 269,5 mm. Prix de vente : 1 000 000FCFA<\/p>","protected":false},"author":1,"featured_media":0,"parent":1779,"menu_order":0,"comment_status":"closed","ping_status":"closed","template":"elementor_canvas","meta":{"footnotes":""},"class_list":["post-1806","page","type-page","status-publish","hentry"],"blocksy_meta":[],"_links":{"self":[{"href":"https:\/\/gmnsolarenergy.com\/en\/wp-json\/wp\/v2\/pages\/1806","targetHints":{"allow":["GET"]}}],"collection":[{"href":"https:\/\/gmnsolarenergy.com\/en\/wp-json\/wp\/v2\/pages"}],"about":[{"href":"https:\/\/gmnsolarenergy.com\/en\/wp-json\/wp\/v2\/types\/page"}],"author":[{"embeddable":true,"href":"https:\/\/gmnsolarenergy.com\/en\/wp-json\/wp\/v2\/users\/1"}],"replies":[{"embeddable":true,"href":"https:\/\/gmnsolarenergy.com\/en\/wp-json\/wp\/v2\/comments?post=1806"}],"version-history":[{"count":10,"href":"https:\/\/gmnsolarenergy.com\/en\/wp-json\/wp\/v2\/pages\/1806\/revisions"}],"predecessor-version":[{"id":3187,"href":"https:\/\/gmnsolarenergy.com\/en\/wp-json\/wp\/v2\/pages\/1806\/revisions\/3187"}],"up":[{"embeddable":true,"href":"https:\/\/gmnsolarenergy.com\/en\/wp-json\/wp\/v2\/pages\/1779"}],"wp:attachment":[{"href":"https:\/\/gmnsolarenergy.com\/en\/wp-json\/wp\/v2\/media?parent=1806"}],"curies":[{"name":"wp","href":"https:\/\/api.w.org\/{rel}","templated":true}]}}