{"id":1799,"date":"2025-05-10T19:44:54","date_gmt":"2025-05-10T17:44:54","guid":{"rendered":"https:\/\/gmnsolarenergy.com\/?page_id=1799"},"modified":"2025-06-03T23:08:38","modified_gmt":"2025-06-03T21:08:38","slug":"flashspeed1500-extra-batterie-dextension-1548-wh","status":"publish","type":"page","link":"https:\/\/gmnsolarenergy.com\/en\/batteries-dextensions\/flashspeed1500-extra-batterie-dextension-1548-wh\/","title":{"rendered":"Flashspeed1500 extra batterie d\u2019extension \/ 1548 Wh"},"content":{"rendered":"<div data-elementor-type=\"wp-page\" data-elementor-id=\"1799\" class=\"elementor elementor-1799\">\n\t\t\t\t<div class=\"elementor-element elementor-element-571ff18 e-flex e-con-boxed wpr-particle-no wpr-jarallax-no wpr-parallax-no wpr-sticky-section-no e-con e-parent\" data-id=\"571ff18\" data-element_type=\"container\" data-settings=\"{&quot;background_background&quot;:&quot;classic&quot;}\">\n\t\t\t\t\t<div class=\"e-con-inner\">\n\t\t<div class=\"elementor-element elementor-element-17a5046 e-con-full e-flex wpr-particle-no wpr-jarallax-no wpr-parallax-no wpr-sticky-section-no e-con e-child\" data-id=\"17a5046\" data-element_type=\"container\">\n\t\t\t\t<div class=\"elementor-element elementor-element-124764a elementor-widget elementor-widget-heading\" data-id=\"124764a\" data-element_type=\"widget\" data-widget_type=\"heading.default\">\n\t\t\t\t<div class=\"elementor-widget-container\">\n\t\t\t\t\t<h2 class=\"elementor-heading-title elementor-size-default\">Extension batteries<\/h2>\t\t\t\t<\/div>\n\t\t\t\t<\/div>\n\t\t\t\t<div class=\"elementor-element elementor-element-aaf8195 elementor-widget elementor-widget-text-editor\" data-id=\"aaf8195\" data-element_type=\"widget\" data-widget_type=\"text-editor.default\">\n\t\t\t\t<div class=\"elementor-widget-container\">\n\t\t\t\t\t\t\t\t\t<p>Store the solar energy you need with our extension batteries.<\/p>\t\t\t\t\t\t\t\t<\/div>\n\t\t\t\t<\/div>\n\t\t\t\t<\/div>\n\t\t\t\t\t<\/div>\n\t\t\t\t<\/div>\n\t\t<div class=\"elementor-element elementor-element-5d989e1 e-flex e-con-boxed wpr-particle-no wpr-jarallax-no wpr-parallax-no wpr-sticky-section-no e-con e-parent\" data-id=\"5d989e1\" data-element_type=\"container\">\n\t\t\t\t\t<div class=\"e-con-inner\">\n\t\t<div class=\"elementor-element elementor-element-6996a80 e-con-full e-flex wpr-particle-no wpr-jarallax-no wpr-parallax-no wpr-sticky-section-no e-con e-child\" data-id=\"6996a80\" data-element_type=\"container\">\n\t\t\t\t<div class=\"elementor-element elementor-element-b113150 elementor-widget elementor-widget-heading\" data-id=\"b113150\" data-element_type=\"widget\" data-widget_type=\"heading.default\">\n\t\t\t\t<div class=\"elementor-widget-container\">\n\t\t\t\t\t<h3 class=\"elementor-heading-title elementor-size-default\">Flashspeed1500 extra extension battery \/ 1548Wh<\/h3>\t\t\t\t<\/div>\n\t\t\t\t<\/div>\n\t\t\t\t<div class=\"elementor-element elementor-element-b29ceed elementor-widget elementor-widget-text-editor\" data-id=\"b29ceed\" data-element_type=\"widget\" data-widget_type=\"text-editor.default\">\n\t\t\t\t<div class=\"elementor-widget-container\">\n\t\t\t\t\t\t\t\t\t<ul><li class=\"translation-block\">The VTOMAN FlashSpeed 1500 extra battery has\na large capacity of 1548Wh.<\/li><li class=\"translation-block\">It can extend the capacity of the FlashSpeed 1500 power plant from 1548Wh to 3096Wh.<\/li><\/ul>\t\t\t\t\t\t\t\t<\/div>\n\t\t\t\t<\/div>\n\t\t\t\t<div class=\"elementor-element elementor-element-2670132 wpr-button-icon-style-inline wpr-button-icon-position-right elementor-widget elementor-widget-wpr-button\" data-id=\"2670132\" data-element_type=\"widget\" data-widget_type=\"wpr-button.default\">\n\t\t\t\t<div class=\"elementor-widget-container\">\n\t\t\t\t\t\t\n\t\t\t\n\t\t\n\t\t<div class=\"wpr-button-wrap elementor-clearfix\">\n\t\t<div class=\"wpr-button wpr-button-effect wpr-button-none\" data-text=\"\">\n\t\t\t\n\t\t\t<span class=\"wpr-button-content\">\n\t\t\t\t\t\t\t\t\t<span class=\"wpr-button-text\">Prix de vente :  600 000FCFA<\/span>\n\t\t\t\t\t\t\t\t\n\t\t\t\t\t\t\t<\/span>\n\t\t<\/div>\n\n\t\t\t\t<\/div>\n\t\n\t\n\t\t\t\t\t<\/div>\n\t\t\t\t<\/div>\n\t\t\t\t<\/div>\n\t\t<div class=\"elementor-element elementor-element-6d890c9 e-con-full e-flex wpr-particle-no wpr-jarallax-no wpr-parallax-no wpr-sticky-section-no e-con e-child\" data-id=\"6d890c9\" data-element_type=\"container\">\n\t\t\t\t<\/div>\n\t\t\t\t\t<\/div>\n\t\t\t\t<\/div>\n\t\t\t\t<\/div>","protected":false},"excerpt":{"rendered":"<p>Batteries d&rsquo;extension Gr\u00e2ce \u00e0 nos batteries d\u2019extension, stockez l\u2019\u00e9nergie solaire dont vous avez besoin. Flashspeed1500 extra batterie d\u2019extension \/ 1548Wh La batterie suppl\u00e9mentaire VTOMAN FlashSpeed 1500 aune grande capacit\u00e9 de 1548Wh. Elle peut \u00e9tendre la capacit\u00e9 de la centrale \u00e9lectriqueFlashSpeed 1500 de 1548Wh \u00e0 3096Wh. Prix de vente : 600 000FCFA<\/p>","protected":false},"author":1,"featured_media":0,"parent":1779,"menu_order":0,"comment_status":"closed","ping_status":"closed","template":"elementor_canvas","meta":{"footnotes":""},"class_list":["post-1799","page","type-page","status-publish","hentry"],"blocksy_meta":[],"_links":{"self":[{"href":"https:\/\/gmnsolarenergy.com\/en\/wp-json\/wp\/v2\/pages\/1799","targetHints":{"allow":["GET"]}}],"collection":[{"href":"https:\/\/gmnsolarenergy.com\/en\/wp-json\/wp\/v2\/pages"}],"about":[{"href":"https:\/\/gmnsolarenergy.com\/en\/wp-json\/wp\/v2\/types\/page"}],"author":[{"embeddable":true,"href":"https:\/\/gmnsolarenergy.com\/en\/wp-json\/wp\/v2\/users\/1"}],"replies":[{"embeddable":true,"href":"https:\/\/gmnsolarenergy.com\/en\/wp-json\/wp\/v2\/comments?post=1799"}],"version-history":[{"count":10,"href":"https:\/\/gmnsolarenergy.com\/en\/wp-json\/wp\/v2\/pages\/1799\/revisions"}],"predecessor-version":[{"id":3184,"href":"https:\/\/gmnsolarenergy.com\/en\/wp-json\/wp\/v2\/pages\/1799\/revisions\/3184"}],"up":[{"embeddable":true,"href":"https:\/\/gmnsolarenergy.com\/en\/wp-json\/wp\/v2\/pages\/1779"}],"wp:attachment":[{"href":"https:\/\/gmnsolarenergy.com\/en\/wp-json\/wp\/v2\/media?parent=1799"}],"curies":[{"name":"wp","href":"https:\/\/api.w.org\/{rel}","templated":true}]}}