{"id":1789,"date":"2025-05-10T19:40:11","date_gmt":"2025-05-10T17:40:11","guid":{"rendered":"https:\/\/gmnsolarenergy.com\/?page_id=1789"},"modified":"2025-06-03T23:06:14","modified_gmt":"2025-06-03T21:06:14","slug":"b80p-batterie-dextension-806-wh","status":"publish","type":"page","link":"https:\/\/gmnsolarenergy.com\/en\/batteries-dextensions\/b80p-batterie-dextension-806-wh\/","title":{"rendered":"B80P Batterie d&rsquo;extension | 806 Wh"},"content":{"rendered":"<div data-elementor-type=\"wp-page\" data-elementor-id=\"1789\" class=\"elementor elementor-1789\">\n\t\t\t\t<div class=\"elementor-element elementor-element-7dde6c0 e-flex e-con-boxed wpr-particle-no wpr-jarallax-no wpr-parallax-no wpr-sticky-section-no e-con e-parent\" data-id=\"7dde6c0\" data-element_type=\"container\" data-settings=\"{&quot;background_background&quot;:&quot;classic&quot;}\">\n\t\t\t\t\t<div class=\"e-con-inner\">\n\t\t<div class=\"elementor-element elementor-element-8056218 e-con-full e-flex wpr-particle-no wpr-jarallax-no wpr-parallax-no wpr-sticky-section-no e-con e-child\" data-id=\"8056218\" data-element_type=\"container\">\n\t\t\t\t<div class=\"elementor-element elementor-element-ee9e362 elementor-widget elementor-widget-heading\" data-id=\"ee9e362\" data-element_type=\"widget\" data-widget_type=\"heading.default\">\n\t\t\t\t<div class=\"elementor-widget-container\">\n\t\t\t\t\t<h2 class=\"elementor-heading-title elementor-size-default\">Extension batteries<\/h2>\t\t\t\t<\/div>\n\t\t\t\t<\/div>\n\t\t\t\t<div class=\"elementor-element elementor-element-0f039cc elementor-widget elementor-widget-text-editor\" data-id=\"0f039cc\" data-element_type=\"widget\" data-widget_type=\"text-editor.default\">\n\t\t\t\t<div class=\"elementor-widget-container\">\n\t\t\t\t\t\t\t\t\t<p>Store the solar energy you need with our extension batteries.<\/p>\t\t\t\t\t\t\t\t<\/div>\n\t\t\t\t<\/div>\n\t\t\t\t<\/div>\n\t\t\t\t\t<\/div>\n\t\t\t\t<\/div>\n\t\t<div class=\"elementor-element elementor-element-ff3b36e e-flex e-con-boxed wpr-particle-no wpr-jarallax-no wpr-parallax-no wpr-sticky-section-no e-con e-parent\" data-id=\"ff3b36e\" data-element_type=\"container\">\n\t\t\t\t\t<div class=\"e-con-inner\">\n\t\t<div class=\"elementor-element elementor-element-8307bc8 e-con-full e-flex wpr-particle-no wpr-jarallax-no wpr-parallax-no wpr-sticky-section-no e-con e-child\" data-id=\"8307bc8\" data-element_type=\"container\">\n\t\t\t\t<div class=\"elementor-element elementor-element-89d377e elementor-widget elementor-widget-heading\" data-id=\"89d377e\" data-element_type=\"widget\" data-widget_type=\"heading.default\">\n\t\t\t\t<div class=\"elementor-widget-container\">\n\t\t\t\t\t<h3 class=\"elementor-heading-title elementor-size-default\">B80P Extension battery | 806Wh\n<\/h3>\t\t\t\t<\/div>\n\t\t\t\t<\/div>\n\t\t\t\t<div class=\"elementor-element elementor-element-5bf46aa elementor-widget elementor-widget-text-editor\" data-id=\"5bf46aa\" data-element_type=\"widget\" data-widget_type=\"text-editor.default\">\n\t\t\t\t<div class=\"elementor-widget-container\">\n\t\t\t\t\t\t\t\t\t<ul><li>Extension battery for AC60<\/li><li>Stand-alone power station 806 Wh<\/li><li>Water and dust resistant<\/li><li>Extension of AC180\/EB3A\/EB55\/EB70 in central mode electric<br \/>\u00e9lectrique<\/li><li class=\"translation-block\">Four charging modes: Recharge via AC60, solar,\ncar (cigarette lighter) and adapter<\/li><li>Solar charge 200W max; charged in less than 5 hours<\/li><li>Dimensions (L \u00d7 h \u00d7 W): 290 mm \u00d7 207 mm \u00d7 204 mm<\/li><\/ul>\t\t\t\t\t\t\t\t<\/div>\n\t\t\t\t<\/div>\n\t\t\t\t<div class=\"elementor-element elementor-element-44d82a4 elementor-widget elementor-widget-text-editor\" data-id=\"44d82a4\" data-element_type=\"widget\" data-widget_type=\"text-editor.default\">\n\t\t\t\t<div class=\"elementor-widget-container\">\n\t\t\t\t\t\t\t\t\t<p><strong>Maximum solar charge 200 W<\/strong><\/p>\t\t\t\t\t\t\t\t<\/div>\n\t\t\t\t<\/div>\n\t\t\t\t<div class=\"elementor-element elementor-element-58108d1 wpr-button-icon-style-inline wpr-button-icon-position-right elementor-widget elementor-widget-wpr-button\" data-id=\"58108d1\" data-element_type=\"widget\" data-widget_type=\"wpr-button.default\">\n\t\t\t\t<div class=\"elementor-widget-container\">\n\t\t\t\t\t\t\n\t\t\t\n\t\t\n\t\t<div class=\"wpr-button-wrap elementor-clearfix\">\n\t\t<div class=\"wpr-button wpr-button-effect wpr-button-none\" data-text=\"\">\n\t\t\t\n\t\t\t<span class=\"wpr-button-content\">\n\t\t\t\t\t\t\t\t\t<span class=\"wpr-button-text\">Prix de vente :  500 000FCFA<\/span>\n\t\t\t\t\t\t\t\t\n\t\t\t\t\t\t\t<\/span>\n\t\t<\/div>\n\n\t\t\t\t<\/div>\n\t\n\t\n\t\t\t\t\t<\/div>\n\t\t\t\t<\/div>\n\t\t\t\t<\/div>\n\t\t<div class=\"elementor-element elementor-element-5d317eb e-con-full e-flex wpr-particle-no wpr-jarallax-no wpr-parallax-no wpr-sticky-section-no e-con e-child\" data-id=\"5d317eb\" data-element_type=\"container\">\n\t\t\t\t<div class=\"elementor-element elementor-element-6c6074d elementor-widget elementor-widget-image\" data-id=\"6c6074d\" data-element_type=\"widget\" data-widget_type=\"image.default\">\n\t\t\t\t<div class=\"elementor-widget-container\">\n\t\t\t\t\t\t\t\t\t\t\t\t\t\t\t<img fetchpriority=\"high\" decoding=\"async\" width=\"400\" height=\"300\" src=\"https:\/\/gmnsolarenergy.com\/wp-content\/uploads\/2025\/05\/2_B80P-Batterie-dextension-806-Wh.webp\" class=\"attachment-large size-large wp-image-1993\" alt=\"\" srcset=\"https:\/\/gmnsolarenergy.com\/wp-content\/uploads\/2025\/05\/2_B80P-Batterie-dextension-806-Wh.webp 400w, https:\/\/gmnsolarenergy.com\/wp-content\/uploads\/2025\/05\/2_B80P-Batterie-dextension-806-Wh-300x225.webp 300w\" sizes=\"(max-width: 400px) 100vw, 400px\" \/>\t\t\t\t\t\t\t\t\t\t\t\t\t\t\t<\/div>\n\t\t\t\t<\/div>\n\t\t\t\t<\/div>\n\t\t\t\t\t<\/div>\n\t\t\t\t<\/div>\n\t\t\t\t<\/div>","protected":false},"excerpt":{"rendered":"<p>Batteries d&rsquo;extension Gr\u00e2ce \u00e0 nos batteries d\u2019extension, stockez l\u2019\u00e9nergie solaire dont vous avez besoin. B80P Batterie d&rsquo;extension | 806Wh Batterie d&rsquo;extension pour AC60 Station d&rsquo;\u00e9nergie autonome 806 Wh R\u00e9sistance \u00e0 l&rsquo;eau et \u00e0 la poussi\u00e8re Extension des AC180\/EB3A\/EB55\/EB70 en mode centrale\u00e9lectrique Quatre modes de recharge : Recharge via AC60, solaire,voiture (allume-cigare) et adaptateur Charge solaire 200W max; charg\u00e9 en moins de 5 heures Dimensions (L \u00d7 h \u00d7 l) : 290 mm \u00d7 207 mm \u00d7 204 mm Recharge solaire maximum de 200 W Prix de vente : 500 000FCFA<\/p>","protected":false},"author":1,"featured_media":0,"parent":1779,"menu_order":0,"comment_status":"closed","ping_status":"closed","template":"elementor_canvas","meta":{"footnotes":""},"class_list":["post-1789","page","type-page","status-publish","hentry"],"blocksy_meta":[],"_links":{"self":[{"href":"https:\/\/gmnsolarenergy.com\/en\/wp-json\/wp\/v2\/pages\/1789","targetHints":{"allow":["GET"]}}],"collection":[{"href":"https:\/\/gmnsolarenergy.com\/en\/wp-json\/wp\/v2\/pages"}],"about":[{"href":"https:\/\/gmnsolarenergy.com\/en\/wp-json\/wp\/v2\/types\/page"}],"author":[{"embeddable":true,"href":"https:\/\/gmnsolarenergy.com\/en\/wp-json\/wp\/v2\/users\/1"}],"replies":[{"embeddable":true,"href":"https:\/\/gmnsolarenergy.com\/en\/wp-json\/wp\/v2\/comments?post=1789"}],"version-history":[{"count":7,"href":"https:\/\/gmnsolarenergy.com\/en\/wp-json\/wp\/v2\/pages\/1789\/revisions"}],"predecessor-version":[{"id":3181,"href":"https:\/\/gmnsolarenergy.com\/en\/wp-json\/wp\/v2\/pages\/1789\/revisions\/3181"}],"up":[{"embeddable":true,"href":"https:\/\/gmnsolarenergy.com\/en\/wp-json\/wp\/v2\/pages\/1779"}],"wp:attachment":[{"href":"https:\/\/gmnsolarenergy.com\/en\/wp-json\/wp\/v2\/media?parent=1789"}],"curies":[{"name":"wp","href":"https:\/\/api.w.org\/{rel}","templated":true}]}}