{"id":1734,"date":"2025-05-10T18:15:08","date_gmt":"2025-05-10T16:15:08","guid":{"rendered":"https:\/\/gmnsolarenergy.com\/?page_id=1734"},"modified":"2025-06-03T20:43:17","modified_gmt":"2025-06-03T18:43:17","slug":"jump-2200-generateur-solaire-2200-w-1548-wh","status":"publish","type":"page","link":"https:\/\/gmnsolarenergy.com\/en\/generateurs-solaires\/jump-2200-generateur-solaire-2200-w-1548-wh\/","title":{"rendered":"Jump 2200 g\u00e9n\u00e9rateur solaire | 2200 W\/ 1548 Wh"},"content":{"rendered":"<div data-elementor-type=\"wp-page\" data-elementor-id=\"1734\" class=\"elementor elementor-1734\">\n\t\t\t\t<div class=\"elementor-element elementor-element-07dde04 e-flex e-con-boxed wpr-particle-no wpr-jarallax-no wpr-parallax-no wpr-sticky-section-no e-con e-parent\" data-id=\"07dde04\" data-element_type=\"container\" data-settings=\"{&quot;background_background&quot;:&quot;classic&quot;}\">\n\t\t\t\t\t<div class=\"e-con-inner\">\n\t\t<div class=\"elementor-element elementor-element-c7c7d19 e-con-full e-flex wpr-particle-no wpr-jarallax-no wpr-parallax-no wpr-sticky-section-no e-con e-child\" data-id=\"c7c7d19\" data-element_type=\"container\">\n\t\t\t\t<div class=\"elementor-element elementor-element-87722a8 elementor-widget elementor-widget-heading\" data-id=\"87722a8\" data-element_type=\"widget\" data-widget_type=\"heading.default\">\n\t\t\t\t<div class=\"elementor-widget-container\">\n\t\t\t\t\t<h2 class=\"elementor-heading-title elementor-size-default\">Solar generators<\/h2>\t\t\t\t<\/div>\n\t\t\t\t<\/div>\n\t\t\t\t<div class=\"elementor-element elementor-element-a89efdd elementor-widget elementor-widget-text-editor\" data-id=\"a89efdd\" data-element_type=\"widget\" data-widget_type=\"text-editor.default\">\n\t\t\t\t<div class=\"elementor-widget-container\">\n\t\t\t\t\t\t\t\t\t<p>Choose the right solar generator for your daily needs<\/p>\t\t\t\t\t\t\t\t<\/div>\n\t\t\t\t<\/div>\n\t\t\t\t<\/div>\n\t\t\t\t\t<\/div>\n\t\t\t\t<\/div>\n\t\t\t\t<section class=\"elementor-section elementor-top-section elementor-element elementor-element-17948b4 elementor-section-boxed elementor-section-height-default elementor-section-height-default wpr-particle-no wpr-jarallax-no wpr-parallax-no wpr-sticky-section-no\" data-id=\"17948b4\" data-element_type=\"section\">\n\t\t\t\t\t\t<div class=\"elementor-container elementor-column-gap-default\">\n\t\t\t\t\t<div class=\"elementor-column elementor-col-50 elementor-top-column elementor-element elementor-element-fd2a8b7\" data-id=\"fd2a8b7\" data-element_type=\"column\">\n\t\t\t<div class=\"elementor-widget-wrap elementor-element-populated\">\n\t\t\t\t\t\t<div class=\"elementor-element elementor-element-4f6c2f4 elementor-widget elementor-widget-heading\" data-id=\"4f6c2f4\" data-element_type=\"widget\" data-widget_type=\"heading.default\">\n\t\t\t\t<div class=\"elementor-widget-container\">\n\t\t\t\t\t<h3 class=\"elementor-heading-title elementor-size-default\">Jump 2200 solar generator | 2200W\/1548Wh\n<\/h3>\t\t\t\t<\/div>\n\t\t\t\t<\/div>\n\t\t\t\t<div class=\"elementor-element elementor-element-395c731 elementor-widget elementor-widget-text-editor\" data-id=\"395c731\" data-element_type=\"widget\" data-widget_type=\"text-editor.default\">\n\t\t\t\t<div class=\"elementor-widget-container\">\n\t\t\t\t\t\t\t\t\t<p class=\"translation-block\">\u2022 The Jump 2200, with its 4400W output power, is ideal for domestic emergency power supply, particularly in areas prone to power failures. It keeps essential equipment and appliances running simultaneously.<br>\u2022 Jump 2200 accommodates an additional 1548Wh battery module that can increase total capacity up to 3096Wh!<br>\u2022 Thanks to the advanced LIFEBMS system, which integrates 10 complete safety protections, your devices are protected from any potential risk during daily operations, guaranteeing their longevity and safety.<br>\u2022 The Jump 2200 offers solar power of up to 220 W, enabling efficient recharging in just 4 hours. As long as the sun is shining, there's no risk of the battery running down.<\/p>\t\t\t\t\t\t\t\t<\/div>\n\t\t\t\t<\/div>\n\t\t\t\t<div class=\"elementor-element elementor-element-9a69efd wpr-button-icon-style-inline wpr-button-icon-position-right elementor-widget elementor-widget-wpr-button\" data-id=\"9a69efd\" data-element_type=\"widget\" data-widget_type=\"wpr-button.default\">\n\t\t\t\t<div class=\"elementor-widget-container\">\n\t\t\t\t\t\t\n\t\t\t\n\t\t\n\t\t<div class=\"wpr-button-wrap elementor-clearfix\">\n\t\t<div class=\"wpr-button wpr-button-effect wpr-button-none\" data-text=\"\">\n\t\t\t\n\t\t\t<span class=\"wpr-button-content\">\n\t\t\t\t\t\t\t\t\t<span class=\"wpr-button-text\">Prix de vente : 900 000FCFA<\/span>\n\t\t\t\t\t\t\t\t\n\t\t\t\t\t\t\t<\/span>\n\t\t<\/div>\n\n\t\t\t\t<\/div>\n\t\n\t\n\t\t\t\t\t<\/div>\n\t\t\t\t<\/div>\n\t\t\t\t\t<\/div>\n\t\t<\/div>\n\t\t\t\t<div class=\"elementor-column elementor-col-50 elementor-top-column elementor-element elementor-element-fc066ab\" data-id=\"fc066ab\" data-element_type=\"column\">\n\t\t\t<div class=\"elementor-widget-wrap elementor-element-populated\">\n\t\t\t\t\t\t<div class=\"elementor-element elementor-element-94bd0fe elementor-widget elementor-widget-image\" data-id=\"94bd0fe\" data-element_type=\"widget\" data-widget_type=\"image.default\">\n\t\t\t\t<div class=\"elementor-widget-container\">\n\t\t\t\t\t\t\t\t\t\t\t\t\t\t\t<img fetchpriority=\"high\" decoding=\"async\" width=\"400\" height=\"300\" src=\"https:\/\/gmnsolarenergy.com\/wp-content\/uploads\/2025\/06\/Jump-2200-generateur.webp\" class=\"attachment-large size-large wp-image-2989\" alt=\"\" srcset=\"https:\/\/gmnsolarenergy.com\/wp-content\/uploads\/2025\/06\/Jump-2200-generateur.webp 400w, https:\/\/gmnsolarenergy.com\/wp-content\/uploads\/2025\/06\/Jump-2200-generateur-300x225.webp 300w\" sizes=\"(max-width: 400px) 100vw, 400px\" \/>\t\t\t\t\t\t\t\t\t\t\t\t\t\t\t<\/div>\n\t\t\t\t<\/div>\n\t\t\t\t\t<\/div>\n\t\t<\/div>\n\t\t\t\t\t<\/div>\n\t\t<\/section>\n\t\t\t\t<\/div>","protected":false},"excerpt":{"rendered":"<p>G\u00e9n\u00e9rateurs solaires Choisissez le g\u00e9n\u00e9rateur solaire adapt\u00e9 \u00e0 vos besoins quotidiens Jump 2200 g\u00e9n\u00e9rateur solaire | 2200W\/1548Wh \u2022 Le Jump 2200 , peut fournir une puissance de sortie de 4400W, id\u00e9al pour l&rsquo;alimentation de secours domestique, notamment dans les zones sujettes aux pannes de courant. Il permet de maintenir enfonctionnement simultan\u00e9ment les \u00e9quipements et appareilsessentiels.\u2022 Le Jump 2200 accueille un module de batterie suppl\u00e9mentaire de 1548Wh qui peut augmenter la capacit\u00e9 totale jusqu&rsquo;\u00e0 3096Wh !\u2022 Gr\u00e2ce au syst\u00e8me avanc\u00e9 LIFEBMS , qui int\u00e8gre 10 protections de s\u00e9curit\u00e9 compl\u00e8tes, vos appareils sont prot\u00e9g\u00e9s de tout risquepotentiel lors des op\u00e9rations quotidiennes, garantissant ainsi leur long\u00e9vit\u00e9 et leur s\u00e9curit\u00e9.\u2022 Le Jump 2200 offre une puissance solaire allant jusqu&rsquo;\u00e0 220 W, permettant une recharge efficace en seulement 4 heures. Tant que le soleil brille, la batterie ne risque pas de se d\u00e9charger. Prix de vente : 900 000FCFA<\/p>","protected":false},"author":1,"featured_media":0,"parent":1501,"menu_order":0,"comment_status":"closed","ping_status":"closed","template":"elementor_header_footer","meta":{"footnotes":""},"class_list":["post-1734","page","type-page","status-publish","hentry"],"blocksy_meta":[],"_links":{"self":[{"href":"https:\/\/gmnsolarenergy.com\/en\/wp-json\/wp\/v2\/pages\/1734","targetHints":{"allow":["GET"]}}],"collection":[{"href":"https:\/\/gmnsolarenergy.com\/en\/wp-json\/wp\/v2\/pages"}],"about":[{"href":"https:\/\/gmnsolarenergy.com\/en\/wp-json\/wp\/v2\/types\/page"}],"author":[{"embeddable":true,"href":"https:\/\/gmnsolarenergy.com\/en\/wp-json\/wp\/v2\/users\/1"}],"replies":[{"embeddable":true,"href":"https:\/\/gmnsolarenergy.com\/en\/wp-json\/wp\/v2\/comments?post=1734"}],"version-history":[{"count":10,"href":"https:\/\/gmnsolarenergy.com\/en\/wp-json\/wp\/v2\/pages\/1734\/revisions"}],"predecessor-version":[{"id":3101,"href":"https:\/\/gmnsolarenergy.com\/en\/wp-json\/wp\/v2\/pages\/1734\/revisions\/3101"}],"up":[{"embeddable":true,"href":"https:\/\/gmnsolarenergy.com\/en\/wp-json\/wp\/v2\/pages\/1501"}],"wp:attachment":[{"href":"https:\/\/gmnsolarenergy.com\/en\/wp-json\/wp\/v2\/media?parent=1734"}],"curies":[{"name":"wp","href":"https:\/\/api.w.org\/{rel}","templated":true}]}}