{"id":1726,"date":"2025-05-10T18:13:45","date_gmt":"2025-05-10T16:13:45","guid":{"rendered":"https:\/\/gmnsolarenergy.com\/?page_id=1726"},"modified":"2025-06-03T20:40:53","modified_gmt":"2025-06-03T18:40:53","slug":"flashspeed-1500-generateur-solaire-1500-w-1548-wh","status":"publish","type":"page","link":"https:\/\/gmnsolarenergy.com\/en\/generateurs-solaires\/flashspeed-1500-generateur-solaire-1500-w-1548-wh\/","title":{"rendered":"FlashSpeed 1500 g\u00e9n\u00e9rateur solaire | 1500 W\/ 1548 Wh"},"content":{"rendered":"<div data-elementor-type=\"wp-page\" data-elementor-id=\"1726\" class=\"elementor elementor-1726\">\n\t\t\t\t<div class=\"elementor-element elementor-element-bac8b57 e-flex e-con-boxed wpr-particle-no wpr-jarallax-no wpr-parallax-no wpr-sticky-section-no e-con e-parent\" data-id=\"bac8b57\" data-element_type=\"container\" data-settings=\"{&quot;background_background&quot;:&quot;classic&quot;}\">\n\t\t\t\t\t<div class=\"e-con-inner\">\n\t\t<div class=\"elementor-element elementor-element-6718b74 e-con-full e-flex wpr-particle-no wpr-jarallax-no wpr-parallax-no wpr-sticky-section-no e-con e-child\" data-id=\"6718b74\" data-element_type=\"container\">\n\t\t\t\t<div class=\"elementor-element elementor-element-5c5e450 elementor-widget elementor-widget-heading\" data-id=\"5c5e450\" data-element_type=\"widget\" data-widget_type=\"heading.default\">\n\t\t\t\t<div class=\"elementor-widget-container\">\n\t\t\t\t\t<h2 class=\"elementor-heading-title elementor-size-default\">Solar generators<\/h2>\t\t\t\t<\/div>\n\t\t\t\t<\/div>\n\t\t\t\t<div class=\"elementor-element elementor-element-ce23d7e elementor-widget elementor-widget-text-editor\" data-id=\"ce23d7e\" data-element_type=\"widget\" data-widget_type=\"text-editor.default\">\n\t\t\t\t<div class=\"elementor-widget-container\">\n\t\t\t\t\t\t\t\t\t<p>Choose the right solar generator for your daily needs<\/p>\t\t\t\t\t\t\t\t<\/div>\n\t\t\t\t<\/div>\n\t\t\t\t<\/div>\n\t\t\t\t\t<\/div>\n\t\t\t\t<\/div>\n\t\t\t\t<section class=\"elementor-section elementor-top-section elementor-element elementor-element-b2bed9d elementor-section-boxed elementor-section-height-default elementor-section-height-default wpr-particle-no wpr-jarallax-no wpr-parallax-no wpr-sticky-section-no\" data-id=\"b2bed9d\" data-element_type=\"section\">\n\t\t\t\t\t\t<div class=\"elementor-container elementor-column-gap-default\">\n\t\t\t\t\t<div class=\"elementor-column elementor-col-50 elementor-top-column elementor-element elementor-element-26509ad\" data-id=\"26509ad\" data-element_type=\"column\">\n\t\t\t<div class=\"elementor-widget-wrap elementor-element-populated\">\n\t\t\t\t\t\t<div class=\"elementor-element elementor-element-ce794cb elementor-widget elementor-widget-heading\" data-id=\"ce794cb\" data-element_type=\"widget\" data-widget_type=\"heading.default\">\n\t\t\t\t<div class=\"elementor-widget-container\">\n\t\t\t\t\t<h3 class=\"elementor-heading-title elementor-size-default\">FlashSpeed 1500 solar generator | 1500W\/1548Wh<\/h3>\t\t\t\t<\/div>\n\t\t\t\t<\/div>\n\t\t\t\t<div class=\"elementor-element elementor-element-d13d087 elementor-widget elementor-widget-text-editor\" data-id=\"d13d087\" data-element_type=\"widget\" data-widget_type=\"text-editor.default\">\n\t\t\t\t<div class=\"elementor-widget-container\">\n\t\t\t\t\t\t\t\t\t<p class=\"translation-block\">\u2022 FlashSpeed 1500 has a high output of 1,500 W and a huge capacity of 1,548 Wh, with a maximum instantaneous output of 3,000 W [V-Beyond Tech].<br>\u2022 FlashSpeed 1500 can be fully charged in 1 hour with an AC input of 1,500 W.<br>\u2022 FlashSpeed 1500 can be recharged using 400W solar panels.<br>\u2022 Double the capacity of FlashSpeed 1500 from 1,548 Wh to 3,096 Wh .<br>\u2022 FlashSpeed 1500 features a SuperSafe LIFEBMS system with 10 safety protections and uses a LiFePO4 battery.<\/p>\t\t\t\t\t\t\t\t<\/div>\n\t\t\t\t<\/div>\n\t\t\t\t<div class=\"elementor-element elementor-element-e17c11f wpr-button-icon-style-inline wpr-button-icon-position-right elementor-widget elementor-widget-wpr-button\" data-id=\"e17c11f\" data-element_type=\"widget\" data-widget_type=\"wpr-button.default\">\n\t\t\t\t<div class=\"elementor-widget-container\">\n\t\t\t\t\t\t\n\t\t\t\n\t\t\n\t\t<div class=\"wpr-button-wrap elementor-clearfix\">\n\t\t<div class=\"wpr-button wpr-button-effect wpr-button-none\" data-text=\"\">\n\t\t\t\n\t\t\t<span class=\"wpr-button-content\">\n\t\t\t\t\t\t\t\t\t<span class=\"wpr-button-text\">Prix de vente : 850 000FCFA<\/span>\n\t\t\t\t\t\t\t\t\n\t\t\t\t\t\t\t<\/span>\n\t\t<\/div>\n\n\t\t\t\t<\/div>\n\t\n\t\n\t\t\t\t\t<\/div>\n\t\t\t\t<\/div>\n\t\t\t\t\t<\/div>\n\t\t<\/div>\n\t\t\t\t<div class=\"elementor-column elementor-col-50 elementor-top-column elementor-element elementor-element-7944969\" data-id=\"7944969\" data-element_type=\"column\">\n\t\t\t<div class=\"elementor-widget-wrap elementor-element-populated\">\n\t\t\t\t\t\t<div class=\"elementor-element elementor-element-1a168f0 elementor-widget elementor-widget-image\" data-id=\"1a168f0\" data-element_type=\"widget\" data-widget_type=\"image.default\">\n\t\t\t\t<div class=\"elementor-widget-container\">\n\t\t\t\t\t\t\t\t\t\t\t\t\t\t\t<img fetchpriority=\"high\" decoding=\"async\" width=\"400\" height=\"300\" src=\"https:\/\/gmnsolarenergy.com\/wp-content\/uploads\/2025\/05\/11_FlashSpeed-1000-generateur-solaire-1000-W-828-Wh.webp\" class=\"attachment-large size-large wp-image-1523\" alt=\"\" srcset=\"https:\/\/gmnsolarenergy.com\/wp-content\/uploads\/2025\/05\/11_FlashSpeed-1000-generateur-solaire-1000-W-828-Wh.webp 400w, https:\/\/gmnsolarenergy.com\/wp-content\/uploads\/2025\/05\/11_FlashSpeed-1000-generateur-solaire-1000-W-828-Wh-300x225.webp 300w\" sizes=\"(max-width: 400px) 100vw, 400px\" \/>\t\t\t\t\t\t\t\t\t\t\t\t\t\t\t<\/div>\n\t\t\t\t<\/div>\n\t\t\t\t\t<\/div>\n\t\t<\/div>\n\t\t\t\t\t<\/div>\n\t\t<\/section>\n\t\t\t\t<\/div>","protected":false},"excerpt":{"rendered":"<p>G\u00e9n\u00e9rateurs solaires Choisissez le g\u00e9n\u00e9rateur solaire adapt\u00e9 \u00e0 vos besoins quotidiens FlashSpeed 1500 g\u00e9n\u00e9rateur solaire | 1500W\/1548Wh \u2022 FlashSpeed 1500 a une forte puissance de sortie de 1 500 W et une \u00e9norme capacit\u00e9 de 1 548 Wh, avec une puissance instantan\u00e9e maximale de 3 000 W [V-Beyond Tech].\u2022 FlashSpeed 1500 peut \u00eatre compl\u00e8tement charg\u00e9 en 1 heure avec une entr\u00e9e CA de 1 500 W.\u2022 Flashspeed 1500 se recharge avec des panneaux solaires de 400w.\u2022 doubler la capacit\u00e9 du FlashSpeed 1500 de 1 548 Wh \u00e0 3 096 Wh .\u2022 FlashSpeed 1500 dispose d&rsquo;un syst\u00e8me SuperSafe LIFEBMS avec 10 protections de s\u00e9curit\u00e9 et utilise une batterie LiFePO4. Prix de vente : 850 000FCFA<\/p>","protected":false},"author":1,"featured_media":0,"parent":1501,"menu_order":0,"comment_status":"closed","ping_status":"closed","template":"elementor_header_footer","meta":{"footnotes":""},"class_list":["post-1726","page","type-page","status-publish","hentry"],"blocksy_meta":[],"_links":{"self":[{"href":"https:\/\/gmnsolarenergy.com\/en\/wp-json\/wp\/v2\/pages\/1726","targetHints":{"allow":["GET"]}}],"collection":[{"href":"https:\/\/gmnsolarenergy.com\/en\/wp-json\/wp\/v2\/pages"}],"about":[{"href":"https:\/\/gmnsolarenergy.com\/en\/wp-json\/wp\/v2\/types\/page"}],"author":[{"embeddable":true,"href":"https:\/\/gmnsolarenergy.com\/en\/wp-json\/wp\/v2\/users\/1"}],"replies":[{"embeddable":true,"href":"https:\/\/gmnsolarenergy.com\/en\/wp-json\/wp\/v2\/comments?post=1726"}],"version-history":[{"count":7,"href":"https:\/\/gmnsolarenergy.com\/en\/wp-json\/wp\/v2\/pages\/1726\/revisions"}],"predecessor-version":[{"id":3095,"href":"https:\/\/gmnsolarenergy.com\/en\/wp-json\/wp\/v2\/pages\/1726\/revisions\/3095"}],"up":[{"embeddable":true,"href":"https:\/\/gmnsolarenergy.com\/en\/wp-json\/wp\/v2\/pages\/1501"}],"wp:attachment":[{"href":"https:\/\/gmnsolarenergy.com\/en\/wp-json\/wp\/v2\/media?parent=1726"}],"curies":[{"name":"wp","href":"https:\/\/api.w.org\/{rel}","templated":true}]}}