{"id":1702,"date":"2025-05-10T18:04:36","date_gmt":"2025-05-10T16:04:36","guid":{"rendered":"https:\/\/gmnsolarenergy.com\/?page_id=1702"},"modified":"2025-06-03T20:13:28","modified_gmt":"2025-06-03T18:13:28","slug":"gmn-p010-generateur-solaire-256-wh","status":"publish","type":"page","link":"https:\/\/gmnsolarenergy.com\/en\/generateurs-solaires\/gmn-p010-generateur-solaire-256-wh\/","title":{"rendered":"GMN-P010 g\u00e9n\u00e9rateur solaire | 256 Wh"},"content":{"rendered":"<div data-elementor-type=\"wp-page\" data-elementor-id=\"1702\" class=\"elementor elementor-1702\">\n\t\t\t\t<div class=\"elementor-element elementor-element-22a5fd6 e-flex e-con-boxed wpr-particle-no wpr-jarallax-no wpr-parallax-no wpr-sticky-section-no e-con e-parent\" data-id=\"22a5fd6\" data-element_type=\"container\" data-settings=\"{&quot;background_background&quot;:&quot;classic&quot;}\">\n\t\t\t\t\t<div class=\"e-con-inner\">\n\t\t<div class=\"elementor-element elementor-element-56a2ea5 e-con-full e-flex wpr-particle-no wpr-jarallax-no wpr-parallax-no wpr-sticky-section-no e-con e-child\" data-id=\"56a2ea5\" data-element_type=\"container\">\n\t\t\t\t<div class=\"elementor-element elementor-element-0ceae2f elementor-widget elementor-widget-heading\" data-id=\"0ceae2f\" data-element_type=\"widget\" data-widget_type=\"heading.default\">\n\t\t\t\t<div class=\"elementor-widget-container\">\n\t\t\t\t\t<h2 class=\"elementor-heading-title elementor-size-default\">Solar generators<\/h2>\t\t\t\t<\/div>\n\t\t\t\t<\/div>\n\t\t\t\t<div class=\"elementor-element elementor-element-08aeaca elementor-widget elementor-widget-text-editor\" data-id=\"08aeaca\" data-element_type=\"widget\" data-widget_type=\"text-editor.default\">\n\t\t\t\t<div class=\"elementor-widget-container\">\n\t\t\t\t\t\t\t\t\t<p>Choose the right solar generator for your daily needs<\/p>\t\t\t\t\t\t\t\t<\/div>\n\t\t\t\t<\/div>\n\t\t\t\t<\/div>\n\t\t\t\t\t<\/div>\n\t\t\t\t<\/div>\n\t\t\t\t<section class=\"elementor-section elementor-top-section elementor-element elementor-element-924661b elementor-section-boxed elementor-section-height-default elementor-section-height-default wpr-particle-no wpr-jarallax-no wpr-parallax-no wpr-sticky-section-no\" data-id=\"924661b\" data-element_type=\"section\">\n\t\t\t\t\t\t<div class=\"elementor-container elementor-column-gap-default\">\n\t\t\t\t\t<div class=\"elementor-column elementor-col-50 elementor-top-column elementor-element elementor-element-c3ed226\" data-id=\"c3ed226\" data-element_type=\"column\">\n\t\t\t<div class=\"elementor-widget-wrap elementor-element-populated\">\n\t\t\t\t\t\t<div class=\"elementor-element elementor-element-ed30b17 elementor-widget elementor-widget-heading\" data-id=\"ed30b17\" data-element_type=\"widget\" data-widget_type=\"heading.default\">\n\t\t\t\t<div class=\"elementor-widget-container\">\n\t\t\t\t\t<h3 class=\"elementor-heading-title elementor-size-default\">GMN-P010 solar generator | 256Wh <\/h3>\t\t\t\t<\/div>\n\t\t\t\t<\/div>\n\t\t\t\t<div class=\"elementor-element elementor-element-41c39ed elementor-widget elementor-widget-text-editor\" data-id=\"41c39ed\" data-element_type=\"widget\" data-widget_type=\"text-editor.default\">\n\t\t\t\t<div class=\"elementor-widget-container\">\n\t\t\t\t\t\t\t\t\t<p class=\"translation-block\">\u2022 Solar generator with 256Wh capacity<br>\u2022 LED lighting for ease of use<br>\u2022 4 USB ports<br>\u2022 Weight: 4 kg<br>\u2022 This ultra-light, portable generator lets you move it around the house to suit your needs.<br>\u2022 You can also take it with you on outings and walks.<br>\u2022 Usage<\/p>\t\t\t\t\t\t\t\t<\/div>\n\t\t\t\t<\/div>\n\t\t\t\t<div class=\"elementor-element elementor-element-1168b97 wpr-button-icon-style-inline wpr-button-icon-position-right elementor-widget elementor-widget-wpr-button\" data-id=\"1168b97\" data-element_type=\"widget\" data-widget_type=\"wpr-button.default\">\n\t\t\t\t<div class=\"elementor-widget-container\">\n\t\t\t\t\t\t\n\t\t\t\n\t\t\n\t\t<div class=\"wpr-button-wrap elementor-clearfix\">\n\t\t<div class=\"wpr-button wpr-button-effect wpr-button-none\" data-text=\"\">\n\t\t\t\n\t\t\t<span class=\"wpr-button-content\">\n\t\t\t\t\t\t\t\t\t<span class=\"wpr-button-text\">Prix de vente : 250 000FCFA<\/span>\n\t\t\t\t\t\t\t\t\n\t\t\t\t\t\t\t<\/span>\n\t\t<\/div>\n\n\t\t\t\t<\/div>\n\t\n\t\n\t\t\t\t\t<\/div>\n\t\t\t\t<\/div>\n\t\t\t\t\t<\/div>\n\t\t<\/div>\n\t\t\t\t<div class=\"elementor-column elementor-col-50 elementor-top-column elementor-element elementor-element-b0b23fc\" data-id=\"b0b23fc\" data-element_type=\"column\">\n\t\t\t<div class=\"elementor-widget-wrap elementor-element-populated\">\n\t\t\t\t\t\t<div class=\"elementor-element elementor-element-6838bf9 elementor-widget elementor-widget-image\" data-id=\"6838bf9\" data-element_type=\"widget\" data-widget_type=\"image.default\">\n\t\t\t\t<div class=\"elementor-widget-container\">\n\t\t\t\t\t\t\t\t\t\t\t\t\t\t\t<img fetchpriority=\"high\" decoding=\"async\" width=\"400\" height=\"300\" src=\"https:\/\/gmnsolarenergy.com\/wp-content\/uploads\/2025\/06\/Generateur-GMN-P010-800W.webp\" class=\"attachment-large size-large wp-image-2988\" alt=\"\" srcset=\"https:\/\/gmnsolarenergy.com\/wp-content\/uploads\/2025\/06\/Generateur-GMN-P010-800W.webp 400w, https:\/\/gmnsolarenergy.com\/wp-content\/uploads\/2025\/06\/Generateur-GMN-P010-800W-300x225.webp 300w\" sizes=\"(max-width: 400px) 100vw, 400px\" \/>\t\t\t\t\t\t\t\t\t\t\t\t\t\t\t<\/div>\n\t\t\t\t<\/div>\n\t\t\t\t\t<\/div>\n\t\t<\/div>\n\t\t\t\t\t<\/div>\n\t\t<\/section>\n\t\t\t\t<\/div>","protected":false},"excerpt":{"rendered":"<p>G\u00e9n\u00e9rateurs solaires Choisissez le g\u00e9n\u00e9rateur solaire adapt\u00e9 \u00e0 vos besoins quotidiens GMN-P010 g\u00e9n\u00e9rateur solaire | 256Wh \u2022 G\u00e9n\u00e9rateur solaire d\u2019une capacit\u00e9 de 256Wh\u2022 Eclairage LED pour faciliter l\u2019utilisation\u2022 4 ports USB\u2022 Poids 4 kg\u2022 Ce g\u00e9n\u00e9rateur portable et ultra l\u00e9ger vous permet de le d\u00e9placer dans les diff\u00e9rentes pi\u00e8ces de la maison selon vos besoins.\u2022 Vous pouvez \u00e9galement l\u2019emmener avec vous lors de vos sorties et ballades.\u2022 Usage Prix de vente : 250 000FCFA<\/p>","protected":false},"author":1,"featured_media":0,"parent":1501,"menu_order":0,"comment_status":"closed","ping_status":"closed","template":"elementor_header_footer","meta":{"footnotes":""},"class_list":["post-1702","page","type-page","status-publish","hentry"],"blocksy_meta":[],"_links":{"self":[{"href":"https:\/\/gmnsolarenergy.com\/en\/wp-json\/wp\/v2\/pages\/1702","targetHints":{"allow":["GET"]}}],"collection":[{"href":"https:\/\/gmnsolarenergy.com\/en\/wp-json\/wp\/v2\/pages"}],"about":[{"href":"https:\/\/gmnsolarenergy.com\/en\/wp-json\/wp\/v2\/types\/page"}],"author":[{"embeddable":true,"href":"https:\/\/gmnsolarenergy.com\/en\/wp-json\/wp\/v2\/users\/1"}],"replies":[{"embeddable":true,"href":"https:\/\/gmnsolarenergy.com\/en\/wp-json\/wp\/v2\/comments?post=1702"}],"version-history":[{"count":10,"href":"https:\/\/gmnsolarenergy.com\/en\/wp-json\/wp\/v2\/pages\/1702\/revisions"}],"predecessor-version":[{"id":3056,"href":"https:\/\/gmnsolarenergy.com\/en\/wp-json\/wp\/v2\/pages\/1702\/revisions\/3056"}],"up":[{"embeddable":true,"href":"https:\/\/gmnsolarenergy.com\/en\/wp-json\/wp\/v2\/pages\/1501"}],"wp:attachment":[{"href":"https:\/\/gmnsolarenergy.com\/en\/wp-json\/wp\/v2\/media?parent=1702"}],"curies":[{"name":"wp","href":"https:\/\/api.w.org\/{rel}","templated":true}]}}