{"id":1664,"date":"2025-05-10T17:51:53","date_gmt":"2025-05-10T15:51:53","guid":{"rendered":"https:\/\/gmnsolarenergy.com\/?page_id=1664"},"modified":"2025-06-03T20:59:27","modified_gmt":"2025-06-03T18:59:27","slug":"gmn-p210-generateur-solaire-2400-w-2048-wh","status":"publish","type":"page","link":"https:\/\/gmnsolarenergy.com\/en\/generateurs-solaires\/gmn-p210-generateur-solaire-2400-w-2048-wh\/","title":{"rendered":"GMN-P210 g\u00e9n\u00e9rateur solaire 2400 W 2048 Wh"},"content":{"rendered":"<div data-elementor-type=\"wp-page\" data-elementor-id=\"1664\" class=\"elementor elementor-1664\">\n\t\t\t\t<div class=\"elementor-element elementor-element-abfd9b8 e-flex e-con-boxed wpr-particle-no wpr-jarallax-no wpr-parallax-no wpr-sticky-section-no e-con e-parent\" data-id=\"abfd9b8\" data-element_type=\"container\" data-settings=\"{&quot;background_background&quot;:&quot;classic&quot;}\">\n\t\t\t\t\t<div class=\"e-con-inner\">\n\t\t<div class=\"elementor-element elementor-element-65496ec e-con-full e-flex wpr-particle-no wpr-jarallax-no wpr-parallax-no wpr-sticky-section-no e-con e-child\" data-id=\"65496ec\" data-element_type=\"container\">\n\t\t\t\t<div class=\"elementor-element elementor-element-77d7517 elementor-widget elementor-widget-heading\" data-id=\"77d7517\" data-element_type=\"widget\" data-widget_type=\"heading.default\">\n\t\t\t\t<div class=\"elementor-widget-container\">\n\t\t\t\t\t<h2 class=\"elementor-heading-title elementor-size-default\">Solar generators<\/h2>\t\t\t\t<\/div>\n\t\t\t\t<\/div>\n\t\t\t\t<div class=\"elementor-element elementor-element-799d22d elementor-widget elementor-widget-text-editor\" data-id=\"799d22d\" data-element_type=\"widget\" data-widget_type=\"text-editor.default\">\n\t\t\t\t<div class=\"elementor-widget-container\">\n\t\t\t\t\t\t\t\t\t<p>Choose the right solar generator for your daily needs<\/p>\t\t\t\t\t\t\t\t<\/div>\n\t\t\t\t<\/div>\n\t\t\t\t<\/div>\n\t\t\t\t\t<\/div>\n\t\t\t\t<\/div>\n\t\t\t\t<section class=\"elementor-section elementor-top-section elementor-element elementor-element-542b440 elementor-section-boxed elementor-section-height-default elementor-section-height-default wpr-particle-no wpr-jarallax-no wpr-parallax-no wpr-sticky-section-no\" data-id=\"542b440\" data-element_type=\"section\">\n\t\t\t\t\t\t<div class=\"elementor-container elementor-column-gap-default\">\n\t\t\t\t\t<div class=\"elementor-column elementor-col-50 elementor-top-column elementor-element elementor-element-f57af45\" data-id=\"f57af45\" data-element_type=\"column\">\n\t\t\t<div class=\"elementor-widget-wrap elementor-element-populated\">\n\t\t\t\t\t\t<div class=\"elementor-element elementor-element-987c167 elementor-widget elementor-widget-heading\" data-id=\"987c167\" data-element_type=\"widget\" data-widget_type=\"heading.default\">\n\t\t\t\t<div class=\"elementor-widget-container\">\n\t\t\t\t\t<h3 class=\"elementor-heading-title elementor-size-default\">GMN-P210 solar generator | 2400W\/2048Wh\n<\/h3>\t\t\t\t<\/div>\n\t\t\t\t<\/div>\n\t\t\t\t<div class=\"elementor-element elementor-element-e54c811 elementor-widget elementor-widget-text-editor\" data-id=\"e54c811\" data-element_type=\"widget\" data-widget_type=\"text-editor.default\">\n\t\t\t\t<div class=\"elementor-widget-container\">\n\t\t\t\t\t\t\t\t\t<p class=\"translation-block\">\u2022 Pure sine wave inverter 2400W AC<br>\u2022 Peak surge power 4800W (10ms)<br>\u2022 Large 2048Wh capacity<br>\u2022 Intelligent control with app via Bluetooth and WiFi<br>\u2022 Recharge from 0 to 100% in 2 hours with 1600W (AC input);<br>\u2022 LiFePo4 battery with BMS secure battery system - 24\/7 monitoring<br>\u2022 13 outputs for multiple devices<br>\u2022 500W max solar input; charged in 5 hours<br>\u2022 Max 1100W AC input (220V-240V); Adjustable input power 300W\/500W\/700W\/900W\/1100W<\/p>\t\t\t\t\t\t\t\t<\/div>\n\t\t\t\t<\/div>\n\t\t\t\t<div class=\"elementor-element elementor-element-63982a3 wpr-button-icon-style-inline wpr-button-icon-position-right elementor-widget elementor-widget-wpr-button\" data-id=\"63982a3\" data-element_type=\"widget\" data-widget_type=\"wpr-button.default\">\n\t\t\t\t<div class=\"elementor-widget-container\">\n\t\t\t\t\t\t\n\t\t\t\n\t\t\n\t\t<div class=\"wpr-button-wrap elementor-clearfix\">\n\t\t<div class=\"wpr-button wpr-button-effect wpr-button-none\" data-text=\"\">\n\t\t\t\n\t\t\t<span class=\"wpr-button-content\">\n\t\t\t\t\t\t\t\t\t<span class=\"wpr-button-text\">Prix de vente : 1 230 000FCFA<\/span>\n\t\t\t\t\t\t\t\t\n\t\t\t\t\t\t\t<\/span>\n\t\t<\/div>\n\n\t\t\t\t<\/div>\n\t\n\t\n\t\t\t\t\t<\/div>\n\t\t\t\t<\/div>\n\t\t\t\t\t<\/div>\n\t\t<\/div>\n\t\t\t\t<div class=\"elementor-column elementor-col-50 elementor-top-column elementor-element elementor-element-d7736ca\" data-id=\"d7736ca\" data-element_type=\"column\">\n\t\t\t<div class=\"elementor-widget-wrap elementor-element-populated\">\n\t\t\t\t\t\t<div class=\"elementor-element elementor-element-592e41d elementor-widget elementor-widget-image\" data-id=\"592e41d\" data-element_type=\"widget\" data-widget_type=\"image.default\">\n\t\t\t\t<div class=\"elementor-widget-container\">\n\t\t\t\t\t\t\t\t\t\t\t\t\t\t\t<img fetchpriority=\"high\" decoding=\"async\" width=\"401\" height=\"300\" src=\"https:\/\/gmnsolarenergy.com\/wp-content\/uploads\/2025\/05\/21_GMN-P210-generateur-solaire-2400-W-2048-Wh.webp\" class=\"attachment-large size-large wp-image-1531\" alt=\"\" srcset=\"https:\/\/gmnsolarenergy.com\/wp-content\/uploads\/2025\/05\/21_GMN-P210-generateur-solaire-2400-W-2048-Wh.webp 401w, https:\/\/gmnsolarenergy.com\/wp-content\/uploads\/2025\/05\/21_GMN-P210-generateur-solaire-2400-W-2048-Wh-300x224.webp 300w\" sizes=\"(max-width: 401px) 100vw, 401px\" \/>\t\t\t\t\t\t\t\t\t\t\t\t\t\t\t<\/div>\n\t\t\t\t<\/div>\n\t\t\t\t\t<\/div>\n\t\t<\/div>\n\t\t\t\t\t<\/div>\n\t\t<\/section>\n\t\t\t\t<\/div>","protected":false},"excerpt":{"rendered":"<p>G\u00e9n\u00e9rateurs solaires Choisissez le g\u00e9n\u00e9rateur solaire adapt\u00e9 \u00e0 vos besoins quotidiens GMN-P210 g\u00e9n\u00e9rateur solaire | 2400W\/2048Wh \u2022 Onduleur \u00e0 onde sinuso\u00efdale pure 2400W CA\u2022 Puissance de surtension de cr\u00eate 4800W (10ms)\u2022 Grande capacit\u00e9 de 2048Wh\u2022 Contr\u00f4le intelligent avec application via Bluetooth et WiFi\u2022 Recharge de 0 \u00e0 100% en 2 heures avec 1600W (entr\u00e9e CA);\u2022 Batterie LiFePo4 avec avec syst\u00e8me de batterie s\u00e9curis\u00e9 BMS \u2013 Surveillance 24\/7\u2022 13 sorties pour plusieurs appareils\u2022 Entr\u00e9e solaire max de 500W; charg\u00e9 en 5 heures\u2022 Entr\u00e9e AC max de 1100W (220V-240V); Puissance d&rsquo;entr\u00e9e r\u00e9glable 300W\/500W\/700W\/900W\/1100W Prix de vente : 1 230 000FCFA<\/p>","protected":false},"author":1,"featured_media":0,"parent":1501,"menu_order":0,"comment_status":"closed","ping_status":"closed","template":"elementor_header_footer","meta":{"footnotes":""},"class_list":["post-1664","page","type-page","status-publish","hentry"],"blocksy_meta":[],"_links":{"self":[{"href":"https:\/\/gmnsolarenergy.com\/en\/wp-json\/wp\/v2\/pages\/1664","targetHints":{"allow":["GET"]}}],"collection":[{"href":"https:\/\/gmnsolarenergy.com\/en\/wp-json\/wp\/v2\/pages"}],"about":[{"href":"https:\/\/gmnsolarenergy.com\/en\/wp-json\/wp\/v2\/types\/page"}],"author":[{"embeddable":true,"href":"https:\/\/gmnsolarenergy.com\/en\/wp-json\/wp\/v2\/users\/1"}],"replies":[{"embeddable":true,"href":"https:\/\/gmnsolarenergy.com\/en\/wp-json\/wp\/v2\/comments?post=1664"}],"version-history":[{"count":7,"href":"https:\/\/gmnsolarenergy.com\/en\/wp-json\/wp\/v2\/pages\/1664\/revisions"}],"predecessor-version":[{"id":3113,"href":"https:\/\/gmnsolarenergy.com\/en\/wp-json\/wp\/v2\/pages\/1664\/revisions\/3113"}],"up":[{"embeddable":true,"href":"https:\/\/gmnsolarenergy.com\/en\/wp-json\/wp\/v2\/pages\/1501"}],"wp:attachment":[{"href":"https:\/\/gmnsolarenergy.com\/en\/wp-json\/wp\/v2\/media?parent=1664"}],"curies":[{"name":"wp","href":"https:\/\/api.w.org\/{rel}","templated":true}]}}