{"id":1639,"date":"2025-05-10T17:43:38","date_gmt":"2025-05-10T15:43:38","guid":{"rendered":"https:\/\/gmnsolarenergy.com\/?page_id=1639"},"modified":"2025-06-03T20:37:17","modified_gmt":"2025-06-03T18:37:17","slug":"gmn-p110d-generateur-solaire-1200-w-960-wh","status":"publish","type":"page","link":"https:\/\/gmnsolarenergy.com\/en\/generateurs-solaires\/gmn-p110d-generateur-solaire-1200-w-960-wh\/","title":{"rendered":"GMN-P110D g\u00e9n\u00e9rateur solaire 1200 W 960 Wh"},"content":{"rendered":"<div data-elementor-type=\"wp-page\" data-elementor-id=\"1639\" class=\"elementor elementor-1639\">\n\t\t\t\t<div class=\"elementor-element elementor-element-01eacf6 e-flex e-con-boxed wpr-particle-no wpr-jarallax-no wpr-parallax-no wpr-sticky-section-no e-con e-parent\" data-id=\"01eacf6\" data-element_type=\"container\" data-settings=\"{&quot;background_background&quot;:&quot;classic&quot;}\">\n\t\t\t\t\t<div class=\"e-con-inner\">\n\t\t<div class=\"elementor-element elementor-element-bfae9bf e-con-full e-flex wpr-particle-no wpr-jarallax-no wpr-parallax-no wpr-sticky-section-no e-con e-child\" data-id=\"bfae9bf\" data-element_type=\"container\">\n\t\t\t\t<div class=\"elementor-element elementor-element-b0fdc61 elementor-widget elementor-widget-heading\" data-id=\"b0fdc61\" data-element_type=\"widget\" data-widget_type=\"heading.default\">\n\t\t\t\t<div class=\"elementor-widget-container\">\n\t\t\t\t\t<h2 class=\"elementor-heading-title elementor-size-default\">Solar generators<\/h2>\t\t\t\t<\/div>\n\t\t\t\t<\/div>\n\t\t\t\t<div class=\"elementor-element elementor-element-b1c9ed7 elementor-widget elementor-widget-text-editor\" data-id=\"b1c9ed7\" data-element_type=\"widget\" data-widget_type=\"text-editor.default\">\n\t\t\t\t<div class=\"elementor-widget-container\">\n\t\t\t\t\t\t\t\t\t<p>Choose the right solar generator for your daily needs<\/p>\t\t\t\t\t\t\t\t<\/div>\n\t\t\t\t<\/div>\n\t\t\t\t<\/div>\n\t\t\t\t\t<\/div>\n\t\t\t\t<\/div>\n\t\t\t\t<section class=\"elementor-section elementor-top-section elementor-element elementor-element-2a0d1db elementor-section-boxed elementor-section-height-default elementor-section-height-default wpr-particle-no wpr-jarallax-no wpr-parallax-no wpr-sticky-section-no\" data-id=\"2a0d1db\" data-element_type=\"section\">\n\t\t\t\t\t\t<div class=\"elementor-container elementor-column-gap-default\">\n\t\t\t\t\t<div class=\"elementor-column elementor-col-50 elementor-top-column elementor-element elementor-element-04f9232\" data-id=\"04f9232\" data-element_type=\"column\">\n\t\t\t<div class=\"elementor-widget-wrap elementor-element-populated\">\n\t\t\t\t\t\t<div class=\"elementor-element elementor-element-b672c33 elementor-widget elementor-widget-heading\" data-id=\"b672c33\" data-element_type=\"widget\" data-widget_type=\"heading.default\">\n\t\t\t\t<div class=\"elementor-widget-container\">\n\t\t\t\t\t<h3 class=\"elementor-heading-title elementor-size-default\">GMN- P110D solar generator | 1200W\/960Wh\n<\/h3>\t\t\t\t<\/div>\n\t\t\t\t<\/div>\n\t\t\t\t<div class=\"elementor-element elementor-element-bef84e1 elementor-widget elementor-widget-text-editor\" data-id=\"bef84e1\" data-element_type=\"widget\" data-widget_type=\"text-editor.default\">\n\t\t\t\t<div class=\"elementor-widget-container\">\n\t\t\t\t\t\t\t\t\t<p class=\"translation-block\">\u2022 Large capacity 960Wh and high output 1200W<br>\u2022 Peak surge power 2400W(10ms)<br>\u2022 Uses a long-life LiFePO4 battery, with integrated high-security battery management system (BMS)<br>\u2022 Fast full charge in 1.5 hours<br>\u2022 5 types of charging method (AC\/Solar\/Car\/AC+Solar\/Generator)<br>\u2022 full solar charge in 7 hours with a 200W solar panel.<br>\u2022 Powers up to 12 devices simultaneously<br>\u2022 Keep your home appliances fully charged during power failures and emergencies.<\/p>\t\t\t\t\t\t\t\t<\/div>\n\t\t\t\t<\/div>\n\t\t\t\t<div class=\"elementor-element elementor-element-f15f4df wpr-button-icon-style-inline wpr-button-icon-position-right elementor-widget elementor-widget-wpr-button\" data-id=\"f15f4df\" data-element_type=\"widget\" data-widget_type=\"wpr-button.default\">\n\t\t\t\t<div class=\"elementor-widget-container\">\n\t\t\t\t\t\t\n\t\t\t\n\t\t\n\t\t<div class=\"wpr-button-wrap elementor-clearfix\">\n\t\t<div class=\"wpr-button wpr-button-effect wpr-button-none\" data-text=\"\">\n\t\t\t\n\t\t\t<span class=\"wpr-button-content\">\n\t\t\t\t\t\t\t\t\t<span class=\"wpr-button-text\">Prix de vente : 610 000FCFA<\/span>\n\t\t\t\t\t\t\t\t\n\t\t\t\t\t\t\t<\/span>\n\t\t<\/div>\n\n\t\t\t\t<\/div>\n\t\n\t\n\t\t\t\t\t<\/div>\n\t\t\t\t<\/div>\n\t\t\t\t\t<\/div>\n\t\t<\/div>\n\t\t\t\t<div class=\"elementor-column elementor-col-50 elementor-top-column elementor-element elementor-element-ec5dff4\" data-id=\"ec5dff4\" data-element_type=\"column\">\n\t\t\t<div class=\"elementor-widget-wrap elementor-element-populated\">\n\t\t\t\t\t\t<div class=\"elementor-element elementor-element-d57d1f9 elementor-widget elementor-widget-image\" data-id=\"d57d1f9\" data-element_type=\"widget\" data-widget_type=\"image.default\">\n\t\t\t\t<div class=\"elementor-widget-container\">\n\t\t\t\t\t\t\t\t\t\t\t\t\t\t\t<img fetchpriority=\"high\" decoding=\"async\" width=\"400\" height=\"300\" src=\"https:\/\/gmnsolarenergy.com\/wp-content\/uploads\/2025\/05\/14_GMN-P110D-generateur-solaire-1200-W-960-Wh.webp\" class=\"attachment-large size-large wp-image-1526\" alt=\"\" srcset=\"https:\/\/gmnsolarenergy.com\/wp-content\/uploads\/2025\/05\/14_GMN-P110D-generateur-solaire-1200-W-960-Wh.webp 400w, https:\/\/gmnsolarenergy.com\/wp-content\/uploads\/2025\/05\/14_GMN-P110D-generateur-solaire-1200-W-960-Wh-300x225.webp 300w\" sizes=\"(max-width: 400px) 100vw, 400px\" \/>\t\t\t\t\t\t\t\t\t\t\t\t\t\t\t<\/div>\n\t\t\t\t<\/div>\n\t\t\t\t\t<\/div>\n\t\t<\/div>\n\t\t\t\t\t<\/div>\n\t\t<\/section>\n\t\t\t\t<\/div>","protected":false},"excerpt":{"rendered":"<p>G\u00e9n\u00e9rateurs solaires Choisissez le g\u00e9n\u00e9rateur solaire adapt\u00e9 \u00e0 vos besoins quotidiens GMN- P110D g\u00e9n\u00e9rateur solaire | 1200W\/960Wh \u2022 Grande capacit\u00e9 960Wh et haut rendement 1200W\u2022 Puissance de surtension de cr\u00eate 2400W(10ms)\u2022 Utilise une batterie LiFePO4 longue dur\u00e9e, avec syst\u00e8me de gestion de batterie (BMS) haute s\u00e9curit\u00e9 int\u00e9gr\u00e9e\u2022 La charge compl\u00e8te rapide en 1,5 heure\u2022 5 types de m\u00e9thodes de charge (AC\/Solaire\/Voiture\/AC+Solaire\/G\u00e9n\u00e9rateur)\u2022 charge solaire compl\u00e8te en 7heures avec un panneau solaire de 200W.\u2022 Alimente jusqu&rsquo;\u00e0 12 appareils simultan\u00e9ment\u2022 Gardez vos appareils domestiques compl\u00e8tement charg\u00e9s pendant les pannes de courant et les urgences. Prix de vente : 610 000FCFA<\/p>","protected":false},"author":1,"featured_media":0,"parent":1501,"menu_order":0,"comment_status":"closed","ping_status":"closed","template":"elementor_header_footer","meta":{"footnotes":""},"class_list":["post-1639","page","type-page","status-publish","hentry"],"blocksy_meta":[],"_links":{"self":[{"href":"https:\/\/gmnsolarenergy.com\/en\/wp-json\/wp\/v2\/pages\/1639","targetHints":{"allow":["GET"]}}],"collection":[{"href":"https:\/\/gmnsolarenergy.com\/en\/wp-json\/wp\/v2\/pages"}],"about":[{"href":"https:\/\/gmnsolarenergy.com\/en\/wp-json\/wp\/v2\/types\/page"}],"author":[{"embeddable":true,"href":"https:\/\/gmnsolarenergy.com\/en\/wp-json\/wp\/v2\/users\/1"}],"replies":[{"embeddable":true,"href":"https:\/\/gmnsolarenergy.com\/en\/wp-json\/wp\/v2\/comments?post=1639"}],"version-history":[{"count":7,"href":"https:\/\/gmnsolarenergy.com\/en\/wp-json\/wp\/v2\/pages\/1639\/revisions"}],"predecessor-version":[{"id":3089,"href":"https:\/\/gmnsolarenergy.com\/en\/wp-json\/wp\/v2\/pages\/1639\/revisions\/3089"}],"up":[{"embeddable":true,"href":"https:\/\/gmnsolarenergy.com\/en\/wp-json\/wp\/v2\/pages\/1501"}],"wp:attachment":[{"href":"https:\/\/gmnsolarenergy.com\/en\/wp-json\/wp\/v2\/media?parent=1639"}],"curies":[{"name":"wp","href":"https:\/\/api.w.org\/{rel}","templated":true}]}}