{"id":1604,"date":"2025-05-10T17:31:18","date_gmt":"2025-05-10T15:31:18","guid":{"rendered":"https:\/\/gmnsolarenergy.com\/?page_id=1604"},"modified":"2025-06-03T20:10:10","modified_gmt":"2025-06-03T18:10:10","slug":"jump-600x-generateur-solaire-600-w-299-wh","status":"publish","type":"page","link":"https:\/\/gmnsolarenergy.com\/en\/generateurs-solaires\/jump-600x-generateur-solaire-600-w-299-wh\/","title":{"rendered":"Jump 600X g\u00e9n\u00e9rateur solaire 600 W 299 Wh"},"content":{"rendered":"<div data-elementor-type=\"wp-page\" data-elementor-id=\"1604\" class=\"elementor elementor-1604\">\n\t\t\t\t<div class=\"elementor-element elementor-element-5a7f38b e-flex e-con-boxed wpr-particle-no wpr-jarallax-no wpr-parallax-no wpr-sticky-section-no e-con e-parent\" data-id=\"5a7f38b\" data-element_type=\"container\" data-settings=\"{&quot;background_background&quot;:&quot;classic&quot;}\">\n\t\t\t\t\t<div class=\"e-con-inner\">\n\t\t<div class=\"elementor-element elementor-element-4b8d7b5 e-con-full e-flex wpr-particle-no wpr-jarallax-no wpr-parallax-no wpr-sticky-section-no e-con e-child\" data-id=\"4b8d7b5\" data-element_type=\"container\">\n\t\t\t\t<div class=\"elementor-element elementor-element-e37ee7e elementor-widget elementor-widget-heading\" data-id=\"e37ee7e\" data-element_type=\"widget\" data-widget_type=\"heading.default\">\n\t\t\t\t<div class=\"elementor-widget-container\">\n\t\t\t\t\t<h2 class=\"elementor-heading-title elementor-size-default\">Solar generators<\/h2>\t\t\t\t<\/div>\n\t\t\t\t<\/div>\n\t\t\t\t<div class=\"elementor-element elementor-element-b779723 elementor-widget elementor-widget-text-editor\" data-id=\"b779723\" data-element_type=\"widget\" data-widget_type=\"text-editor.default\">\n\t\t\t\t<div class=\"elementor-widget-container\">\n\t\t\t\t\t\t\t\t\t<p>Choose the right solar generator for your daily needs<\/p>\t\t\t\t\t\t\t\t<\/div>\n\t\t\t\t<\/div>\n\t\t\t\t<\/div>\n\t\t\t\t\t<\/div>\n\t\t\t\t<\/div>\n\t\t\t\t<section class=\"elementor-section elementor-top-section elementor-element elementor-element-ad47be5 elementor-section-boxed elementor-section-height-default elementor-section-height-default wpr-particle-no wpr-jarallax-no wpr-parallax-no wpr-sticky-section-no\" data-id=\"ad47be5\" data-element_type=\"section\">\n\t\t\t\t\t\t<div class=\"elementor-container elementor-column-gap-default\">\n\t\t\t\t\t<div class=\"elementor-column elementor-col-50 elementor-top-column elementor-element elementor-element-640fc56\" data-id=\"640fc56\" data-element_type=\"column\">\n\t\t\t<div class=\"elementor-widget-wrap elementor-element-populated\">\n\t\t\t\t\t\t<div class=\"elementor-element elementor-element-f851326 elementor-widget elementor-widget-heading\" data-id=\"f851326\" data-element_type=\"widget\" data-widget_type=\"heading.default\">\n\t\t\t\t<div class=\"elementor-widget-container\">\n\t\t\t\t\t<h3 class=\"elementor-heading-title elementor-size-default\">Jump 600X solar generator | 600W\/299Wh<\/h3>\t\t\t\t<\/div>\n\t\t\t\t<\/div>\n\t\t\t\t<div class=\"elementor-element elementor-element-7764b7d elementor-widget elementor-widget-text-editor\" data-id=\"7764b7d\" data-element_type=\"widget\" data-widget_type=\"text-editor.default\">\n\t\t\t\t<div class=\"elementor-widget-container\">\n\t\t\t\t\t\t\t\t\t<p class=\"translation-block\">\u2022 High output power of 600 W and capacity of 299 Wh. The total instantaneous output is 1,200 W.<br>\u2022 With an additional 640 Wh battery, Jump 600X can be expanded to a capacity of 939 Wh.<br>\u2022 The SuperSafe LIFEBMS protection system offers multiple battery protection. And the LiFePO4 battery is much safer.<br>\u2022 It features 1 PD 60 W Type-C output port and 3 USB-A ports (including QC3.0 fast charging), ideal for powering your electrical devices such as smartphones, tablets and laptops. It also supports direct charging, so you can power your device while it's charging.<br>\u2022 Solar charging with 100 W solar panel; fully charged in 3.5 hours.<\/p>\t\t\t\t\t\t\t\t<\/div>\n\t\t\t\t<\/div>\n\t\t\t\t<div class=\"elementor-element elementor-element-113efb3 wpr-button-icon-style-inline wpr-button-icon-position-right elementor-widget elementor-widget-wpr-button\" data-id=\"113efb3\" data-element_type=\"widget\" data-widget_type=\"wpr-button.default\">\n\t\t\t\t<div class=\"elementor-widget-container\">\n\t\t\t\t\t\t\n\t\t\t\n\t\t\n\t\t<div class=\"wpr-button-wrap elementor-clearfix\">\n\t\t<div class=\"wpr-button wpr-button-effect wpr-button-none\" data-text=\"\">\n\t\t\t\n\t\t\t<span class=\"wpr-button-content\">\n\t\t\t\t\t\t\t\t\t<span class=\"wpr-button-text\">Prix de vente : 310 000FCFA<\/span>\n\t\t\t\t\t\t\t\t\n\t\t\t\t\t\t\t<\/span>\n\t\t<\/div>\n\n\t\t\t\t<\/div>\n\t\n\t\n\t\t\t\t\t<\/div>\n\t\t\t\t<\/div>\n\t\t\t\t\t<\/div>\n\t\t<\/div>\n\t\t\t\t<div class=\"elementor-column elementor-col-50 elementor-top-column elementor-element elementor-element-b00ba7a\" data-id=\"b00ba7a\" data-element_type=\"column\">\n\t\t\t<div class=\"elementor-widget-wrap elementor-element-populated\">\n\t\t\t\t\t\t<div class=\"elementor-element elementor-element-beac503 elementor-widget elementor-widget-image\" data-id=\"beac503\" data-element_type=\"widget\" data-widget_type=\"image.default\">\n\t\t\t\t<div class=\"elementor-widget-container\">\n\t\t\t\t\t\t\t\t\t\t\t\t\t\t\t<img fetchpriority=\"high\" decoding=\"async\" width=\"400\" height=\"301\" src=\"https:\/\/gmnsolarenergy.com\/wp-content\/uploads\/2025\/05\/6_Jump-600X-generateur-solaire-600-W-299-Wh.webp\" class=\"attachment-large size-large wp-image-1519\" alt=\"Jump 600X g\u00e9n\u00e9rateur solaire 600 W 299 Wh\" srcset=\"https:\/\/gmnsolarenergy.com\/wp-content\/uploads\/2025\/05\/6_Jump-600X-generateur-solaire-600-W-299-Wh.webp 400w, https:\/\/gmnsolarenergy.com\/wp-content\/uploads\/2025\/05\/6_Jump-600X-generateur-solaire-600-W-299-Wh-300x226.webp 300w\" sizes=\"(max-width: 400px) 100vw, 400px\" \/>\t\t\t\t\t\t\t\t\t\t\t\t\t\t\t<\/div>\n\t\t\t\t<\/div>\n\t\t\t\t\t<\/div>\n\t\t<\/div>\n\t\t\t\t\t<\/div>\n\t\t<\/section>\n\t\t\t\t<\/div>","protected":false},"excerpt":{"rendered":"<p>G\u00e9n\u00e9rateurs solaires Choisissez le g\u00e9n\u00e9rateur solaire adapt\u00e9 \u00e0 vos besoins quotidiens Jump 600X g\u00e9n\u00e9rateur solaire | 600W\/299Wh \u2022 puissance de sortie \u00e9lev\u00e9e de 600 W et capacit\u00e9 de 299 Wh. Lapuissance instantan\u00e9e totale s&rsquo;\u00e9l\u00e8ve \u00e0 1 200 W.\u2022 Gr\u00e2ce \u00e0 une batterie suppl\u00e9mentaire de 640 Wh, le Jump600X est extensible jusqu&rsquo;\u00e0 une capacit\u00e9 de 939 Wh.\u2022 le syst\u00e8me de protection SuperSafe LIFEBMS offre uneprotection multiple pour la batterie. Et la batterie LiFePO4 estbeaucoup plus s\u00fbre .\u2022 Il est \u00e9quip\u00e9 de 1 port de sortie PD 60 W Type-C et de 3 portsUSB-A (charge rapide QC3.0 incluse), id\u00e9al pour alimenter vosappareils \u00e9lectriques tels que les smartphones, tablettes et ordinateurs portables. Il prend \u00e9galement en charge le chargement direct, qui permet d&rsquo;alimenter votre appareil pendant le chargement.\u2022 Chargement solaire avec panneau solaire de 100 W; charge compl\u00e8te en 3,5 heures. Prix de vente : 310 000FCFA<\/p>","protected":false},"author":1,"featured_media":0,"parent":1501,"menu_order":0,"comment_status":"closed","ping_status":"closed","template":"elementor_header_footer","meta":{"footnotes":""},"class_list":["post-1604","page","type-page","status-publish","hentry"],"blocksy_meta":[],"_links":{"self":[{"href":"https:\/\/gmnsolarenergy.com\/en\/wp-json\/wp\/v2\/pages\/1604","targetHints":{"allow":["GET"]}}],"collection":[{"href":"https:\/\/gmnsolarenergy.com\/en\/wp-json\/wp\/v2\/pages"}],"about":[{"href":"https:\/\/gmnsolarenergy.com\/en\/wp-json\/wp\/v2\/types\/page"}],"author":[{"embeddable":true,"href":"https:\/\/gmnsolarenergy.com\/en\/wp-json\/wp\/v2\/users\/1"}],"replies":[{"embeddable":true,"href":"https:\/\/gmnsolarenergy.com\/en\/wp-json\/wp\/v2\/comments?post=1604"}],"version-history":[{"count":7,"href":"https:\/\/gmnsolarenergy.com\/en\/wp-json\/wp\/v2\/pages\/1604\/revisions"}],"predecessor-version":[{"id":3050,"href":"https:\/\/gmnsolarenergy.com\/en\/wp-json\/wp\/v2\/pages\/1604\/revisions\/3050"}],"up":[{"embeddable":true,"href":"https:\/\/gmnsolarenergy.com\/en\/wp-json\/wp\/v2\/pages\/1501"}],"wp:attachment":[{"href":"https:\/\/gmnsolarenergy.com\/en\/wp-json\/wp\/v2\/media?parent=1604"}],"curies":[{"name":"wp","href":"https:\/\/api.w.org\/{rel}","templated":true}]}}